{"id":15409,"date":"2018-05-30T07:56:00","date_gmt":"2018-05-30T05:56:00","guid":{"rendered":"http:\/\/univet.hu\/egyetem\/barati-kor\/hosok-napja\/"},"modified":"2024-07-31T09:13:27","modified_gmt":"2024-07-31T07:13:27","slug":"hosok-napja","status":"publish","type":"page","link":"https:\/\/univet.hu\/hu\/egyetem\/barati-kor\/hosok-napja\/","title":{"rendered":"Magyar H\u0151s\u00f6k Eml\u00e9k\u00fcnnepe"},"content":{"rendered":"<p>Az 1924. \u00e9vi XIV. t\u00f6rv\u00e9nycikk az 1914\/1918. \u00e9vi vil\u00e1gh\u00e1bor\u00fa h\u0151si halottai eml\u00e9k\u00e9nek meg\u00fcnnepl\u00e9s\u00e9r\u0151l rendelkezett, s ennek szellem\u00e9ben k\u00e9sz\u00fclt karunk mai K\u00f6zponti K\u00f6nyvt\u00e1r\u00e1nak fal\u00e1n a h\u00e1bor\u00faban elesett \u00e1llatorvosok \u00e9s \u00e1llatorvostan-hallgat\u00f3k nev\u00e9t meg\u00f6r\u00f6k\u00edt\u0151 eml\u00e9kt\u00e1bla 1926-ban. A 2. vil\u00e1gh\u00e1bor\u00fat k\u00f6vet\u0151 \u00e9vekben a fenti t\u00f6rv\u00e9ny hat\u00e1ly\u00e1t ugyan nem vesz\u00edtette, de elhallgatt\u00e1k. Az \u00e1llatorvosok \u2013 f\u0151leg \u2013 id\u0151sebb koroszt\u00e1lya r\u00e9gen hi\u00e1nyolta a 2. vil\u00e1gh\u00e1bor\u00fa \u00e1ldozatair\u00f3l val\u00f3 int\u00e9zm\u00e9nyes megeml\u00e9kez\u00e9st. A Bar\u00e1ti K\u00f6r tett erre vonatkoz\u00f3 nemes kezdem\u00e9nyez\u00e9st, s ezt az \u00c1llatorvos-tudom\u00e1nyi Egyetem tan\u00e1csa mag\u00e1\u00e9v\u00e1 tette. Marosits Istv\u00e1n Munk\u00e1csy-d\u00edjas szobr\u00e1szm\u0171v\u00e9sz int\u00e9zm\u00e9nyi \u00e9s egy\u00e9ni adakoz\u00e1sb\u00f3l megalkotta az 1939 \u00e9s 1956 k\u00f6z\u00f6tt \u00e9let\u00fcket vesz\u00edtett \u00e1llatorvosok \u00e9s \u00e1llatorvostan-hallgat\u00f3k nev\u00e9t \u00e9s a k\u00f6vetkez\u0151 feliratot tartalmaz\u00f3 eml\u00e9km\u0171vet:<\/p> <p><em>&#8222;In memoriam martyrum veterinariorum discipulorumque MCMXXXIX \u2013 MCMLVI&#8221;.<\/em><\/p> <p>Ezt a Gy\u00f3gyszertani \u00e9s M\u00e9regtani Tansz\u00e9k fal\u00e1ra \u00e9p\u00edtett eml\u00e9kt\u00e1bl\u00e1t \u2013 a hazai fels\u0151oktat\u00e1si int\u00e9zm\u00e9nyek k\u00f6z\u00f6tt els\u0151 ilyen c\u00e9l\u00fa m\u0171alkot\u00e1st \u2013 Dr. Kov\u00e1cs Ferenc rektor 1990. m\u00e1jus 9-\u00e9n avatta fel. A Magyar K\u00f6zt\u00e1rsas\u00e1g Orsz\u00e1ggy\u0171l\u00e9se a magyar nemzet soha el nem m\u00fal\u00f3 h\u00e1l\u00e1ja jel\u00e9\u00fcl, a ma \u00e9l\u0151 \u00e9s j\u00f6v\u0151 nemzed\u00e9kek okul\u00e1s\u00e1ra, a h\u0151s\u00f6k dics\u0151s\u00e9g\u00e9re 2001. \u00e9vi LXIII. t\u00f6rv\u00e9nyben az \u00e9vezred magyar h\u0151seire val\u00f3 tisztelet \u00e9s kegyeletteljes eml\u00e9kez\u00e9s napj\u00e1v\u00e1, a Magyar H\u0151s\u00f6k Eml\u00e9k\u00fcnnep\u00e9v\u00e9 nyilv\u00e1n\u00edtotta ism\u00e9t m\u00e1jus utols\u00f3 vas\u00e1rnapj\u00e1t. A Bar\u00e1ti K\u00f6r ennek szellem\u00e9ben tartja meg \u00e9venk\u00e9nti koszor\u00faz\u00e1si \u00fcnneps\u00e9g\u00e9t a fenti 2 eml\u00e9km\u0171 helysz\u00edn\u00e9n t\u00fal az 1956-ban \u00e9let\u00e9t vesztett Tatay Zolt\u00e1n \u00e1llatorvostan-hallgat\u00f3nak a K\u00e9miai Tansz\u00e9k fal\u00e1n 2006-ban elhelyezett, valamint a K\u00f6zponti K\u00f6nyvt\u00e1r fal\u00e1n az 1944-ben nyugatra telep\u00edtett \u00e1llatorvosi egyetemi tansz\u00e1zad \u00e9s a M. kir.-i \u00d6n\u00e1ll\u00f3 Egyetemi Rohamz\u00e1szl\u00f3alj tagjak\u00e9nt harcol\u00f3 \u00e9s v\u00e9rz\u0151 \u00e1llatorvostan-hallgat\u00f3k 2005-ben l\u00e9tes\u00edtett eml\u00e9kt\u00e1bl\u00e1j\u00e1n\u00e1l.<\/p> <p>A Tatay Zolt\u00e1n-eml\u00e9k\u00e9rem alap\u00edt\u00f3level\u00e9nek r\u00e9szlete:<\/p> <p>&#8222;Az eml\u00e9k\u00e9rmet minden \u00e9vben egy alkalommal, a karunk H\u0151s\u00f6k Napi koszor\u00faz\u00e1si \u00fcnneps\u00e9ge alkalm\u00e1val veheti \u00e1t egy (kiv\u00e9teles esetben k\u00e9t) \u00e1llatorvos, esetleg szigorl\u00f3 \u00e1llatorvostan-hallgat\u00f3, akit erre az oda\u00edt\u00e9l\u0151 bizotts\u00e1g m\u00e9lt\u00f3nak tart a szakmai tev\u00e9kenys\u00e9g, a patri\u00f3ta magatart\u00e1s, az 56-os forradalom eszmeis\u00e9g\u00e9nek tisztelete, a k\u00f6z\u00f6ss\u00e9g\u00e9rt \u00f6nzetlen\u00fcl v\u00e9gzett munka \u00e9s az erk\u00f6lcsileg kifog\u00e1stalan \u00e9letvitel alapj\u00e1n. A kit\u00fcntet\u00e9ssel p\u00e9nzjutalom nem j\u00e1r.<\/p> <p>\u00cdr\u00e1sos felterjeszt\u00e9st kisebb-nagyobb k\u00f6z\u00f6ss\u00e9g vagy int\u00e9zm\u00e9ny (pl. Bar\u00e1ti K\u00f6r, egy\u00e9n, \u00e9vfolyam-k\u00f6z\u00f6ss\u00e9g, hallgat\u00f3i \u00f6nkorm\u00e1nyzat, M\u00c1OK, M\u00c1VSZ, megyei igazgat\u00f3s\u00e1g, MO\u00c1E stb.) ny\u00fajthat be. A jel\u00f6ltre vonatkoz\u00f3 javaslatot minden \u00e9vben m\u00e1rcius 31-ig kell a SZIE \u00c1OTK BK eln\u00f6ke c\u00edm\u00e9re (1078 Istv\u00e1n u. 2.) eljuttatni. Az elb\u00edr\u00e1l\u00e1sban az \u00e1llat-eg\u00e9szs\u00e9g\u00fcgyi szolg\u00e1lat vezet\u0151je, a BK eln\u00f6ke, a hallgat\u00f3i \u00f6nkorm\u00e1nyzat eln\u00f6ke, karunk d\u00e9k\u00e1nja, a Magyar \u00c1llatorvosi Kamara eln\u00f6ke megh\u00edv\u00e1s alapj\u00e1n vesz r\u00e9szt.&#8221;<\/p> <p>A\u00a0Kamarai \u00c1llatorvos\u00a0besz\u00e1mol\u00f3ja a megeml\u00e9kez\u00e9sr\u0151l \u00e9s a Tatay Zolt\u00e1n Eml\u00e9k\u00e9rem \u00e1tad\u00e1s\u00e1r\u00f3l:<\/p> <blockquote><p><a href=\"https:\/\/univet.hu\/files\/subpages\/163\/files\/Hosok_Napja_2011.pdf\" data-replaced=\"true\">2011<\/a>\u00a0&#8211;\u00a0<a href=\"https:\/\/univet.hu\/files\/subpages\/163\/files\/Hosok_Napja_2012.pdf\" data-replaced=\"true\">2012<\/a>\u00a0&#8211;\u00a0<a href=\"https:\/\/univet.hu\/files\/subpages\/163\/files\/Hosok_Napja_2013.pdf\" data-replaced=\"true\">2013<\/a>\u00a0&#8211;\u00a0<a href=\"https:\/\/univet.hu\/wp-content\/uploads\/2019\/06\/BK2014.pdf\" target=\"_blank\" rel=\"noopener\" data-replaced=\"true\">2014\u00a0<\/a>&#8211;\u00a0<a href=\"https:\/\/univet.hu\/wp-content\/uploads\/2019\/08\/Czabarka-J\u00e1nos-2015.pdf\" target=\"_blank\" rel=\"noopener\">2015<\/a>\u00a0&#8211; <a href=\"https:\/\/univet.hu\/wp-content\/uploads\/2019\/06\/Guly\u00e1s2016.pdf\" target=\"_blank\" rel=\"noopener\" data-replaced=\"true\">2016 <\/a>&#8211; <a href=\"https:\/\/univet.hu\/wp-content\/uploads\/2019\/06\/Somogyi2017.pdf\" target=\"_blank\" rel=\"noopener\" data-replaced=\"true\">2017\u00a0<\/a>&#8211; <a href=\"https:\/\/univet.hu\/wp-content\/uploads\/2019\/06\/Maty\u00f32018.pdf\" target=\"_blank\" rel=\"noopener\" data-replaced=\"true\">2018<\/a> &#8211; <a href=\"https:\/\/univet.hu\/wp-content\/uploads\/2019\/06\/SzieberthP-1.pdf\" target=\"_blank\" rel=\"noopener\" data-replaced=\"true\">2019 <\/a>\u00a0&#8211;\u00a0<a href=\"https:\/\/univet.hu\/wp-content\/uploads\/2021\/10\/S\u00f3tonyi-P\u00e9ter-Bar\u00e1ti-k\u00f6r.pdf\">2021<\/a>\u00a0&#8211;\u00a0<a href=\"https:\/\/univet.hu\/en\/egyetem\/barati-kor\/hosok-napja\/maa-barati-kor\/\" rel=\"attachment wp-att-75688\">2022<\/a>\u00a0&#8211;\u00a0<a href=\"https:\/\/univet.hu\/en\/egyetem\/barati-kor\/hosok-napja\/tatay-zoltan_emlekeremperenyi\/\" target=\"_blank\" rel=\"attachment noopener wp-att-94646\">2023<\/a>\u00a0&#8211;\u00a0<a href=\"https:\/\/univet.hu\/wp-content\/uploads\/2024\/07\/Tatay-Zolta\u0301n_eml\u00e9k\u00e9remBodn\u00e1r-B.2024.pdf\" target=\"_blank\" rel=\"noopener\">2024<\/a><\/p><\/blockquote>","protected":false},"excerpt":{"rendered":"<p>Az 1924. \u00e9vi XIV. t\u00f6rv\u00e9nycikk az 1914\/1918. \u00e9vi vil\u00e1gh\u00e1bor\u00fa h\u0151si halottai eml\u00e9k\u00e9nek meg\u00fcnnepl\u00e9s\u00e9r\u0151l rendelkezett, s ennek szellem\u00e9ben k\u00e9sz\u00fclt karunk mai K\u00f6zponti K\u00f6nyvt\u00e1r\u00e1nak fal\u00e1n a h\u00e1bor\u00faban elesett \u00e1llatorvosok \u00e9s \u00e1llatorvostan-hallgat\u00f3k nev\u00e9t meg\u00f6r\u00f6k\u00edt\u0151 eml\u00e9kt\u00e1bla 1926-ban. A 2. vil\u00e1gh\u00e1bor\u00fat k\u00f6vet\u0151 \u00e9vekben a fenti t\u00f6rv\u00e9ny hat\u00e1ly\u00e1t ugyan nem vesz\u00edtette, de elhallgatt\u00e1k. Az \u00e1llatorvosok \u2013 f\u0151leg \u2013 id\u0151sebb koroszt\u00e1lya r\u00e9gen<\/p>\n","protected":false},"author":1,"featured_media":0,"parent":15401,"menu_order":133,"comment_status":"closed","ping_status":"closed","template":"","meta":{"_acf_changed":false,"footnotes":""},"categories":[],"tags":[],"class_list":["post-15409","page","type-page","status-publish","hentry"],"acf":[],"_links":{"self":[{"href":"https:\/\/univet.hu\/hu\/wp-json\/wp\/v2\/pages\/15409","targetHints":{"allow":["GET"]}}],"collection":[{"href":"https:\/\/univet.hu\/hu\/wp-json\/wp\/v2\/pages"}],"about":[{"href":"https:\/\/univet.hu\/hu\/wp-json\/wp\/v2\/types\/page"}],"author":[{"embeddable":true,"href":"https:\/\/univet.hu\/hu\/wp-json\/wp\/v2\/users\/1"}],"replies":[{"embeddable":true,"href":"https:\/\/univet.hu\/hu\/wp-json\/wp\/v2\/comments?post=15409"}],"version-history":[{"count":0,"href":"https:\/\/univet.hu\/hu\/wp-json\/wp\/v2\/pages\/15409\/revisions"}],"up":[{"embeddable":true,"href":"https:\/\/univet.hu\/hu\/wp-json\/wp\/v2\/pages\/15401"}],"wp:attachment":[{"href":"https:\/\/univet.hu\/hu\/wp-json\/wp\/v2\/media?parent=15409"}],"wp:term":[{"taxonomy":"category","embeddable":true,"href":"https:\/\/univet.hu\/hu\/wp-json\/wp\/v2\/categories?post=15409"},{"taxonomy":"post_tag","embeddable":true,"href":"https:\/\/univet.hu\/hu\/wp-json\/wp\/v2\/tags?post=15409"}],"curies":[{"name":"wp","href":"https:\/\/api.w.org\/{rel}","templated":true}]}}