{"id":1563,"date":"2018-03-21T12:01:29","date_gmt":"2018-03-21T11:01:29","guid":{"rendered":"http:\/\/univet.hu\/egyetem\/konyvtar\/kapcsolat\/"},"modified":"2018-03-21T15:09:00","modified_gmt":"2018-03-21T14:09:00","slug":"kapcsolat","status":"publish","type":"page","link":"https:\/\/univet.hu\/hu\/egyetem\/konyvtar\/info\/kapcsolat\/","title":{"rendered":"Kapcsolat"},"content":{"rendered":"<br \/> <h3><\/h3> <h3>Hut\u00ffra Ferenc\u00a0K\u00f6nyvt\u00e1r, Lev\u00e9lt\u00e1r \u00e9s M\u00fazeum<img loading=\"lazy\" decoding=\"async\" class=\"alignright size-full wp-image-668\" src=\"http:\/\/libtest.univet.hu\/wp-content\/uploads\/2017\/08\/cropped-logo_univet.png\" data-replaced=\"true\" alt=\"\" width=\"240\" height=\"240\" srcset=\"http:\/\/konyvtar.univet.hu\/wp-content\/uploads\/2017\/08\/cropped-logo_univet.png 240w, http:\/\/konyvtar.univet.hu\/wp-content\/uploads\/2017\/08\/cropped-logo_univet-150x150.png 150w, http:\/\/konyvtar.univet.hu\/wp-content\/uploads\/2017\/08\/cropped-logo_univet-100x100.png 100w\" sizes=\"auto, (max-width: 240px) 100vw, 240px\" \/><\/h3> <p>\u00c1llatorvostudom\u00e1nyi\u00a0Egyetem<\/p> <p><strong>C\u00edm:<\/strong> 1078 Budapest, Istv\u00e1n u. 2.<\/p> <p><strong>Telefon:<\/strong> +36 1 478 4226<\/p> <p><strong>Fax:<\/strong> +36 1 478 4227<\/p> <p><strong>E-mail:<\/strong>\u00a0<span id=\"cloake1a60f48c87bf7f600dd8eae7f92bd74\"><\/span><a class=\"decrypt\" rel=\"mjcsbszAvojwfu\/iv\" href=\"javascript:void(0);\">[Kattintson az emailc\u00edmhez]<\/a><\/p> <p><strong>K\u00f6nyvt\u00e1rk\u00f6zi k\u00f6lcs\u00f6nz\u00e9s:<\/strong> +36 1 478 4259<\/p> <p><strong>Olvas\u00f3terem:<\/strong> +36 1 478 4228<\/p>","protected":false},"excerpt":{"rendered":"<p>Hut\u00ffra Ferenc\u00a0K\u00f6nyvt\u00e1r, Lev\u00e9lt\u00e1r \u00e9s M\u00fazeum \u00c1llatorvostudom\u00e1nyi\u00a0Egyetem C\u00edm: 1078 Budapest, Istv\u00e1n u. 2. Telefon: +36 1 478 4226 Fax: +36 1 478 4227 E-mail:\u00a0[Kattintson az emailc\u00edmhez] K\u00f6nyvt\u00e1rk\u00f6zi k\u00f6lcs\u00f6nz\u00e9s: +36 1 478 4259 Olvas\u00f3terem: +36 1 478 4228<\/p>\n","protected":false},"author":1,"featured_media":0,"parent":1686,"menu_order":222,"comment_status":"closed","ping_status":"closed","template":"","meta":{"_acf_changed":false,"footnotes":""},"categories":[],"tags":[],"class_list":["post-1563","page","type-page","status-publish","hentry"],"acf":[],"_links":{"self":[{"href":"https:\/\/univet.hu\/hu\/wp-json\/wp\/v2\/pages\/1563","targetHints":{"allow":["GET"]}}],"collection":[{"href":"https:\/\/univet.hu\/hu\/wp-json\/wp\/v2\/pages"}],"about":[{"href":"https:\/\/univet.hu\/hu\/wp-json\/wp\/v2\/types\/page"}],"author":[{"embeddable":true,"href":"https:\/\/univet.hu\/hu\/wp-json\/wp\/v2\/users\/1"}],"replies":[{"embeddable":true,"href":"https:\/\/univet.hu\/hu\/wp-json\/wp\/v2\/comments?post=1563"}],"version-history":[{"count":0,"href":"https:\/\/univet.hu\/hu\/wp-json\/wp\/v2\/pages\/1563\/revisions"}],"up":[{"embeddable":true,"href":"https:\/\/univet.hu\/hu\/wp-json\/wp\/v2\/pages\/1686"}],"wp:attachment":[{"href":"https:\/\/univet.hu\/hu\/wp-json\/wp\/v2\/media?parent=1563"}],"wp:term":[{"taxonomy":"category","embeddable":true,"href":"https:\/\/univet.hu\/hu\/wp-json\/wp\/v2\/categories?post=1563"},{"taxonomy":"post_tag","embeddable":true,"href":"https:\/\/univet.hu\/hu\/wp-json\/wp\/v2\/tags?post=1563"}],"curies":[{"name":"wp","href":"https:\/\/api.w.org\/{rel}","templated":true}]}}