{"id":1565,"date":"2018-03-21T12:01:58","date_gmt":"2018-03-21T11:01:31","guid":{"rendered":"http:\/\/univet.hu\/egyetem\/konyvtar\/nyitva-tartas-2\/"},"modified":"2018-03-21T15:09:17","modified_gmt":"2018-03-21T14:09:17","slug":"nyitva-tartas","status":"publish","type":"page","link":"https:\/\/univet.hu\/hu\/egyetem\/konyvtar\/info\/nyitva-tartas\/","title":{"rendered":"Nyitva tart\u00e1s"},"content":{"rendered":"<p>&nbsp;<\/p> <h3><img loading=\"lazy\" decoding=\"async\" class=\"wp-image-485 alignright\" src=\"http:\/\/libtest.univet.hu\/wp-content\/uploads\/2017\/08\/knowledge-1052014_640.jpg\" data-replaced=\"true\" sizes=\"auto, (max-width: 398px) 100vw, 398px\" srcset=\"http:\/\/konyvtar.univet.hu\/wp-content\/uploads\/2017\/08\/knowledge-1052014_640.jpg 640w, http:\/\/konyvtar.univet.hu\/wp-content\/uploads\/2017\/08\/knowledge-1052014_640-300x225.jpg 300w\" alt=\"\" width=\"398\" height=\"299\" \/>2018 tavaszi f\u00e9l\u00e9vben a k\u00f6nyvt\u00e1r z\u00e1rva tart az al\u00e1bbi id\u0151pontokban:<\/h3> <ul> <li>M\u00e1rcius 15. nemzeti \u00fcnnep \u2013 m\u00e1rcius 15-\u00e9n \u00e9s 16-\u00e1n<\/li> <li>Nagyp\u00e9ntek \u2013 m\u00e1rcius 30.<\/li> <li>H\u00fasv\u00e9t h\u00e9tf\u0151 \u2013 \u00e1prilis 1.<\/li> <li>A munka \u00fcnnepe \u2013 \u00e1prilis 30. \u00e9s m\u00e1jus 1.<\/li> <li>P\u00fcnk\u00f6sd h\u00e9tf\u0151 \u2013 m\u00e1jus 21.<\/li> <\/ul> <p style=\"text-align: right;\">Meg\u00e9rt\u00e9s\u00fcket k\u00f6sz\u00f6nj\u00fck<\/p> <p style=\"text-align: right;\">A K\u00f6nyvt\u00e1r munkat\u00e1rsai<\/p> <h3>2017\/2018-as tan\u00e9v 2. f\u00e9l\u00e9v:<\/h3> <h3>K\u00f6nyvt\u00e1r \u2013 \u201cD\u201d \u00e9p\u00fclet<\/h3> <p><strong>AZ OLVAS\u00d3TEREM<\/strong><\/p> <ul> <li>H\u00e9tf\u0151: 8.30 \u2013 18.00 \u00f3r\u00e1ig<\/li> <li>Kedd: 8.30 \u2013 18.00 \u00f3r\u00e1ig<\/li> <li>Szerda: 8.30 \u2013 18.00 \u00f3r\u00e1ig<\/li> <li>Cs\u00fct\u00f6rt\u00f6k: 8.30 \u2013 20.00 \u00f3r\u00e1ig<\/li> <li>P\u00e9ntek: 9.00 \u2013 17.00 \u00f3r\u00e1ig<\/li> <\/ul> <p><strong>A K\u00d6NYVT\u00c1R \u00c9P\u00dcLETE\u00a0<\/strong><\/p> <ul> <li>H\u00e9tf\u0151: 8.00 \u2013 18.00 \u00f3r\u00e1ig<\/li> <li>Kedd: 8.00 \u2013 18.00 \u00f3r\u00e1ig<\/li> <li>Szerda: 8.00 \u2013 18.00 \u00f3r\u00e1ig<\/li> <li>Cs\u00fct\u00f6rt\u00f6k: 8.00 \u2013 20.00 \u00f3r\u00e1ig<\/li> <li>P\u00e9ntek: 8.00 \u2013 17.00 \u00f3r\u00e1ig<\/li> <\/ul> <h3>N\u00e1daskay B\u00e9la tanul\u00f3szoba \u2013 \u201cN\u201d \u00e9p\u00fclet fsz.<\/h3> <ul> <li>H\u00e9tf\u0151: 7.00 \u2013 21.00 \u00f3r\u00e1ig<\/li> <li>Kedd: 7.00 \u2013 21.00 \u00f3r\u00e1ig<\/li> <li>Szerda: 7.00 \u2013 21.00 \u00f3r\u00e1ig<\/li> <li>Cs\u00fct\u00f6rt\u00f6k: 7.00 \u2013 21.00 \u00f3r\u00e1ig<\/li> <li>P\u00e9ntek: 7.00 \u2013 21.00 \u00f3r\u00e1ig<\/li> <li>Szombat: 7.00 \u2013 17.00 \u00f3r\u00e1ig<\/li> <\/ul> <p>&nbsp;<\/p>","protected":false},"excerpt":{"rendered":"<p>&nbsp; 2018 tavaszi f\u00e9l\u00e9vben a k\u00f6nyvt\u00e1r z\u00e1rva tart az al\u00e1bbi id\u0151pontokban: M\u00e1rcius 15. nemzeti \u00fcnnep \u2013 m\u00e1rcius 15-\u00e9n \u00e9s 16-\u00e1n Nagyp\u00e9ntek \u2013 m\u00e1rcius 30. H\u00fasv\u00e9t h\u00e9tf\u0151 \u2013 \u00e1prilis 1. A munka \u00fcnnepe \u2013 \u00e1prilis 30. \u00e9s m\u00e1jus 1. P\u00fcnk\u00f6sd h\u00e9tf\u0151 \u2013 m\u00e1jus 21. Meg\u00e9rt\u00e9s\u00fcket k\u00f6sz\u00f6nj\u00fck A K\u00f6nyvt\u00e1r munkat\u00e1rsai 2017\/2018-as tan\u00e9v 2. f\u00e9l\u00e9v: K\u00f6nyvt\u00e1r \u2013 \u201cD\u201d<\/p>\n","protected":false},"author":1,"featured_media":0,"parent":1686,"menu_order":223,"comment_status":"closed","ping_status":"closed","template":"","meta":{"_acf_changed":false,"footnotes":""},"categories":[],"tags":[],"class_list":["post-1565","page","type-page","status-publish","hentry"],"acf":[],"_links":{"self":[{"href":"https:\/\/univet.hu\/hu\/wp-json\/wp\/v2\/pages\/1565","targetHints":{"allow":["GET"]}}],"collection":[{"href":"https:\/\/univet.hu\/hu\/wp-json\/wp\/v2\/pages"}],"about":[{"href":"https:\/\/univet.hu\/hu\/wp-json\/wp\/v2\/types\/page"}],"author":[{"embeddable":true,"href":"https:\/\/univet.hu\/hu\/wp-json\/wp\/v2\/users\/1"}],"replies":[{"embeddable":true,"href":"https:\/\/univet.hu\/hu\/wp-json\/wp\/v2\/comments?post=1565"}],"version-history":[{"count":0,"href":"https:\/\/univet.hu\/hu\/wp-json\/wp\/v2\/pages\/1565\/revisions"}],"up":[{"embeddable":true,"href":"https:\/\/univet.hu\/hu\/wp-json\/wp\/v2\/pages\/1686"}],"wp:attachment":[{"href":"https:\/\/univet.hu\/hu\/wp-json\/wp\/v2\/media?parent=1565"}],"wp:term":[{"taxonomy":"category","embeddable":true,"href":"https:\/\/univet.hu\/hu\/wp-json\/wp\/v2\/categories?post=1565"},{"taxonomy":"post_tag","embeddable":true,"href":"https:\/\/univet.hu\/hu\/wp-json\/wp\/v2\/tags?post=1565"}],"curies":[{"name":"wp","href":"https:\/\/api.w.org\/{rel}","templated":true}]}}