{"id":1567,"date":"2018-03-21T12:01:34","date_gmt":"2018-03-21T11:01:34","guid":{"rendered":"http:\/\/univet.hu\/egyetem\/konyvtar\/munkatarsak\/"},"modified":"2018-03-21T15:10:50","modified_gmt":"2018-03-21T14:10:50","slug":"munkatarsak","status":"publish","type":"page","link":"https:\/\/univet.hu\/hu\/egyetem\/konyvtar\/info\/munkatarsak\/","title":{"rendered":"Munkat\u00e1rsak"},"content":{"rendered":"<p><strong>Winkler Bea<\/strong> &#8211; k\u00f6nyvt\u00e1rigazgat\u00f3<br \/> E-mail: winkler.bea(kukac)univet.hu<br \/> Tel.: +36-1-478-4226<\/p> <div> <p><strong>Boz\u00f3 Bence &#8211;\u00a0<\/strong>lev\u00e9lt\u00e1ros<br \/> E-mail: bozo.bence(kukac)univet.hu<br \/> Tel.: +36-1-478-4226\/8804<\/p> <div> <p><strong>Bik\u00e1di Katalin &#8211;\u00a0<\/strong>k\u00f6nyvt\u00e1ros, helyettes int\u00e9zm\u00e9nyi MTMT adminisztr\u00e1tor<br \/> E-mail: bikadi.katalin(kukac)univet.hu<br \/> Tel.: +36-1-478-4226\/8808<\/p> <div> <p><strong>Kiss J\u00f3zsefn\u00e9 Ol\u00e1h Edit &#8211;\u00a0<\/strong>k\u00f6nyvt\u00e1ros, szakinform\u00e1tor, k\u00f6nyvt\u00e1rk\u00f6zi k\u00f6lcs\u00f6nz\u00e9s<br \/> E-mail: olah.edit(kukac)univet.hu<br \/> Tel.: +36-1-478-4259<\/p> <div> <p><strong>Knoll Petra &#8211;\u00a0<\/strong>k\u00f6nyvt\u00e1ros<br \/> E-mail: knoll.petra(kukac)univet.hu<br \/> Tel.: +36-1-478-4226<\/p> <div> <p><strong>Miszori Kata<\/strong> (tart\u00f3san t\u00e1vol) &#8211; k\u00f6nyvt\u00e1ros, szakinform\u00e1tor, int\u00e9zm\u00e9nyi \u00a0MTMT adminisztr\u00e1tor<br \/> E-mail: miszori.katalin(kukac)univet.hu<br \/> Tel.: +36-1-478-4226\/8812<\/p> <div><strong>Mudri Di\u00e1na &#8211;\u00a0<\/strong>k\u00f6nyvt\u00e1ros, titk\u00e1r<br \/> E-mail: mudri.diana(kukac)univet.hu<br \/> Tel.: +36-1-478-4226\/8808<\/div> <div> <p><strong><br \/> P\u00e1lfyn\u00e9 Varga Orsolya &#8211;\u00a0<\/strong>feldolgoz\u00f3k\u00f6nyvt\u00e1ros, szakinform\u00e1tor<br \/> E-mail: varga.orsolya(kukac)univet.hu<br \/> Tel.: +36-1-478-4226\/8812<\/p> <div> <p><strong>S\u00e1rk\u00e1ny Laura &#8211;\u00a0<\/strong>k\u00f6nyvt\u00e1ri asszisztens<br \/> Email: sarkany.laura(kukac)univet.hu<br \/> Tel.: +36-1-478-4226\/8806<\/p> <div> <p><strong>V\u00e1radi Ad\u00e9l &#8211;\u00a0<\/strong>muzeol\u00f3gus<br \/> Email: varadi.adel(kukac)univet.hu<br \/> Tel.: +36-1-478-4226\/8808<\/p> <div><strong>G\u00f6rbe Attil\u00e1n\u00e9 &#8211; Anik\u00f3 &#8211;\u00a0<\/strong>ruhat\u00e1ros, biztons\u00e1gi \u0151r<br \/> Tel.: +36-1-478-4226\/8811<\/div> <\/p><\/div> <\/p><\/div> <\/p><\/div> <\/p><\/div> <\/p><\/div> <\/p><\/div> <\/p><\/div> <\/p><\/div> <p><!-- .entry-content --> \t<\/p>","protected":false},"excerpt":{"rendered":"<p>Winkler Bea &#8211; k\u00f6nyvt\u00e1rigazgat\u00f3 E-mail: winkler.bea(kukac)univet.hu Tel.: +36-1-478-4226 Boz\u00f3 Bence &#8211;\u00a0lev\u00e9lt\u00e1ros E-mail: bozo.bence(kukac)univet.hu Tel.: +36-1-478-4226\/8804 Bik\u00e1di Katalin &#8211;\u00a0k\u00f6nyvt\u00e1ros, helyettes int\u00e9zm\u00e9nyi MTMT adminisztr\u00e1tor E-mail: bikadi.katalin(kukac)univet.hu Tel.: +36-1-478-4226\/8808 Kiss J\u00f3zsefn\u00e9 Ol\u00e1h Edit &#8211;\u00a0k\u00f6nyvt\u00e1ros, szakinform\u00e1tor, k\u00f6nyvt\u00e1rk\u00f6zi k\u00f6lcs\u00f6nz\u00e9s E-mail: olah.edit(kukac)univet.hu Tel.: +36-1-478-4259 Knoll Petra &#8211;\u00a0k\u00f6nyvt\u00e1ros E-mail: knoll.petra(kukac)univet.hu Tel.: +36-1-478-4226 Miszori Kata (tart\u00f3san t\u00e1vol) &#8211; k\u00f6nyvt\u00e1ros, szakinform\u00e1tor, int\u00e9zm\u00e9nyi \u00a0MTMT adminisztr\u00e1tor<\/p>\n","protected":false},"author":1,"featured_media":0,"parent":1686,"menu_order":223,"comment_status":"closed","ping_status":"closed","template":"","meta":{"_acf_changed":false,"footnotes":""},"categories":[],"tags":[],"class_list":["post-1567","page","type-page","status-publish","hentry"],"acf":[],"_links":{"self":[{"href":"https:\/\/univet.hu\/hu\/wp-json\/wp\/v2\/pages\/1567","targetHints":{"allow":["GET"]}}],"collection":[{"href":"https:\/\/univet.hu\/hu\/wp-json\/wp\/v2\/pages"}],"about":[{"href":"https:\/\/univet.hu\/hu\/wp-json\/wp\/v2\/types\/page"}],"author":[{"embeddable":true,"href":"https:\/\/univet.hu\/hu\/wp-json\/wp\/v2\/users\/1"}],"replies":[{"embeddable":true,"href":"https:\/\/univet.hu\/hu\/wp-json\/wp\/v2\/comments?post=1567"}],"version-history":[{"count":0,"href":"https:\/\/univet.hu\/hu\/wp-json\/wp\/v2\/pages\/1567\/revisions"}],"up":[{"embeddable":true,"href":"https:\/\/univet.hu\/hu\/wp-json\/wp\/v2\/pages\/1686"}],"wp:attachment":[{"href":"https:\/\/univet.hu\/hu\/wp-json\/wp\/v2\/media?parent=1567"}],"wp:term":[{"taxonomy":"category","embeddable":true,"href":"https:\/\/univet.hu\/hu\/wp-json\/wp\/v2\/categories?post=1567"},{"taxonomy":"post_tag","embeddable":true,"href":"https:\/\/univet.hu\/hu\/wp-json\/wp\/v2\/tags?post=1567"}],"curies":[{"name":"wp","href":"https:\/\/api.w.org\/{rel}","templated":true}]}}