{"id":1569,"date":"2018-03-21T12:03:21","date_gmt":"2018-03-21T11:01:36","guid":{"rendered":"http:\/\/univet.hu\/egyetem\/konyvtar\/kiadvanyok\/"},"modified":"2018-03-21T15:11:01","modified_gmt":"2018-03-21T14:11:01","slug":"kiadvanyok","status":"publish","type":"page","link":"https:\/\/univet.hu\/hu\/egyetem\/konyvtar\/info\/kiadvanyok\/","title":{"rendered":"Kiadv\u00e1nyok"},"content":{"rendered":"<p>A linkek egy r\u00e9sze a \u00c1llatorvostudom\u00e1nyi Egyetem intranet\u00e9re mutat. A bel\u00e9p\u00e9sre csak Egyetem\u00fcnk dolgoz\u00f3inak, hallgat\u00f3inak van lehet\u0151s\u00e9ge!<\/p> <p>\u00a9 Sz\u00f6gi L\u00e1szl\u00f3: Az \u00c1llatorvostudom\u00e1nyi Egyetem Lev\u00e9lt\u00e1ra (1741) 1787-1972. Budapest : \u00c1OTE KK, 1985. (Az \u00c1llatorvostudom\u00e1nyi Egyetem K\u00f6zponti K\u00f6nyvt\u00e1r\u00e1nak Kiadv\u00e1nyai; 1.)<\/p> <p>\u00a9 Bakonyi Ferencn\u00e9 &#8212; G\u00e1bor Iv\u00e1n :\u00a0Az \u00c1llatorvost\u00f6rt\u00e9neti K\u00f6nyvgy\u0171jtem\u00e9ny r\u00e9gi magyar \u00e9s magyar vonatkoz\u00e1s\u00fa k\u00f6nyvei 1574-1850.\u00a0Budapest : \u00c1OTE KK, 1987. (Az \u00c1llatorvostudom\u00e1nyi Egyetem K\u00f6zponti K\u00f6nyvt\u00e1r\u00e1nak Kiadv\u00e1nyai; 2.)<\/p> <p>\u00a9\u00a0Dokumentumok a magyar \u00e1llatorvosi oktat\u00e1s t\u00f6rt\u00e9net\u00e9hez. I. 1786-1816.\u00a0Szerk. \u00e9s bev. Bakonyi Ferencn\u00e9 \u00e9s G\u00e1bor Iv\u00e1n. Budapest : \u00c1OTE KK, 1987. (Az \u00c1llatorvostudom\u00e1nyi Egyetem K\u00f6zponti K\u00f6nyvt\u00e1r\u00e1nak Kiadv\u00e1nyai; 3.)<\/p> <p>\u00a9\u00a0Dokumentumok a magyar \u00e1llatorvosi oktat\u00e1s t\u00f6rt\u00e9net\u00e9hez. II. 1817-1849.\u00a0\u00a0Szerk. \u00e9s bev. Sz\u00f6gi L\u00e1szl\u00f3. K\u00f6zrem. G\u00e1bor Iv\u00e1n. Budapest : \u00c1OTE KK, 1990. (Az \u00c1llatorvostudom\u00e1nyi Egyetem K\u00f6zponti K\u00f6nyvt\u00e1r\u00e1nak Kiadv\u00e1nyai; 4.)<\/p> <p>\u00a9\u00a0Dokumentumok a magyar \u00e1llatorvosi oktat\u00e1s t\u00f6rt\u00e9net\u00e9hez. III. 1850-1875.\u00a0Szerk. Bakonyi Ferencn\u00e9, G\u00e1bor Iv\u00e1n, Drobinoha Ang\u00e9la Budapest : \u00c1OTE KK, 1994. (Az \u00c1llatorvostudom\u00e1nyi Egyetem K\u00f6zponti K\u00f6nyvt\u00e1r\u00e1nak Kiadv\u00e1nyai; 5.)<\/p> <p><a href=\"http:\/\/intra.univet.hu\/konyvtar\/forr%C3%A1skiadv%C3%A1nyok\/\" data-replaced=\"true\" \"true\"target =_blank rel=noopener>\u00a9\u00a0Dokumentumok a magyar \u00e1llatorvosi oktat\u00e1s t\u00f6rt\u00e9net\u00e9hez. IV. 1876-1945.<\/a>\u00a0Szerk. Drobinoha Ang\u00e9la, G\u00e1bor Iv\u00e1n. Budapest : \u00c1OTE KK, 1999. (Az \u00c1llatorvostudom\u00e1nyi Egyetem K\u00f6zponti K\u00f6nyvt\u00e1r\u00e1nak Kiadv\u00e1nyai; 6.)<\/p> <p><a title=\"Dokumentum k\u00f6tet V\/1.\" href=\"http:\/\/intra.univet.hu\/konyvtar\/forr%C3%A1skiadv%C3%A1nyok\/\" data-replaced=\"true\" \"true\"target =_blank rel=noopener>\u00a9\u00a0Dokumentumok a magyar \u00e1llatorvosi oktat\u00e1s t\u00f6rt\u00e9net\u00e9hez. V\/1. 1946-1952.<\/a>\u00a0Szerk. Cserey L\u00e1szl\u00f3n\u00e9. Budapest : SZIE \u00c1OTK, 2002. (A Szent Istv\u00e1n Egyetem \u00c1llatorvos-tudom\u00e1nyi K\u00f6nyvt\u00e1r\u00e1nak kiadv\u00e1nyai, 7.)<\/p> <p><a href=\"http:\/\/intra.univet.hu\/konyvtar\/forr%C3%A1skiadv%C3%A1nyok\/\" data-replaced=\"true\" \"true\"target =_blank rel=noopener>\u00a9\u00a0Dokumentumok a magyar \u00e1llatorvosi oktat\u00e1s t\u00f6rt\u00e9net\u00e9hez. V\/2. 1953-1962.\u00a0<\/a>Szerk. Cserey L\u00e1szl\u00f3n\u00e9. Budapest : SZIE \u00c1OTK, 2003. (A Szent Istv\u00e1n Egyetem \u00c1llatorvos-tudom\u00e1nyi K\u00f6nyvt\u00e1r\u00e1nak kiadv\u00e1nyai)<\/p> <p><a title=\"Dokumentum k\u00f6tet VI.\" href=\"http:\/\/intra.univet.hu\/konyvtar\/forr%C3%A1skiadv%C3%A1nyok\/\" data-replaced=\"true\" \"true\"target =_blank rel=noopener>\u00a9\u00a0Dokumentumok a magyar \u00e1llatorvosi oktat\u00e1s t\u00f6rt\u00e9net\u00e9hez. VI. 1963-1970.<\/a>\u00a0Szerk. Kiss M\u00e1rton. Budapest : SZIE \u00c1OTK, 2007. (A Szent Istv\u00e1n Egyetem \u00c1llatorvos-tudom\u00e1nyi K\u00f6nyvt\u00e1r\u00e1nak kiadv\u00e1nyai)<\/p> <p>\u00a9 M\u00e9sz\u00e1ros M. J\u00e1nos: Az \u00e1llatorvos-k\u00e9pz\u00e9s 1818-t\u00f3l 2004-ig elhunyt tan\u00e1rainak \u00e9s el\u0151ad\u00f3inak s\u00edrjai. Budapest: Szent Istv\u00e1n Egyetem \u00c1llatorvos-tudom\u00e1nyi K\u00f6nyvt\u00e1r, 2007.<\/p> <p>\u00a9 Winkler Bea &#8211; Striczky P\u00e9ter:\u00a0Az \u00c1llatorvos-tudom\u00e1nyi K\u00f6nyvt\u00e1r, Lev\u00e9lt\u00e1r \u00e9s M\u00fazeum t\u00f6rt\u00e9nete 1787-2000.\u00a0Budapest, 2009.<\/p> <p>\u00a9 Magyar \u00c1llatorvosi Bibliogr\u00e1fia 1971-1992 Budapest : \u00c1OTE KK, 1972-<\/p> <p>\u00a9 Magyar \u00c1llatorvosi Bibliogr\u00e1fia CD 1990-; Budapest : \u00c1OTE KK, 1999-<\/p> <p>Tapolcai \u00c1gnes &#8211; Cserey L\u00e1szl\u00f3n\u00e9: Szakirodalmi inform\u00e1ci\u00f3forr\u00e1sok \u00e9s szolg\u00e1ltat\u00e1sok, k\u00fcl\u00f6n\u00f6s tekintettel az \u00e1llatorvos-tudom\u00e1nyra. Budapest : \u00c1OTE, 2000.<\/p> <p>Cserey L\u00e1szl\u00f3n\u00e9 &#8211; Tapolcai \u00c1gnes &#8211; Makrai T\u00edmea: Guide to Veterinary Information Sources and Services. Budapest : SZIE \u00c1OTK, 2003.<\/p>","protected":false},"excerpt":{"rendered":"<p>A linkek egy r\u00e9sze a \u00c1llatorvostudom\u00e1nyi Egyetem intranet\u00e9re mutat. A bel\u00e9p\u00e9sre csak Egyetem\u00fcnk dolgoz\u00f3inak, hallgat\u00f3inak van lehet\u0151s\u00e9ge! \u00a9 Sz\u00f6gi L\u00e1szl\u00f3: Az \u00c1llatorvostudom\u00e1nyi Egyetem Lev\u00e9lt\u00e1ra (1741) 1787-1972. Budapest : \u00c1OTE KK, 1985. (Az \u00c1llatorvostudom\u00e1nyi Egyetem K\u00f6zponti K\u00f6nyvt\u00e1r\u00e1nak Kiadv\u00e1nyai; 1.) \u00a9 Bakonyi Ferencn\u00e9 &#8212; G\u00e1bor Iv\u00e1n :\u00a0Az \u00c1llatorvost\u00f6rt\u00e9neti K\u00f6nyvgy\u0171jtem\u00e9ny r\u00e9gi magyar \u00e9s magyar vonatkoz\u00e1s\u00fa k\u00f6nyvei 1574-1850.\u00a0Budapest :<\/p>\n","protected":false},"author":1,"featured_media":0,"parent":1686,"menu_order":225,"comment_status":"closed","ping_status":"closed","template":"","meta":{"_acf_changed":false,"footnotes":""},"categories":[],"tags":[],"class_list":["post-1569","page","type-page","status-publish","hentry"],"acf":[],"_links":{"self":[{"href":"https:\/\/univet.hu\/hu\/wp-json\/wp\/v2\/pages\/1569","targetHints":{"allow":["GET"]}}],"collection":[{"href":"https:\/\/univet.hu\/hu\/wp-json\/wp\/v2\/pages"}],"about":[{"href":"https:\/\/univet.hu\/hu\/wp-json\/wp\/v2\/types\/page"}],"author":[{"embeddable":true,"href":"https:\/\/univet.hu\/hu\/wp-json\/wp\/v2\/users\/1"}],"replies":[{"embeddable":true,"href":"https:\/\/univet.hu\/hu\/wp-json\/wp\/v2\/comments?post=1569"}],"version-history":[{"count":0,"href":"https:\/\/univet.hu\/hu\/wp-json\/wp\/v2\/pages\/1569\/revisions"}],"up":[{"embeddable":true,"href":"https:\/\/univet.hu\/hu\/wp-json\/wp\/v2\/pages\/1686"}],"wp:attachment":[{"href":"https:\/\/univet.hu\/hu\/wp-json\/wp\/v2\/media?parent=1569"}],"wp:term":[{"taxonomy":"category","embeddable":true,"href":"https:\/\/univet.hu\/hu\/wp-json\/wp\/v2\/categories?post=1569"},{"taxonomy":"post_tag","embeddable":true,"href":"https:\/\/univet.hu\/hu\/wp-json\/wp\/v2\/tags?post=1569"}],"curies":[{"name":"wp","href":"https:\/\/api.w.org\/{rel}","templated":true}]}}