{"id":1577,"date":"2018-03-21T12:01:47","date_gmt":"2018-03-21T11:01:47","guid":{"rendered":"http:\/\/univet.hu\/egyetem\/konyvtar\/tamogatok\/"},"modified":"2018-03-21T15:10:46","modified_gmt":"2018-03-21T14:10:46","slug":"tamogatok","status":"publish","type":"page","link":"https:\/\/univet.hu\/hu\/egyetem\/konyvtar\/info\/tamogatok\/","title":{"rendered":"T\u00e1mogat\u00f3k"},"content":{"rendered":"<p>K\u00f6sz\u00f6netet mondunk a Hut\u00ffra Ferenc K\u00f6nyvt\u00e1r, Lev\u00e9lt\u00e1r \u00e9s M\u00fazeum \u00e9s valamennyi haszn\u00e1l\u00f3nk nev\u00e9ben mindazoknak, akik a 2016. \u00e9vben a k\u00f6nyvt\u00e1rat adom\u00e1nyukkal, munk\u00e1jukkal, tan\u00e1csaikkal t\u00e1mogatt\u00e1k.<\/p> <p>Aujeszky Lenke, Debrecenin\u00e9<br \/> Baluka Csaba, Fekete-P\u00e1rizs Edit<br \/> Brydl Endre<br \/> EuVet Bt<br \/> Feh\u00e9r Dezs\u0151<br \/> F\u00f6ldi J\u00f3zsef<br \/> G\u00e1sp\u00e1rdy Andr\u00e1s<br \/> Gidr\u00f3 T\u00edmea<br \/> Hoffmann Zsuzsanna SZTE \u00d3kort\u00f6rt\u00e9neti tansz\u00e9k<br \/> Intervet Hungaria Kft. (B\u00faza L\u00e1szl\u00f3, Pord\u00e1n Mikl\u00f3s)<br \/> Jonathan Collins<br \/> Jurkovich Viktor<br \/> K\u00f3tai Istv\u00e1n<br \/> Kov\u00e1cs \u00c1gnes<br \/> Kov\u00e1cs Rezs\u0151<br \/> Lomniczy B\u00e9la<br \/> Magyar Haltani T\u00e1rsas\u00e1g<br \/> Magyar Orvost\u00f6rt\u00e9neti T\u00e1rsas\u00e1g<br \/> M\u00c1OK<br \/> M\u00e1rkus B\u00e1lint<br \/> Melanie Lean<br \/> Mez\u0151gazda Kiad\u00f3<br \/> Moln\u00e1r Viktor<br \/> Nagy P\u00e9ter dr.<br \/> Per\u00e9nyi J\u00e1nos<br \/> Sebesty\u00e9n Zsolt<br \/> Szab\u00f3 Istv\u00e1n<br \/> Szenci Ott\u00f3<br \/> SZIE \u00c1OTK Tov\u00e1bbk\u00e9pz\u00e9s<br \/> Szita G\u00e9za<br \/> Szlat\u00e9nyi Magdolna<br \/> Tov\u00e1bbk\u00e9pz\u00e9si \u00e9s Kutat\u00e1sszervez\u00e9si K\u00f6zpont<br \/> Ujhelyi S\u00e1ndor<br \/> Veres-Ny\u00e9ki Kata<br \/> Vertel Beatrix<\/p>","protected":false},"excerpt":{"rendered":"<p>K\u00f6sz\u00f6netet mondunk a Hut\u00ffra Ferenc K\u00f6nyvt\u00e1r, Lev\u00e9lt\u00e1r \u00e9s M\u00fazeum \u00e9s valamennyi haszn\u00e1l\u00f3nk nev\u00e9ben mindazoknak, akik a 2016. \u00e9vben a k\u00f6nyvt\u00e1rat adom\u00e1nyukkal, munk\u00e1jukkal, tan\u00e1csaikkal t\u00e1mogatt\u00e1k. Aujeszky Lenke, Debrecenin\u00e9 Baluka Csaba, Fekete-P\u00e1rizs Edit Brydl Endre EuVet Bt Feh\u00e9r Dezs\u0151 F\u00f6ldi J\u00f3zsef G\u00e1sp\u00e1rdy Andr\u00e1s Gidr\u00f3 T\u00edmea Hoffmann Zsuzsanna SZTE \u00d3kort\u00f6rt\u00e9neti tansz\u00e9k Intervet Hungaria Kft. (B\u00faza L\u00e1szl\u00f3, Pord\u00e1n Mikl\u00f3s)<\/p>\n","protected":false},"author":1,"featured_media":0,"parent":1686,"menu_order":234,"comment_status":"closed","ping_status":"closed","template":"","meta":{"_acf_changed":false,"footnotes":""},"categories":[],"tags":[],"class_list":["post-1577","page","type-page","status-publish","hentry"],"acf":[],"_links":{"self":[{"href":"https:\/\/univet.hu\/hu\/wp-json\/wp\/v2\/pages\/1577","targetHints":{"allow":["GET"]}}],"collection":[{"href":"https:\/\/univet.hu\/hu\/wp-json\/wp\/v2\/pages"}],"about":[{"href":"https:\/\/univet.hu\/hu\/wp-json\/wp\/v2\/types\/page"}],"author":[{"embeddable":true,"href":"https:\/\/univet.hu\/hu\/wp-json\/wp\/v2\/users\/1"}],"replies":[{"embeddable":true,"href":"https:\/\/univet.hu\/hu\/wp-json\/wp\/v2\/comments?post=1577"}],"version-history":[{"count":0,"href":"https:\/\/univet.hu\/hu\/wp-json\/wp\/v2\/pages\/1577\/revisions"}],"up":[{"embeddable":true,"href":"https:\/\/univet.hu\/hu\/wp-json\/wp\/v2\/pages\/1686"}],"wp:attachment":[{"href":"https:\/\/univet.hu\/hu\/wp-json\/wp\/v2\/media?parent=1577"}],"wp:term":[{"taxonomy":"category","embeddable":true,"href":"https:\/\/univet.hu\/hu\/wp-json\/wp\/v2\/categories?post=1577"},{"taxonomy":"post_tag","embeddable":true,"href":"https:\/\/univet.hu\/hu\/wp-json\/wp\/v2\/tags?post=1577"}],"curies":[{"name":"wp","href":"https:\/\/api.w.org\/{rel}","templated":true}]}}