{"id":15946,"date":"1970-01-01T00:00:00","date_gmt":"1969-12-31T23:00:00","guid":{"rendered":"http:\/\/univet.hu\/oktatas\/kurzusok\/laborallat-tudomany-es-bioetika-2\/"},"modified":"2023-08-31T14:21:03","modified_gmt":"2023-08-31T12:21:03","slug":"laborallat-tudomany-es-bioetika","status":"publish","type":"page","link":"https:\/\/univet.hu\/hu\/oktatas\/kurzusok\/laborallat-tudomany-es-bioetika\/","title":{"rendered":"Labor\u00e1llat-tudom\u00e1ny \u00e9s bioetika"},"content":{"rendered":"<p>1 \u00f3ra el\u0151ad\u00e1s\/h\u00e9t<br \/> 2&#215;4 \u00f3ra plen\u00e1ris gyakorlat<\/p> <p>F\u0151 c\u00e9lkit\u0171z\u00e9s:<br \/> Alapvet\u0151 elm\u00e9leti \u00e9s gyakorlati ismereteket ny\u00fajt a k\u00eds\u00e9rleti modellv\u00e1laszt\u00e1shoz, a labor\u00e1llatok biol\u00f3gi\u00e1j\u00e1r\u00f3l, genetik\u00e1j\u00e1r\u00f3l, tart\u00e1sukr\u00f3l \u00e9s takarm\u00e1nyoz\u00e1s\u00e1r\u00f3l, a vel\u00fck val\u00f3 b\u00e1n\u00e1sm\u00f3d gyakorlat\u00e1r\u00f3l, az alternat\u00edv m\u00f3dszerekr\u0151l \u00e9s \u00e1llatk\u00edm\u00e9leti-etikai tudnival\u00f3kr\u00f3l.<\/p> <p>Felel\u0151s tan\u00e1r:<br \/> Dr. Fodor Kinga, egyetemi docens<\/p> <p>Oktat\u00f3k:<br \/> dr. Kors\u00f3s Gabriella<br \/> dr. Bers\u00e9nyi Andr\u00e1s<br \/> dr. Kiss Annam\u00e1ria<\/p> <p>Tansz\u00e9ki adminisztr\u00e1tor: S\u00e9nyi Krisztina<\/p>","protected":false},"excerpt":{"rendered":"<p>1 \u00f3ra el\u0151ad\u00e1s\/h\u00e9t 2&#215;4 \u00f3ra plen\u00e1ris gyakorlat F\u0151 c\u00e9lkit\u0171z\u00e9s: Alapvet\u0151 elm\u00e9leti \u00e9s gyakorlati ismereteket ny\u00fajt a k\u00eds\u00e9rleti modellv\u00e1laszt\u00e1shoz, a labor\u00e1llatok biol\u00f3gi\u00e1j\u00e1r\u00f3l, genetik\u00e1j\u00e1r\u00f3l, tart\u00e1sukr\u00f3l \u00e9s takarm\u00e1nyoz\u00e1s\u00e1r\u00f3l, a vel\u00fck val\u00f3 b\u00e1n\u00e1sm\u00f3d gyakorlat\u00e1r\u00f3l, az alternat\u00edv m\u00f3dszerekr\u0151l \u00e9s \u00e1llatk\u00edm\u00e9leti-etikai tudnival\u00f3kr\u00f3l. Felel\u0151s tan\u00e1r: Dr. Fodor Kinga, egyetemi docens Oktat\u00f3k: dr. Kors\u00f3s Gabriella dr. Bers\u00e9nyi Andr\u00e1s dr. Kiss Annam\u00e1ria Tansz\u00e9ki adminisztr\u00e1tor:<\/p>\n","protected":false},"author":3837,"featured_media":0,"parent":677,"menu_order":112,"comment_status":"closed","ping_status":"closed","template":"","meta":{"_acf_changed":false,"footnotes":""},"categories":[],"tags":[],"class_list":["post-15946","page","type-page","status-publish","hentry"],"acf":[],"_links":{"self":[{"href":"https:\/\/univet.hu\/hu\/wp-json\/wp\/v2\/pages\/15946","targetHints":{"allow":["GET"]}}],"collection":[{"href":"https:\/\/univet.hu\/hu\/wp-json\/wp\/v2\/pages"}],"about":[{"href":"https:\/\/univet.hu\/hu\/wp-json\/wp\/v2\/types\/page"}],"author":[{"embeddable":true,"href":"https:\/\/univet.hu\/hu\/wp-json\/wp\/v2\/users\/3837"}],"replies":[{"embeddable":true,"href":"https:\/\/univet.hu\/hu\/wp-json\/wp\/v2\/comments?post=15946"}],"version-history":[{"count":0,"href":"https:\/\/univet.hu\/hu\/wp-json\/wp\/v2\/pages\/15946\/revisions"}],"up":[{"embeddable":true,"href":"https:\/\/univet.hu\/hu\/wp-json\/wp\/v2\/pages\/677"}],"wp:attachment":[{"href":"https:\/\/univet.hu\/hu\/wp-json\/wp\/v2\/media?parent=15946"}],"wp:term":[{"taxonomy":"category","embeddable":true,"href":"https:\/\/univet.hu\/hu\/wp-json\/wp\/v2\/categories?post=15946"},{"taxonomy":"post_tag","embeddable":true,"href":"https:\/\/univet.hu\/hu\/wp-json\/wp\/v2\/tags?post=15946"}],"curies":[{"name":"wp","href":"https:\/\/api.w.org\/{rel}","templated":true}]}}