{"id":15947,"date":"1970-01-01T00:00:00","date_gmt":"1969-12-31T23:00:00","guid":{"rendered":"http:\/\/univet.hu\/oktatas\/kurzusok\/laboratoriumi-diagnosztika\/"},"modified":"2025-09-23T17:08:05","modified_gmt":"2025-09-23T15:08:05","slug":"laboratoriumi-diagnosztika","status":"publish","type":"page","link":"https:\/\/univet.hu\/hu\/oktatas\/kurzusok\/laboratoriumi-diagnosztika\/","title":{"rendered":"Laborat\u00f3riumi diagnosztika"},"content":{"rendered":"<p>A laborat\u00f3riumi vizsg\u00e1latok m\u00f3dszereinek ismertet\u00e9se, az egyes labor-param\u00e9terekr\u0151l: mikor javasolt vizsg\u00e1lni, milyen laborat\u00f3riumi m\u00f3dszerrel hat\u00e1rozz\u00e1k meg, norm\u00e1l \u00e9rt\u00e9kek, a norm\u00e1list\u00f3l val\u00f3 elt\u00e9r\u0151 eredm\u00e9ny \u00e9rtelmez\u00e9se<\/p>","protected":false},"excerpt":{"rendered":"<p>A laborat\u00f3riumi vizsg\u00e1latok m\u00f3dszereinek ismertet\u00e9se, az egyes labor-param\u00e9terekr\u0151l: mikor javasolt vizsg\u00e1lni, milyen laborat\u00f3riumi m\u00f3dszerrel hat\u00e1rozz\u00e1k meg, norm\u00e1l \u00e9rt\u00e9kek, a norm\u00e1list\u00f3l val\u00f3 elt\u00e9r\u0151 eredm\u00e9ny \u00e9rtelmez\u00e9se<\/p>\n","protected":false},"author":3837,"featured_media":0,"parent":677,"menu_order":113,"comment_status":"closed","ping_status":"closed","template":"","meta":{"_acf_changed":false,"footnotes":""},"categories":[],"tags":[],"class_list":["post-15947","page","type-page","status-publish","hentry"],"acf":[],"_links":{"self":[{"href":"https:\/\/univet.hu\/hu\/wp-json\/wp\/v2\/pages\/15947","targetHints":{"allow":["GET"]}}],"collection":[{"href":"https:\/\/univet.hu\/hu\/wp-json\/wp\/v2\/pages"}],"about":[{"href":"https:\/\/univet.hu\/hu\/wp-json\/wp\/v2\/types\/page"}],"author":[{"embeddable":true,"href":"https:\/\/univet.hu\/hu\/wp-json\/wp\/v2\/users\/3837"}],"replies":[{"embeddable":true,"href":"https:\/\/univet.hu\/hu\/wp-json\/wp\/v2\/comments?post=15947"}],"version-history":[{"count":1,"href":"https:\/\/univet.hu\/hu\/wp-json\/wp\/v2\/pages\/15947\/revisions"}],"predecessor-version":[{"id":191052,"href":"https:\/\/univet.hu\/hu\/wp-json\/wp\/v2\/pages\/15947\/revisions\/191052"}],"up":[{"embeddable":true,"href":"https:\/\/univet.hu\/hu\/wp-json\/wp\/v2\/pages\/677"}],"wp:attachment":[{"href":"https:\/\/univet.hu\/hu\/wp-json\/wp\/v2\/media?parent=15947"}],"wp:term":[{"taxonomy":"category","embeddable":true,"href":"https:\/\/univet.hu\/hu\/wp-json\/wp\/v2\/categories?post=15947"},{"taxonomy":"post_tag","embeddable":true,"href":"https:\/\/univet.hu\/hu\/wp-json\/wp\/v2\/tags?post=15947"}],"curies":[{"name":"wp","href":"https:\/\/api.w.org\/{rel}","templated":true}]}}