{"id":15949,"date":"1970-01-01T00:00:00","date_gmt":"1969-12-31T23:00:00","guid":{"rendered":"http:\/\/univet.hu\/oktatas\/kurzusok\/latin-nyelv-biologus-hallgatoknak\/"},"modified":"2021-01-28T12:27:03","modified_gmt":"2021-01-28T11:27:03","slug":"latin-nyelv-biologus-hallgatoknak","status":"publish","type":"page","link":"https:\/\/univet.hu\/hu\/oktatas\/kurzusok\/latin-nyelv-biologus-hallgatoknak\/","title":{"rendered":"Latin nyelv biol\u00f3gus hallgat\u00f3knak"},"content":{"rendered":"<p>A t\u00e1rgy oktat\u00e1s\u00e1nak c\u00e9lja, hogy latin nyelvi alapvet\u00e9s r\u00e9v\u00e9n a hallgat\u00f3kat felk\u00e9sz\u00edtse a latin terminol\u00f3gi\u00e1ra \u00e9p\u00fcl\u0151 biol\u00f3gus szaknyelv meg\u00e9rt\u00e9s\u00e9re \u00e9s alkalmaz\u00e1s\u00e1ra.<\/p>","protected":false},"excerpt":{"rendered":"<p>A t\u00e1rgy oktat\u00e1s\u00e1nak c\u00e9lja, hogy latin nyelvi alapvet\u00e9s r\u00e9v\u00e9n a hallgat\u00f3kat felk\u00e9sz\u00edtse a latin terminol\u00f3gi\u00e1ra \u00e9p\u00fcl\u0151 biol\u00f3gus szaknyelv meg\u00e9rt\u00e9s\u00e9re \u00e9s alkalmaz\u00e1s\u00e1ra.<\/p>\n","protected":false},"author":3837,"featured_media":0,"parent":677,"menu_order":113,"comment_status":"closed","ping_status":"closed","template":"","meta":{"_acf_changed":false,"footnotes":""},"categories":[],"tags":[],"class_list":["post-15949","page","type-page","status-publish","hentry"],"acf":[],"_links":{"self":[{"href":"https:\/\/univet.hu\/hu\/wp-json\/wp\/v2\/pages\/15949","targetHints":{"allow":["GET"]}}],"collection":[{"href":"https:\/\/univet.hu\/hu\/wp-json\/wp\/v2\/pages"}],"about":[{"href":"https:\/\/univet.hu\/hu\/wp-json\/wp\/v2\/types\/page"}],"author":[{"embeddable":true,"href":"https:\/\/univet.hu\/hu\/wp-json\/wp\/v2\/users\/3837"}],"replies":[{"embeddable":true,"href":"https:\/\/univet.hu\/hu\/wp-json\/wp\/v2\/comments?post=15949"}],"version-history":[{"count":0,"href":"https:\/\/univet.hu\/hu\/wp-json\/wp\/v2\/pages\/15949\/revisions"}],"up":[{"embeddable":true,"href":"https:\/\/univet.hu\/hu\/wp-json\/wp\/v2\/pages\/677"}],"wp:attachment":[{"href":"https:\/\/univet.hu\/hu\/wp-json\/wp\/v2\/media?parent=15949"}],"wp:term":[{"taxonomy":"category","embeddable":true,"href":"https:\/\/univet.hu\/hu\/wp-json\/wp\/v2\/categories?post=15949"},{"taxonomy":"post_tag","embeddable":true,"href":"https:\/\/univet.hu\/hu\/wp-json\/wp\/v2\/tags?post=15949"}],"curies":[{"name":"wp","href":"https:\/\/api.w.org\/{rel}","templated":true}]}}