{"id":15951,"date":"1970-01-01T00:00:00","date_gmt":"1969-12-31T23:00:00","guid":{"rendered":"http:\/\/univet.hu\/oktatas\/kurzusok\/latin-nyelv-ii-allatorvos-szak\/"},"modified":"2021-01-28T11:01:58","modified_gmt":"2021-01-28T10:01:58","slug":"latin-nyelv-ii-allatorvos-szak","status":"publish","type":"page","link":"https:\/\/univet.hu\/hu\/oktatas\/kurzusok\/latin-nyelv-ii-allatorvos-szak\/","title":{"rendered":"Latin nyelv II (\u00e1llatorvos szak)"},"content":{"rendered":"<p>A t\u00e1rgy oktat\u00e1s\u00e1nak c\u00e9lja, hogy latin nyelvi alapok \u00e1tad\u00e1s\u00e1val a hallgat\u00f3kat felk\u00e9sz\u00edtse a latin terminol\u00f3gi\u00e1ra \u00e9p\u00fcl\u0151 (\u00e1llat)orvosi szaknyelv meg\u00e9rt\u00e9s\u00e9re \u00e9s alkalmaz\u00e1s\u00e1ra. A kurzus els\u0151dleges c\u00e9lja: Az anat\u00f3miai kifejez\u00e9sek megtanul\u00e1s\u00e1ban seg\u00edts\u00e9get ny\u00fajtani, \u00edgy az m\u00e1sodik f\u00e9l\u00e9vben is a kiejt\u00e9s, a n\u00e9vsz\u00f3ragoz\u00e1s \u00e9s az alapsz\u00f3kincs elsaj\u00e1t\u00edt\u00e1sa k\u00e9pezi a kurzus t\u00f6rzsanyag\u00e1t. A gy\u00f3gyszertani latin sz\u00f3kincse \u00e9s nyelvtani saj\u00e1toss\u00e1gai ill. a g\u00f6r\u00f6g sz\u00e1rmaz\u00e1s\u00fa orvosi szaksz\u00f3kincs \u00e9s a vonatkoz\u00f3 sz\u00f3k\u00e9pz\u00e9s elsaj\u00e1t\u00edt\u00e1sa.<\/p>","protected":false},"excerpt":{"rendered":"<p>A t\u00e1rgy oktat\u00e1s\u00e1nak c\u00e9lja, hogy latin nyelvi alapok \u00e1tad\u00e1s\u00e1val a hallgat\u00f3kat felk\u00e9sz\u00edtse a latin terminol\u00f3gi\u00e1ra \u00e9p\u00fcl\u0151 (\u00e1llat)orvosi szaknyelv meg\u00e9rt\u00e9s\u00e9re \u00e9s alkalmaz\u00e1s\u00e1ra. A kurzus els\u0151dleges c\u00e9lja: Az anat\u00f3miai kifejez\u00e9sek megtanul\u00e1s\u00e1ban seg\u00edts\u00e9get ny\u00fajtani, \u00edgy az m\u00e1sodik f\u00e9l\u00e9vben is a kiejt\u00e9s, a n\u00e9vsz\u00f3ragoz\u00e1s \u00e9s az alapsz\u00f3kincs elsaj\u00e1t\u00edt\u00e1sa k\u00e9pezi a kurzus t\u00f6rzsanyag\u00e1t. A gy\u00f3gyszertani latin sz\u00f3kincse \u00e9s nyelvtani saj\u00e1toss\u00e1gai<\/p>\n","protected":false},"author":3837,"featured_media":0,"parent":677,"menu_order":113,"comment_status":"closed","ping_status":"closed","template":"","meta":{"_acf_changed":false,"footnotes":""},"categories":[],"tags":[],"class_list":["post-15951","page","type-page","status-publish","hentry"],"acf":[],"_links":{"self":[{"href":"https:\/\/univet.hu\/hu\/wp-json\/wp\/v2\/pages\/15951","targetHints":{"allow":["GET"]}}],"collection":[{"href":"https:\/\/univet.hu\/hu\/wp-json\/wp\/v2\/pages"}],"about":[{"href":"https:\/\/univet.hu\/hu\/wp-json\/wp\/v2\/types\/page"}],"author":[{"embeddable":true,"href":"https:\/\/univet.hu\/hu\/wp-json\/wp\/v2\/users\/3837"}],"replies":[{"embeddable":true,"href":"https:\/\/univet.hu\/hu\/wp-json\/wp\/v2\/comments?post=15951"}],"version-history":[{"count":0,"href":"https:\/\/univet.hu\/hu\/wp-json\/wp\/v2\/pages\/15951\/revisions"}],"up":[{"embeddable":true,"href":"https:\/\/univet.hu\/hu\/wp-json\/wp\/v2\/pages\/677"}],"wp:attachment":[{"href":"https:\/\/univet.hu\/hu\/wp-json\/wp\/v2\/media?parent=15951"}],"wp:term":[{"taxonomy":"category","embeddable":true,"href":"https:\/\/univet.hu\/hu\/wp-json\/wp\/v2\/categories?post=15951"},{"taxonomy":"post_tag","embeddable":true,"href":"https:\/\/univet.hu\/hu\/wp-json\/wp\/v2\/tags?post=15951"}],"curies":[{"name":"wp","href":"https:\/\/api.w.org\/{rel}","templated":true}]}}