{"id":15952,"date":"1970-01-01T00:00:00","date_gmt":"1969-12-31T23:00:00","guid":{"rendered":"http:\/\/univet.hu\/oktatas\/kurzusok\/lotenyesztes-b\/"},"modified":"2023-09-01T20:16:40","modified_gmt":"2023-09-01T18:16:40","slug":"lotenyesztes-b","status":"publish","type":"page","link":"https:\/\/univet.hu\/hu\/oktatas\/kurzusok\/lotenyesztes-b\/","title":{"rendered":"L\u00f3teny\u00e9szt\u00e9s"},"content":{"rendered":"<p><span style=\"font-family: tahoma, arial, helvetica, sans-serif;\">Sz\u00fcks\u00e9ges el\u0151tanulm\u00e1nyok: \u00c1llatteny\u00e9szt\u00e9s \u00e9s \u00c1llatorvosi genetika vizsga megl\u00e9te<\/span><\/p> <p><span style=\"font-family: tahoma, arial, helvetica, sans-serif;\">A kurzus c\u00e9lja: \u00e1ttekint\u00e9s ad\u00e1sa a l\u00f3teny\u00e9szt\u00e9s \u00fajabb eredm\u00e9nyeir\u0151l \u00e9s aktu\u00e1lis t\u00e9m\u00e1ir\u00f3l, r\u00e9szletezve a sz\u00edn\u00f6r\u00f6kl\u00e9s, a teny\u00e9szt\u00e9si \u00e9s a p\u00e1ros\u00edt\u00e1si elj\u00e1r\u00e1sok, a l\u00f3genomika, valamint a genetikai betegs\u00e9gek t\u00e9mak\u00f6r\u00e9t.<\/span><\/p> <p><span style=\"font-family: tahoma, arial, helvetica, sans-serif;\">Tant\u00e1rgyfelel\u0151s: dr. Z\u00f6ld\u00e1g L\u00e1szl\u00f3 egyetemi tan\u00e1r<\/span><\/p> <p><span style=\"font-family: tahoma, arial, helvetica, sans-serif;\">Az el\u0151ad\u00e1sok t\u00e9m\u00e1i (5 h\u00e9ten \u00e1t 5&#215;3 \u00f3r\u00e1ban)<\/span><\/p> <p><span style=\"font-family: tahoma, arial, helvetica, sans-serif;\">1. alkalom: A l\u00f3fajt\u00e1k diverzit\u00e1sa, \u00e9s a k\u00fcltakar\u00f3 sz\u00edn\u00f6r\u00f6kl\u00e9se.\u00a0<\/span><\/p> <p><span style=\"font-family: tahoma, arial, helvetica, sans-serif;\">2. alkalom: P\u00e1ros\u00edt\u00e1si (szaporod\u00e1sbiol\u00f3giai) ismeretek \u00e9s teny\u00e9szt\u00e9si elj\u00e1r\u00e1sok a l\u00f3teny\u00e9szt\u00e9sben.\u00a0<\/span><\/p> <p><span style=\"font-family: tahoma, arial, helvetica, sans-serif;\">3. alkalom: A l\u00f3genomika \u00fajabb eredm\u00e9nyei; molekul\u00e1risan felt\u00e1rt \u00f6r\u00f6kl\u0151d\u0151 betegs\u00e9gek.\u00a0<\/span><\/p> <p><span style=\"font-family: tahoma, arial, helvetica, sans-serif;\">4. alkalom: A l\u00f3genomika \u00fajabb eredm\u00e9nyei; molekul\u00e1risan felt\u00e1rt fontosabb monog\u00e9nes betegs\u00e9gek.<\/span><\/p> <p><span style=\"font-family: tahoma, arial, helvetica, sans-serif;\">5. alkalom: Konzult\u00e1ci\u00f3 (vend\u00e9gel\u0151ad\u00f3) + \u00edr\u00e1sbeli vizsga.<\/span><\/p> <p><span style=\"font-family: tahoma, arial, helvetica, sans-serif;\">A sz\u00e1monk\u00e9r\u00e9s form\u00e1ja: \u00cdr\u00e1sbeli vizsga (teszt)<\/span><\/p>","protected":false},"excerpt":{"rendered":"<p>Sz\u00fcks\u00e9ges el\u0151tanulm\u00e1nyok: \u00c1llatteny\u00e9szt\u00e9s \u00e9s \u00c1llatorvosi genetika vizsga megl\u00e9te A kurzus c\u00e9lja: \u00e1ttekint\u00e9s ad\u00e1sa a l\u00f3teny\u00e9szt\u00e9s \u00fajabb eredm\u00e9nyeir\u0151l \u00e9s aktu\u00e1lis t\u00e9m\u00e1ir\u00f3l, r\u00e9szletezve a sz\u00edn\u00f6r\u00f6kl\u00e9s, a teny\u00e9szt\u00e9si \u00e9s a p\u00e1ros\u00edt\u00e1si elj\u00e1r\u00e1sok, a l\u00f3genomika, valamint a genetikai betegs\u00e9gek t\u00e9mak\u00f6r\u00e9t. Tant\u00e1rgyfelel\u0151s: dr. Z\u00f6ld\u00e1g L\u00e1szl\u00f3 egyetemi tan\u00e1r Az el\u0151ad\u00e1sok t\u00e9m\u00e1i (5 h\u00e9ten \u00e1t 5&#215;3 \u00f3r\u00e1ban) 1. alkalom: A l\u00f3fajt\u00e1k diverzit\u00e1sa,<\/p>\n","protected":false},"author":3837,"featured_media":0,"parent":677,"menu_order":113,"comment_status":"closed","ping_status":"closed","template":"","meta":{"_acf_changed":false,"footnotes":""},"categories":[],"tags":[],"class_list":["post-15952","page","type-page","status-publish","hentry"],"acf":[],"_links":{"self":[{"href":"https:\/\/univet.hu\/hu\/wp-json\/wp\/v2\/pages\/15952","targetHints":{"allow":["GET"]}}],"collection":[{"href":"https:\/\/univet.hu\/hu\/wp-json\/wp\/v2\/pages"}],"about":[{"href":"https:\/\/univet.hu\/hu\/wp-json\/wp\/v2\/types\/page"}],"author":[{"embeddable":true,"href":"https:\/\/univet.hu\/hu\/wp-json\/wp\/v2\/users\/3837"}],"replies":[{"embeddable":true,"href":"https:\/\/univet.hu\/hu\/wp-json\/wp\/v2\/comments?post=15952"}],"version-history":[{"count":0,"href":"https:\/\/univet.hu\/hu\/wp-json\/wp\/v2\/pages\/15952\/revisions"}],"up":[{"embeddable":true,"href":"https:\/\/univet.hu\/hu\/wp-json\/wp\/v2\/pages\/677"}],"wp:attachment":[{"href":"https:\/\/univet.hu\/hu\/wp-json\/wp\/v2\/media?parent=15952"}],"wp:term":[{"taxonomy":"category","embeddable":true,"href":"https:\/\/univet.hu\/hu\/wp-json\/wp\/v2\/categories?post=15952"},{"taxonomy":"post_tag","embeddable":true,"href":"https:\/\/univet.hu\/hu\/wp-json\/wp\/v2\/tags?post=15952"}],"curies":[{"name":"wp","href":"https:\/\/api.w.org\/{rel}","templated":true}]}}