{"id":15953,"date":"1970-01-01T00:00:00","date_gmt":"1969-12-31T23:00:00","guid":{"rendered":"http:\/\/univet.hu\/oktatas\/kurzusok\/lovak-emesztoszervi-betegsegei-belgyogyaszati-szempontbol\/"},"modified":"2023-07-28T02:51:21","modified_gmt":"2023-07-28T00:51:21","slug":"lo-dietetika","status":"publish","type":"page","link":"https:\/\/univet.hu\/hu\/oktatas\/kurzusok\/lo-dietetika\/","title":{"rendered":"L\u00f3 dietetika"},"content":{"rendered":"<p><strong>A tant\u00e1rgy c\u00e9lja:<\/strong><\/p> <p>A lovak takarm\u00e1nyoz\u00e1sa \u00e9s dietetik\u00e1ja napjainkban m\u00e1r ugyanolyan specializ\u00e1lt ter\u00fclet, mint a hum\u00e1n dietetika. Azoknak, akik l\u00f3gy\u00f3gy\u00e1szattal szeretn\u00e9nek foglalkozni a k\u00e9s\u0151bbiekben fontos lenne, hogy behat\u00f3an ismerj\u00e9k a lovak em\u00e9szt\u00e9s\u00e9lettan\u00e1t, a k\u00fcl\u00f6nb\u00f6z\u0151 takarm\u00e1nyoz\u00e1si technik\u00e1kat, dietetikai m\u00f3dszereket. A helytelen takarm\u00e1nyoz\u00e1s r\u00f6vid hasznos \u00e9lettartamra \u00e9s betegs\u00e9gekre vezethet, m\u00edg egy-egy betegs\u00e9g kezel\u00e9s\u00e9nek szinte kiz\u00e1r\u00f3lagos m\u00f3dja a speci\u00e1lis takarm\u00e1nyoz\u00e1s (Hippokrat\u00e9sz: \u201eA t\u00e1pl\u00e1l\u00e9kod legyen az orvoss\u00e1god, \u00e9s az orvoss\u00e1god a t\u00e1pl\u00e1l\u00e9kod legyen.\u201d) A tananyagot \u00fagy \u00e1ll\u00edtottam \u00f6ssze, hogy a megszerzett ismeretek felhaszn\u00e1lhat\u00f3ak legyenek a h\u00e9tk\u00f6znapokban, de az oktatott tud\u00e1sanyag tartalmazza a leg\u00fajabb nemzetk\u00f6zi eredm\u00e9nyeket, ir\u00e1nyzatokat<\/p> <p>&nbsp;<\/p> <p><strong>El\u0151tanulm\u00e1nyi k\u00f6vetelm\u00e9nyek:<\/strong>\u00a0t\u00e1janat\u00f3mia, \u00e9lettan<\/p> <p>&nbsp;<\/p> <p><strong>A tant\u00e1rgy felel\u0151se:\u00a0<\/strong>Dr. Korbacska-Kutasi Orsolya<\/p>","protected":false},"excerpt":{"rendered":"<p>A tant\u00e1rgy c\u00e9lja: A lovak takarm\u00e1nyoz\u00e1sa \u00e9s dietetik\u00e1ja napjainkban m\u00e1r ugyanolyan specializ\u00e1lt ter\u00fclet, mint a hum\u00e1n dietetika. Azoknak, akik l\u00f3gy\u00f3gy\u00e1szattal szeretn\u00e9nek foglalkozni a k\u00e9s\u0151bbiekben fontos lenne, hogy behat\u00f3an ismerj\u00e9k a lovak em\u00e9szt\u00e9s\u00e9lettan\u00e1t, a k\u00fcl\u00f6nb\u00f6z\u0151 takarm\u00e1nyoz\u00e1si technik\u00e1kat, dietetikai m\u00f3dszereket. A helytelen takarm\u00e1nyoz\u00e1s r\u00f6vid hasznos \u00e9lettartamra \u00e9s betegs\u00e9gekre vezethet, m\u00edg egy-egy betegs\u00e9g kezel\u00e9s\u00e9nek szinte kiz\u00e1r\u00f3lagos m\u00f3dja a<\/p>\n","protected":false},"author":3837,"featured_media":0,"parent":677,"menu_order":113,"comment_status":"closed","ping_status":"closed","template":"","meta":{"_acf_changed":false,"footnotes":""},"categories":[],"tags":[],"class_list":["post-15953","page","type-page","status-publish","hentry"],"acf":[],"_links":{"self":[{"href":"https:\/\/univet.hu\/hu\/wp-json\/wp\/v2\/pages\/15953","targetHints":{"allow":["GET"]}}],"collection":[{"href":"https:\/\/univet.hu\/hu\/wp-json\/wp\/v2\/pages"}],"about":[{"href":"https:\/\/univet.hu\/hu\/wp-json\/wp\/v2\/types\/page"}],"author":[{"embeddable":true,"href":"https:\/\/univet.hu\/hu\/wp-json\/wp\/v2\/users\/3837"}],"replies":[{"embeddable":true,"href":"https:\/\/univet.hu\/hu\/wp-json\/wp\/v2\/comments?post=15953"}],"version-history":[{"count":0,"href":"https:\/\/univet.hu\/hu\/wp-json\/wp\/v2\/pages\/15953\/revisions"}],"up":[{"embeddable":true,"href":"https:\/\/univet.hu\/hu\/wp-json\/wp\/v2\/pages\/677"}],"wp:attachment":[{"href":"https:\/\/univet.hu\/hu\/wp-json\/wp\/v2\/media?parent=15953"}],"wp:term":[{"taxonomy":"category","embeddable":true,"href":"https:\/\/univet.hu\/hu\/wp-json\/wp\/v2\/categories?post=15953"},{"taxonomy":"post_tag","embeddable":true,"href":"https:\/\/univet.hu\/hu\/wp-json\/wp\/v2\/tags?post=15953"}],"curies":[{"name":"wp","href":"https:\/\/api.w.org\/{rel}","templated":true}]}}