{"id":15954,"date":"1970-01-01T00:00:00","date_gmt":"1969-12-31T23:00:00","guid":{"rendered":"http:\/\/univet.hu\/oktatas\/kurzusok\/lovak-teljesitmeny-elettana-es-a-sportlogyogyaszat\/"},"modified":"2023-07-28T02:50:50","modified_gmt":"2023-07-28T00:50:50","slug":"lovak-teljesitmeny-elettana-es-a-sportlogyogyaszat","status":"publish","type":"page","link":"https:\/\/univet.hu\/hu\/oktatas\/kurzusok\/lovak-teljesitmeny-elettana-es-a-sportlogyogyaszat\/","title":{"rendered":"Lovak teljes\u00edtm\u00e9ny-\u00e9lettana \u00e9s a sportl\u00f3gy\u00f3gy\u00e1szat"},"content":{"rendered":"<p><strong>A tant\u00e1rgy c\u00e9lja:<\/strong><\/p> <p>Az egyre sz\u00e9lesebb k\u00f6rben \u00e9s egyre magasabb sz\u00ednvonalon \u0171z\u00f6tt l\u00f3- \u00e9s lovassportok a sport\u00e9lettan jelent\u0151s\u00e9g\u00e9t kiemelked\u0151v\u00e9 tett\u00e9k. A t\u00e9ma a nemzetk\u00f6zi \u00e1llatorvos-tudom\u00e1nyban k\u00fcl\u00f6n tudom\u00e1ny\u00e1gg\u00e1 fejl\u0151d\u00f6tt, amibe felt\u00e9tlen bepillant\u00e1st kell nyernie egy leend\u0151 \u00e1llatorvosnak.<\/p> <p>&nbsp;<\/p> <p><strong>El\u0151tanulm\u00e1nyi k\u00f6vetelm\u00e9nyek:<\/strong> \u00e9lettan, k\u00f3r\u00e9lettan, \u00e1llatteny\u00e9szt\u00e9stan, takarm\u00e1nyoz\u00e1stan \u00e9s belgy\u00f3gy\u00e1szati diagnosztika<\/p> <p>&nbsp;<\/p> <p><strong>A tant\u00e1rgy felel\u0151se:\u00a0<\/strong>Dr. Korbacska-Kutasi Orsolya<\/p>","protected":false},"excerpt":{"rendered":"<p>A tant\u00e1rgy c\u00e9lja: Az egyre sz\u00e9lesebb k\u00f6rben \u00e9s egyre magasabb sz\u00ednvonalon \u0171z\u00f6tt l\u00f3- \u00e9s lovassportok a sport\u00e9lettan jelent\u0151s\u00e9g\u00e9t kiemelked\u0151v\u00e9 tett\u00e9k. A t\u00e9ma a nemzetk\u00f6zi \u00e1llatorvos-tudom\u00e1nyban k\u00fcl\u00f6n tudom\u00e1ny\u00e1gg\u00e1 fejl\u0151d\u00f6tt, amibe felt\u00e9tlen bepillant\u00e1st kell nyernie egy leend\u0151 \u00e1llatorvosnak. &nbsp; El\u0151tanulm\u00e1nyi k\u00f6vetelm\u00e9nyek: \u00e9lettan, k\u00f3r\u00e9lettan, \u00e1llatteny\u00e9szt\u00e9stan, takarm\u00e1nyoz\u00e1stan \u00e9s belgy\u00f3gy\u00e1szati diagnosztika &nbsp; A tant\u00e1rgy felel\u0151se:\u00a0Dr. Korbacska-Kutasi Orsolya<\/p>\n","protected":false},"author":3837,"featured_media":0,"parent":677,"menu_order":113,"comment_status":"closed","ping_status":"closed","template":"","meta":{"_acf_changed":false,"footnotes":""},"categories":[],"tags":[],"class_list":["post-15954","page","type-page","status-publish","hentry"],"acf":[],"_links":{"self":[{"href":"https:\/\/univet.hu\/hu\/wp-json\/wp\/v2\/pages\/15954","targetHints":{"allow":["GET"]}}],"collection":[{"href":"https:\/\/univet.hu\/hu\/wp-json\/wp\/v2\/pages"}],"about":[{"href":"https:\/\/univet.hu\/hu\/wp-json\/wp\/v2\/types\/page"}],"author":[{"embeddable":true,"href":"https:\/\/univet.hu\/hu\/wp-json\/wp\/v2\/users\/3837"}],"replies":[{"embeddable":true,"href":"https:\/\/univet.hu\/hu\/wp-json\/wp\/v2\/comments?post=15954"}],"version-history":[{"count":0,"href":"https:\/\/univet.hu\/hu\/wp-json\/wp\/v2\/pages\/15954\/revisions"}],"up":[{"embeddable":true,"href":"https:\/\/univet.hu\/hu\/wp-json\/wp\/v2\/pages\/677"}],"wp:attachment":[{"href":"https:\/\/univet.hu\/hu\/wp-json\/wp\/v2\/media?parent=15954"}],"wp:term":[{"taxonomy":"category","embeddable":true,"href":"https:\/\/univet.hu\/hu\/wp-json\/wp\/v2\/categories?post=15954"},{"taxonomy":"post_tag","embeddable":true,"href":"https:\/\/univet.hu\/hu\/wp-json\/wp\/v2\/tags?post=15954"}],"curies":[{"name":"wp","href":"https:\/\/api.w.org\/{rel}","templated":true}]}}