{"id":15957,"date":"1970-01-01T00:00:00","date_gmt":"1969-12-31T23:00:00","guid":{"rendered":"http:\/\/univet.hu\/oktatas\/kurzusok\/matematikai-fejtorok-furcsasagok-paradoxonok\/"},"modified":"2024-10-15T11:36:57","modified_gmt":"2024-10-15T09:36:57","slug":"matematikai-fejtorok-furcsasagok-paradoxonok","status":"publish","type":"page","link":"https:\/\/univet.hu\/hu\/oktatas\/kurzusok\/matematikai-fejtorok-furcsasagok-paradoxonok\/","title":{"rendered":"Matematikai fejt\u00f6r\u0151k, furcsas\u00e1gok, paradoxonok"},"content":{"rendered":"<p>Sz\u00f3rakoztat\u00f3 kalandoz\u00e1s a matematika k\u00fcl\u00f6nb\u00f6z\u0151 ter\u00fcletein a rejtv\u00e9nyeket, fejt\u00f6r\u0151ket kedvel\u0151 hallgat\u00f3k sz\u00e1m\u00e1ra. C\u00e9lja a logikus gondolkoz\u00e1s gyakorl\u00e1sa \u00e9s fejleszt\u00e9se, valamint j\u00e1t\u00e9kos \u00e9s komoly paradoxonokon, illetve h\u00edres feladatokon kereszt\u00fcl a tudom\u00e1nyos gondolkod\u00e1s m\u00f3dszereinek \u00e9s fejl\u0151d\u00e9s\u00e9nek a bemutat\u00e1sa.<\/p> <p>C\u00edmszavas tematika: logikai fejt\u00f6r\u0151k \u00e9s paradoxonok; halmazelm\u00e9leti paradoxonok; a v\u00e9gtelen(ek) fogalma, furcsas\u00e1gok a v\u00e9gtelennel kapcsolatban; egyszer\u0171(nek l\u00e1tsz\u00f3) val\u00f3sz\u00edn\u0171s\u00e9gsz\u00e1m\u00edt\u00e1si feladatok; paradoxonok a val\u00f3sz\u00edn\u0171s\u00e9gsz\u00e1m\u00edt\u00e1sban; Monte Carlo m\u00f3dszerek, sz\u00e1m\u00edt\u00f3g\u00e9pes szimul\u00e1ci\u00f3; a modellez\u00e9s neh\u00e9zs\u00e9gei; h\u00edres matematikai feladatok.<\/p>","protected":false},"excerpt":{"rendered":"<p>Sz\u00f3rakoztat\u00f3 kalandoz\u00e1s a matematika k\u00fcl\u00f6nb\u00f6z\u0151 ter\u00fcletein a rejtv\u00e9nyeket, fejt\u00f6r\u0151ket kedvel\u0151 hallgat\u00f3k sz\u00e1m\u00e1ra. C\u00e9lja a logikus gondolkoz\u00e1s gyakorl\u00e1sa \u00e9s fejleszt\u00e9se, valamint j\u00e1t\u00e9kos \u00e9s komoly paradoxonokon, illetve h\u00edres feladatokon kereszt\u00fcl a tudom\u00e1nyos gondolkod\u00e1s m\u00f3dszereinek \u00e9s fejl\u0151d\u00e9s\u00e9nek a bemutat\u00e1sa. C\u00edmszavas tematika: logikai fejt\u00f6r\u0151k \u00e9s paradoxonok; halmazelm\u00e9leti paradoxonok; a v\u00e9gtelen(ek) fogalma, furcsas\u00e1gok a v\u00e9gtelennel kapcsolatban; egyszer\u0171(nek l\u00e1tsz\u00f3) val\u00f3sz\u00edn\u0171s\u00e9gsz\u00e1m\u00edt\u00e1si feladatok;<\/p>\n","protected":false},"author":3837,"featured_media":0,"parent":677,"menu_order":113,"comment_status":"closed","ping_status":"closed","template":"","meta":{"_acf_changed":false,"footnotes":""},"categories":[],"tags":[],"class_list":["post-15957","page","type-page","status-publish","hentry"],"acf":[],"_links":{"self":[{"href":"https:\/\/univet.hu\/hu\/wp-json\/wp\/v2\/pages\/15957","targetHints":{"allow":["GET"]}}],"collection":[{"href":"https:\/\/univet.hu\/hu\/wp-json\/wp\/v2\/pages"}],"about":[{"href":"https:\/\/univet.hu\/hu\/wp-json\/wp\/v2\/types\/page"}],"author":[{"embeddable":true,"href":"https:\/\/univet.hu\/hu\/wp-json\/wp\/v2\/users\/3837"}],"replies":[{"embeddable":true,"href":"https:\/\/univet.hu\/hu\/wp-json\/wp\/v2\/comments?post=15957"}],"version-history":[{"count":0,"href":"https:\/\/univet.hu\/hu\/wp-json\/wp\/v2\/pages\/15957\/revisions"}],"up":[{"embeddable":true,"href":"https:\/\/univet.hu\/hu\/wp-json\/wp\/v2\/pages\/677"}],"wp:attachment":[{"href":"https:\/\/univet.hu\/hu\/wp-json\/wp\/v2\/media?parent=15957"}],"wp:term":[{"taxonomy":"category","embeddable":true,"href":"https:\/\/univet.hu\/hu\/wp-json\/wp\/v2\/categories?post=15957"},{"taxonomy":"post_tag","embeddable":true,"href":"https:\/\/univet.hu\/hu\/wp-json\/wp\/v2\/tags?post=15957"}],"curies":[{"name":"wp","href":"https:\/\/api.w.org\/{rel}","templated":true}]}}