{"id":15958,"date":"1970-01-01T00:00:00","date_gmt":"1969-12-31T23:00:00","guid":{"rendered":"http:\/\/univet.hu\/oktatas\/kurzusok\/mehbiologia-es-meheszet-biologus-msc\/"},"modified":"1970-01-01T00:00:00","modified_gmt":"1969-12-31T23:00:00","slug":"mehbiologia-es-meheszet-biologus-msc","status":"publish","type":"page","link":"https:\/\/univet.hu\/hu\/oktatas\/kurzusok\/mehbiologia-es-meheszet-biologus-msc\/","title":{"rendered":"M\u00e9hbiol\u00f3gia \u00e9s m\u00e9h\u00e9szet &#8211; biol\u00f3gus MSc"},"content":{"rendered":"<p>tant\u00e1rgyfelel\u0151s: Dr. S\u00e1rospataki Mikl\u00f3s<\/p> <p>A m\u00e9hek csoportj\u00e1nak biol\u00f3giai, rendszertani, \u00f6kol\u00f3giai, term\u00e9szetv\u00e9delmi megismer\u00e9se<\/p> <p>k\u00f6telez\u0151 irodalom:<\/p> <p>S\u00e1rospataki Mikl\u00f3s: A m\u00e9h\u00e9szet biol\u00f3giai alapjai. Egyetemi jegyzet, 2005, Szent Istv\u00e1n Egyetem, G\u00f6d\u00f6ll\u0151.<\/p> <p>S\u00e1rospataki Mikl\u00f3s: M\u00e9hek biol\u00f3gi\u00e1ja, Egyetemi kurzus v\u00e1zlatanyaga, k\u00e9zirat<\/p> <p>aj\u00e1nlott:<\/p> <p>\u0150r\u00f6si P\u00e1l Zolt\u00e1n: M\u00e9hek k\u00f6z\u00f6tt. 1968, Mez\u0151gazdas\u00e1gi Kiad\u00f3, Budapest.<\/p> <p>Michener, C.D.. (2007) The Bees of theWorld The Johns Hopkins University Press, Baltimore<\/p><\/p>","protected":false},"excerpt":{"rendered":"<p>tant\u00e1rgyfelel\u0151s: Dr. S\u00e1rospataki Mikl\u00f3s A m\u00e9hek csoportj\u00e1nak biol\u00f3giai, rendszertani, \u00f6kol\u00f3giai, term\u00e9szetv\u00e9delmi megismer\u00e9se k\u00f6telez\u0151 irodalom: S\u00e1rospataki Mikl\u00f3s: A m\u00e9h\u00e9szet biol\u00f3giai alapjai. Egyetemi jegyzet, 2005, Szent Istv\u00e1n Egyetem, G\u00f6d\u00f6ll\u0151. S\u00e1rospataki Mikl\u00f3s: M\u00e9hek biol\u00f3gi\u00e1ja, Egyetemi kurzus v\u00e1zlatanyaga, k\u00e9zirat aj\u00e1nlott: \u0150r\u00f6si P\u00e1l Zolt\u00e1n: M\u00e9hek k\u00f6z\u00f6tt. 1968, Mez\u0151gazdas\u00e1gi Kiad\u00f3, Budapest. Michener, C.D.. (2007) The Bees of theWorld The Johns Hopkins<\/p>\n","protected":false},"author":3837,"featured_media":0,"parent":677,"menu_order":113,"comment_status":"closed","ping_status":"closed","template":"","meta":{"_acf_changed":false,"footnotes":""},"categories":[],"tags":[],"class_list":["post-15958","page","type-page","status-publish","hentry"],"acf":[],"_links":{"self":[{"href":"https:\/\/univet.hu\/hu\/wp-json\/wp\/v2\/pages\/15958","targetHints":{"allow":["GET"]}}],"collection":[{"href":"https:\/\/univet.hu\/hu\/wp-json\/wp\/v2\/pages"}],"about":[{"href":"https:\/\/univet.hu\/hu\/wp-json\/wp\/v2\/types\/page"}],"author":[{"embeddable":true,"href":"https:\/\/univet.hu\/hu\/wp-json\/wp\/v2\/users\/3837"}],"replies":[{"embeddable":true,"href":"https:\/\/univet.hu\/hu\/wp-json\/wp\/v2\/comments?post=15958"}],"version-history":[{"count":0,"href":"https:\/\/univet.hu\/hu\/wp-json\/wp\/v2\/pages\/15958\/revisions"}],"up":[{"embeddable":true,"href":"https:\/\/univet.hu\/hu\/wp-json\/wp\/v2\/pages\/677"}],"wp:attachment":[{"href":"https:\/\/univet.hu\/hu\/wp-json\/wp\/v2\/media?parent=15958"}],"wp:term":[{"taxonomy":"category","embeddable":true,"href":"https:\/\/univet.hu\/hu\/wp-json\/wp\/v2\/categories?post=15958"},{"taxonomy":"post_tag","embeddable":true,"href":"https:\/\/univet.hu\/hu\/wp-json\/wp\/v2\/tags?post=15958"}],"curies":[{"name":"wp","href":"https:\/\/api.w.org\/{rel}","templated":true}]}}