{"id":15960,"date":"1970-01-01T00:00:00","date_gmt":"1969-12-31T23:00:00","guid":{"rendered":"http:\/\/univet.hu\/oktatas\/kurzusok\/mergezo-kerti-es-szobanovenyek\/"},"modified":"2023-02-07T13:17:04","modified_gmt":"2023-02-07T12:17:04","slug":"mergezo-kerti-es-szobanovenyek","status":"publish","type":"page","link":"https:\/\/univet.hu\/hu\/oktatas\/kurzusok\/mergezo-kerti-es-szobanovenyek\/","title":{"rendered":"M\u00e9rgez\u0151 kerti- \u00e9s szoban\u00f6v\u00e9nyek"},"content":{"rendered":"<p><strong>Tant\u00e1rgyfelel\u0151s:<\/strong> Dr. Cserhalmi D\u00e1niel (<a class=\"decrypt\" rel=\"dtfsibmnj\/ebojfmAvojwfu\/iv\" href=\"javascript:void(0);\">[Kattintson az emailc\u00edmhez]<\/a>)<br \/> <strong>El\u0151ad\u00e1sok\/gyakorlatok helysz\u00ednei:<\/strong> 1077. Bp. Rottenbiller u. 50. 1\/6.<\/p> <p>A tant\u00e1rgy c\u00e9lja, hogy a hallgat\u00f3kat megismertesse azon m\u00e9rgez\u0151 n\u00f6v\u00e9nyek k\u00f6r\u00e9vel, melyekkel els\u0151sorban d\u00edszn\u00f6v\u00e9nyk\u00e9nt tal\u00e1lkoznak a lak\u00e1sban vagy a kertben, \u00edgy azok eg\u00e9szs\u00e9g\u00fcgyi kock\u00e1zata nagyobb az otthoni t\u00e1rs\u00e1llatokra n\u00e9zve. Ezen fajok nem k\u00e9pzik r\u00e9sz\u00e9t az \u00c1llatorvosi n\u00f6v\u00e9nytan t\u00e1rgynak, \u00edgy azt kieg\u00e9sz\u00edtve adnak \u00e1tfog\u00f3bb k\u00e9pet a n\u00f6v\u00e9nyi m\u00e9rgez\u00e9sekr\u0151l.<\/p> <p>Az \u00e1llatorvostan hallgat\u00f3k sz\u00e1m\u00e1ra tetsz\u0151leges f\u00e9l\u00e9vben, a biol\u00f3g\u00f3s k\u00e9pz\u00e9sben pedig az MSc k\u00e9pz\u00e9sben javasolt.<\/p> <p><strong>K\u00f6telez\u0151 irodalom:\u00a0<\/strong><\/p> <p>Az el\u0151ad\u00e1sok anyaga.<\/p> <p><strong>Aj\u00e1nlott irodalom:<\/strong><\/p> <ul> <li>Anthony P. Knight: a guide to poisonous house and garden plants. Teton Media, 2006<\/li> <\/ul>","protected":false},"excerpt":{"rendered":"<p>Tant\u00e1rgyfelel\u0151s: Dr. Cserhalmi D\u00e1niel ([Kattintson az emailc\u00edmhez]) El\u0151ad\u00e1sok\/gyakorlatok helysz\u00ednei: 1077. Bp. Rottenbiller u. 50. 1\/6. A tant\u00e1rgy c\u00e9lja, hogy a hallgat\u00f3kat megismertesse azon m\u00e9rgez\u0151 n\u00f6v\u00e9nyek k\u00f6r\u00e9vel, melyekkel els\u0151sorban d\u00edszn\u00f6v\u00e9nyk\u00e9nt tal\u00e1lkoznak a lak\u00e1sban vagy a kertben, \u00edgy azok eg\u00e9szs\u00e9g\u00fcgyi kock\u00e1zata nagyobb az otthoni t\u00e1rs\u00e1llatokra n\u00e9zve. Ezen fajok nem k\u00e9pzik r\u00e9sz\u00e9t az \u00c1llatorvosi n\u00f6v\u00e9nytan t\u00e1rgynak, \u00edgy azt<\/p>\n","protected":false},"author":3837,"featured_media":0,"parent":677,"menu_order":113,"comment_status":"closed","ping_status":"closed","template":"","meta":{"_acf_changed":false,"footnotes":""},"categories":[],"tags":[],"class_list":["post-15960","page","type-page","status-publish","hentry"],"acf":[],"_links":{"self":[{"href":"https:\/\/univet.hu\/hu\/wp-json\/wp\/v2\/pages\/15960","targetHints":{"allow":["GET"]}}],"collection":[{"href":"https:\/\/univet.hu\/hu\/wp-json\/wp\/v2\/pages"}],"about":[{"href":"https:\/\/univet.hu\/hu\/wp-json\/wp\/v2\/types\/page"}],"author":[{"embeddable":true,"href":"https:\/\/univet.hu\/hu\/wp-json\/wp\/v2\/users\/3837"}],"replies":[{"embeddable":true,"href":"https:\/\/univet.hu\/hu\/wp-json\/wp\/v2\/comments?post=15960"}],"version-history":[{"count":0,"href":"https:\/\/univet.hu\/hu\/wp-json\/wp\/v2\/pages\/15960\/revisions"}],"up":[{"embeddable":true,"href":"https:\/\/univet.hu\/hu\/wp-json\/wp\/v2\/pages\/677"}],"wp:attachment":[{"href":"https:\/\/univet.hu\/hu\/wp-json\/wp\/v2\/media?parent=15960"}],"wp:term":[{"taxonomy":"category","embeddable":true,"href":"https:\/\/univet.hu\/hu\/wp-json\/wp\/v2\/categories?post=15960"},{"taxonomy":"post_tag","embeddable":true,"href":"https:\/\/univet.hu\/hu\/wp-json\/wp\/v2\/tags?post=15960"}],"curies":[{"name":"wp","href":"https:\/\/api.w.org\/{rel}","templated":true}]}}