{"id":15962,"date":"1970-01-01T00:00:00","date_gmt":"1969-12-31T23:00:00","guid":{"rendered":"http:\/\/univet.hu\/oktatas\/kurzusok\/mikrobialis-okologia-biologus-msc\/"},"modified":"1970-01-01T00:00:00","modified_gmt":"1969-12-31T23:00:00","slug":"mikrobialis-okologia-biologus-msc","status":"publish","type":"page","link":"https:\/\/univet.hu\/hu\/oktatas\/kurzusok\/mikrobialis-okologia-biologus-msc\/","title":{"rendered":"Mikrobi\u00e1lis \u00f6kol\u00f3gia -biol\u00f3gus MSc"},"content":{"rendered":"<p>A t\u00e1rgy bemutatja a mikroorganizmusok szerep\u00e9t a bioszf\u00e9ra kialakul\u00e1s\u00e1ban \u00e9s fenntart\u00e1s\u00e1ban, valamint a mikroorganizmusok \u00e9s k\u00f6rnyezet\u00fck k\u00f6z\u00f6tti kapcsolatok t\u00f6rv\u00e9nyszer\u0171s\u00e9geit. Egys\u00e9ges keretben foglalkozik a hagyom\u00e1nyos leveg\u0151-, v\u00edz \u00e9s talajmikrobiol\u00f3giai ismeretekkel, azok alkalmaz\u00e1saival az al\u00e1bbi t\u00e9mak\u00f6r\u00f6k szerint: evol\u00faci\u00f3 mikrobiol\u00f3giai diverzit\u00e1s, interakci\u00f3k, mikr\u00f3b\u00e1k szerepe a biogeok\u00e9miai folyamatokban, szerves- \u00e9s szervetlen szennyez\u0151d\u00e9sek \u00e9s mikr\u00f3b\u00e1k kapcsolata, k\u00f6rnyezeti hat\u00e1sok, biol\u00f3giai kontrol.<\/p> <p>K\u00f6telez\u0151 \u00e9s aj\u00e1nlott irodalom:<br \/>Szab\u00f3 Istv\u00e1n Mih\u00e1ly: A bioszf\u00e9ra mikrobiol\u00f3gi\u00e1ja I-IV., Akad\u00e9miai Kiad\u00f3, 1995-1999.<br \/>Gruiz K.: K\u00f6rnyezettoxikol\u00f3gia, M\u0171egyetemi Kiad\u00f3, 2001.<br \/>Patrick JJembe: Environmental Microbiology , Science Publisher 2004<\/p><\/p>","protected":false},"excerpt":{"rendered":"<p>A t\u00e1rgy bemutatja a mikroorganizmusok szerep\u00e9t a bioszf\u00e9ra kialakul\u00e1s\u00e1ban \u00e9s fenntart\u00e1s\u00e1ban, valamint a mikroorganizmusok \u00e9s k\u00f6rnyezet\u00fck k\u00f6z\u00f6tti kapcsolatok t\u00f6rv\u00e9nyszer\u0171s\u00e9geit. Egys\u00e9ges keretben foglalkozik a hagyom\u00e1nyos leveg\u0151-, v\u00edz \u00e9s talajmikrobiol\u00f3giai ismeretekkel, azok alkalmaz\u00e1saival az al\u00e1bbi t\u00e9mak\u00f6r\u00f6k szerint: evol\u00faci\u00f3 mikrobiol\u00f3giai diverzit\u00e1s, interakci\u00f3k, mikr\u00f3b\u00e1k szerepe a biogeok\u00e9miai folyamatokban, szerves- \u00e9s szervetlen szennyez\u0151d\u00e9sek \u00e9s mikr\u00f3b\u00e1k kapcsolata, k\u00f6rnyezeti hat\u00e1sok, biol\u00f3giai kontrol.<\/p>\n","protected":false},"author":3837,"featured_media":0,"parent":677,"menu_order":113,"comment_status":"closed","ping_status":"closed","template":"","meta":{"_acf_changed":false,"footnotes":""},"categories":[],"tags":[],"class_list":["post-15962","page","type-page","status-publish","hentry"],"acf":[],"_links":{"self":[{"href":"https:\/\/univet.hu\/hu\/wp-json\/wp\/v2\/pages\/15962","targetHints":{"allow":["GET"]}}],"collection":[{"href":"https:\/\/univet.hu\/hu\/wp-json\/wp\/v2\/pages"}],"about":[{"href":"https:\/\/univet.hu\/hu\/wp-json\/wp\/v2\/types\/page"}],"author":[{"embeddable":true,"href":"https:\/\/univet.hu\/hu\/wp-json\/wp\/v2\/users\/3837"}],"replies":[{"embeddable":true,"href":"https:\/\/univet.hu\/hu\/wp-json\/wp\/v2\/comments?post=15962"}],"version-history":[{"count":0,"href":"https:\/\/univet.hu\/hu\/wp-json\/wp\/v2\/pages\/15962\/revisions"}],"up":[{"embeddable":true,"href":"https:\/\/univet.hu\/hu\/wp-json\/wp\/v2\/pages\/677"}],"wp:attachment":[{"href":"https:\/\/univet.hu\/hu\/wp-json\/wp\/v2\/media?parent=15962"}],"wp:term":[{"taxonomy":"category","embeddable":true,"href":"https:\/\/univet.hu\/hu\/wp-json\/wp\/v2\/categories?post=15962"},{"taxonomy":"post_tag","embeddable":true,"href":"https:\/\/univet.hu\/hu\/wp-json\/wp\/v2\/tags?post=15962"}],"curies":[{"name":"wp","href":"https:\/\/api.w.org\/{rel}","templated":true}]}}