{"id":15963,"date":"1970-01-01T00:00:00","date_gmt":"1969-12-31T23:00:00","guid":{"rendered":"http:\/\/univet.hu\/oktatas\/kurzusok\/mikrobiologia-biologus-msc\/"},"modified":"1970-01-01T00:00:00","modified_gmt":"1969-12-31T23:00:00","slug":"mikrobiologia-biologus-msc","status":"publish","type":"page","link":"https:\/\/univet.hu\/hu\/oktatas\/kurzusok\/mikrobiologia-biologus-msc\/","title":{"rendered":"Mikrobiol\u00f3gia &#8211; biol\u00f3gus MSc"},"content":{"rendered":"<p>A mikroorganizmusok f\u0151bb csoportjainak \u00e1ltal\u00e1nos bemutat\u00e1sa, \u00e9lettani, morfol\u00f3giai, fiziol\u00f3giai jellemz\u0151ik le\u00edr\u00e1sa. Tev\u00e9kenys\u00e9g\u00fck \u00e9s szerep\u00fck a bioszf\u00e9r\u00e1ban. A mikroorganizmusok n\u00f6veked\u00e9s\u00e9nek \u00e9s szaporod\u00e1s\u00e1nak le\u00edr\u00e1sa. A mikrob\u00e1k \u00e1ltal termelt metabolitok jelent\u0151s\u00e9ge. Mikroorganizmusok jelent\u0151s\u00e9ge a talajban, a mez\u0151gazdas\u00e1gban, a k\u00f6rnyezetgazd\u00e1lkod\u00e1sban, az iparban \u00e9s az eg\u00e9szs\u00e9g\u00fcgyben. Mikrob\u00e1k teny\u00e9szt\u00e9se, kimutat\u00e1sa, diagnosztikai elj\u00e1r\u00e1sok. Mikroorganizmusok t\u00e1rsul\u00e1sokban, patog\u00e9n \u00e9s szimbionta kapcsolatok. Mikroorganizmusok genetik\u00e1ja \u00e9s \u00f6kol\u00f3gi\u00e1ja.<br \/>K\u00f6telez\u0151 \u00e9s aj\u00e1nlott irodalom:<br \/>Bir\u00f3 S., Hornok L., Kevei F., Kucsera J., Mar\u00e1z A., Pesti M., Sz\u0171cs Gy., V\u00e1gv\u00f6lgyi Cs. (2001): \u00c1ltal\u00e1nos Mikrobiol\u00f3gia. Dial\u00f3g Campus Kiad\u00f3, Budapest-P\u00e9cs, 308 p.<br \/>Cappucino, J., Sherman, N. (2006): Microbiology: A Laboratory Manual. 7th edition. B. Cummings, New York, 544 p.<br \/>Madigan, M., Martinko, J. (2005): Brock Biology of Microorganisms. 11th edition. Prentice Hall International, London, 986 p.<\/p><\/p>","protected":false},"excerpt":{"rendered":"<p>A mikroorganizmusok f\u0151bb csoportjainak \u00e1ltal\u00e1nos bemutat\u00e1sa, \u00e9lettani, morfol\u00f3giai, fiziol\u00f3giai jellemz\u0151ik le\u00edr\u00e1sa. Tev\u00e9kenys\u00e9g\u00fck \u00e9s szerep\u00fck a bioszf\u00e9r\u00e1ban. A mikroorganizmusok n\u00f6veked\u00e9s\u00e9nek \u00e9s szaporod\u00e1s\u00e1nak le\u00edr\u00e1sa. A mikrob\u00e1k \u00e1ltal termelt metabolitok jelent\u0151s\u00e9ge. Mikroorganizmusok jelent\u0151s\u00e9ge a talajban, a mez\u0151gazdas\u00e1gban, a k\u00f6rnyezetgazd\u00e1lkod\u00e1sban, az iparban \u00e9s az eg\u00e9szs\u00e9g\u00fcgyben. Mikrob\u00e1k teny\u00e9szt\u00e9se, kimutat\u00e1sa, diagnosztikai elj\u00e1r\u00e1sok. Mikroorganizmusok t\u00e1rsul\u00e1sokban, patog\u00e9n \u00e9s szimbionta kapcsolatok. Mikroorganizmusok genetik\u00e1ja \u00e9s<\/p>\n","protected":false},"author":3837,"featured_media":0,"parent":677,"menu_order":113,"comment_status":"closed","ping_status":"closed","template":"","meta":{"_acf_changed":false,"footnotes":""},"categories":[],"tags":[],"class_list":["post-15963","page","type-page","status-publish","hentry"],"acf":[],"_links":{"self":[{"href":"https:\/\/univet.hu\/hu\/wp-json\/wp\/v2\/pages\/15963","targetHints":{"allow":["GET"]}}],"collection":[{"href":"https:\/\/univet.hu\/hu\/wp-json\/wp\/v2\/pages"}],"about":[{"href":"https:\/\/univet.hu\/hu\/wp-json\/wp\/v2\/types\/page"}],"author":[{"embeddable":true,"href":"https:\/\/univet.hu\/hu\/wp-json\/wp\/v2\/users\/3837"}],"replies":[{"embeddable":true,"href":"https:\/\/univet.hu\/hu\/wp-json\/wp\/v2\/comments?post=15963"}],"version-history":[{"count":0,"href":"https:\/\/univet.hu\/hu\/wp-json\/wp\/v2\/pages\/15963\/revisions"}],"up":[{"embeddable":true,"href":"https:\/\/univet.hu\/hu\/wp-json\/wp\/v2\/pages\/677"}],"wp:attachment":[{"href":"https:\/\/univet.hu\/hu\/wp-json\/wp\/v2\/media?parent=15963"}],"wp:term":[{"taxonomy":"category","embeddable":true,"href":"https:\/\/univet.hu\/hu\/wp-json\/wp\/v2\/categories?post=15963"},{"taxonomy":"post_tag","embeddable":true,"href":"https:\/\/univet.hu\/hu\/wp-json\/wp\/v2\/tags?post=15963"}],"curies":[{"name":"wp","href":"https:\/\/api.w.org\/{rel}","templated":true}]}}