{"id":15964,"date":"1970-01-01T00:00:00","date_gmt":"1969-12-31T23:00:00","guid":{"rendered":"http:\/\/univet.hu\/oktatas\/kurzusok\/mikrobiologiai-biotechnologia\/"},"modified":"2019-01-31T12:08:41","modified_gmt":"2019-01-31T11:08:41","slug":"mikrobiologiai-biotechnologia","status":"publish","type":"page","link":"https:\/\/univet.hu\/hu\/oktatas\/kurzusok\/mikrobiologiai-biotechnologia\/","title":{"rendered":"Mikrobiol\u00f3giai biotechnol\u00f3gia"},"content":{"rendered":"<p>A mikrobiol\u00f3giai biotechnol\u00f3gi\u00e1nak, ennek a folyamatosan v\u00e1ltoz\u00f3, fejl\u0151d\u0151 t\u00e1rgynak az alapelveit, m\u00f3dszereit \u00e9s a fejl\u0151d\u00e9s v\u00e1rhat\u00f3 ir\u00e1nyait foglaljuk \u00f6ssze. A t\u00e1rgy \u00e1ttekint\u00e9st ny\u00fajt a biotechnol\u00f3gi\u00e1r\u00f3l, g\u00e9nmanipul\u00e1ci\u00f3kr\u00f3l, rekombin\u00e1ns technol\u00f3gi\u00e1r\u00f3l, restrikci\u00f3s endonukle\u00e1zokkal v\u00e9gzett vizsg\u00e1latokr\u00f3l, kl\u00f3noz\u00e1sr\u00f3l, \u00faj vakcina \u00e9s diagnosztikum el\u0151\u00e1ll\u00edt\u00e1si elj\u00e1r\u00e1sokr\u00f3l, r\u00e1mutatva ezek \u00e1llatorvosi jelent\u0151s\u00e9g\u00e9re \u00e9s gyakorlati alkalmazhat\u00f3s\u00e1g\u00e1ra.<\/p> <p>Oktat\u00f3: Bakonyi Tam\u00e1s, Forg\u00e1ch Petra \u00e9s megh\u00edvott el\u0151ad\u00f3k<\/p> <p>A gyakorlatok rendje<br \/> Nincs gyakorlat<\/p> <p>Oktat\u00e1si felt\u00e9telek<br \/> Az el\u0151ad\u00e1sokat a kar valamelyik tanterm\u00e9ben tartjuk, az el\u0151ad\u00e1s v\u00e1zlat\u00e1t \u00e9s a bemutat\u00e1sra sz\u00e1nt k\u00e9peket sz\u00e1m\u00edt\u00f3g\u00e9ppel, projektorral, diavet\u00edt\u0151vel vet\u00edtj\u00fck. A hallgat\u00f3k az el\u0151ad\u00e1sok teljes anyag\u00e1t a vizsga el\u0151tt elektronikus form\u00e1ban k\u00e9zhez kapj\u00e1k.<\/p> <p>Aj\u00e1nlott irodalom<br \/> B\u00e1lint Mikl\u00f3s. Molekul\u00e1ris biol\u00f3gia. M\u0171szaki K\u00f6nyvkiad\u00f3, Budapest. 2000<\/p> <p>&nbsp;<\/p>","protected":false},"excerpt":{"rendered":"<p>A mikrobiol\u00f3giai biotechnol\u00f3gi\u00e1nak, ennek a folyamatosan v\u00e1ltoz\u00f3, fejl\u0151d\u0151 t\u00e1rgynak az alapelveit, m\u00f3dszereit \u00e9s a fejl\u0151d\u00e9s v\u00e1rhat\u00f3 ir\u00e1nyait foglaljuk \u00f6ssze. A t\u00e1rgy \u00e1ttekint\u00e9st ny\u00fajt a biotechnol\u00f3gi\u00e1r\u00f3l, g\u00e9nmanipul\u00e1ci\u00f3kr\u00f3l, rekombin\u00e1ns technol\u00f3gi\u00e1r\u00f3l, restrikci\u00f3s endonukle\u00e1zokkal v\u00e9gzett vizsg\u00e1latokr\u00f3l, kl\u00f3noz\u00e1sr\u00f3l, \u00faj vakcina \u00e9s diagnosztikum el\u0151\u00e1ll\u00edt\u00e1si elj\u00e1r\u00e1sokr\u00f3l, r\u00e1mutatva ezek \u00e1llatorvosi jelent\u0151s\u00e9g\u00e9re \u00e9s gyakorlati alkalmazhat\u00f3s\u00e1g\u00e1ra. Oktat\u00f3: Bakonyi Tam\u00e1s, Forg\u00e1ch Petra \u00e9s megh\u00edvott el\u0151ad\u00f3k A<\/p>\n","protected":false},"author":3837,"featured_media":0,"parent":677,"menu_order":113,"comment_status":"closed","ping_status":"closed","template":"","meta":{"_acf_changed":false,"footnotes":""},"categories":[],"tags":[],"class_list":["post-15964","page","type-page","status-publish","hentry"],"acf":[],"_links":{"self":[{"href":"https:\/\/univet.hu\/hu\/wp-json\/wp\/v2\/pages\/15964","targetHints":{"allow":["GET"]}}],"collection":[{"href":"https:\/\/univet.hu\/hu\/wp-json\/wp\/v2\/pages"}],"about":[{"href":"https:\/\/univet.hu\/hu\/wp-json\/wp\/v2\/types\/page"}],"author":[{"embeddable":true,"href":"https:\/\/univet.hu\/hu\/wp-json\/wp\/v2\/users\/3837"}],"replies":[{"embeddable":true,"href":"https:\/\/univet.hu\/hu\/wp-json\/wp\/v2\/comments?post=15964"}],"version-history":[{"count":0,"href":"https:\/\/univet.hu\/hu\/wp-json\/wp\/v2\/pages\/15964\/revisions"}],"up":[{"embeddable":true,"href":"https:\/\/univet.hu\/hu\/wp-json\/wp\/v2\/pages\/677"}],"wp:attachment":[{"href":"https:\/\/univet.hu\/hu\/wp-json\/wp\/v2\/media?parent=15964"}],"wp:term":[{"taxonomy":"category","embeddable":true,"href":"https:\/\/univet.hu\/hu\/wp-json\/wp\/v2\/categories?post=15964"},{"taxonomy":"post_tag","embeddable":true,"href":"https:\/\/univet.hu\/hu\/wp-json\/wp\/v2\/tags?post=15964"}],"curies":[{"name":"wp","href":"https:\/\/api.w.org\/{rel}","templated":true}]}}