{"id":15965,"date":"1970-01-01T00:00:00","date_gmt":"1969-12-31T23:00:00","guid":{"rendered":"http:\/\/univet.hu\/oktatas\/kurzusok\/mikrobiologiai-elelmiszer-biztonsag\/"},"modified":"2023-05-05T14:35:57","modified_gmt":"2023-05-05T12:35:57","slug":"mikrobiologiai-elelmiszer-biztonsag","status":"publish","type":"page","link":"https:\/\/univet.hu\/hu\/oktatas\/kurzusok\/mikrobiologiai-elelmiszer-biztonsag\/","title":{"rendered":"Mikrobiol\u00f3giai \u00e9lelmiszer-biztons\u00e1g"},"content":{"rendered":"<p>&nbsp;<\/p> <p style=\"text-align: center;\"><strong>A fakult\u00e1ci\u00f3 a 2022\/2023-as tan\u00e9vben nem indul.<\/strong><\/p>","protected":false},"excerpt":{"rendered":"<p>&nbsp; A fakult\u00e1ci\u00f3 a 2022\/2023-as tan\u00e9vben nem indul.<\/p>\n","protected":false},"author":3837,"featured_media":0,"parent":677,"menu_order":113,"comment_status":"closed","ping_status":"closed","template":"","meta":{"_acf_changed":false,"footnotes":""},"categories":[],"tags":[],"class_list":["post-15965","page","type-page","status-publish","hentry"],"acf":[],"_links":{"self":[{"href":"https:\/\/univet.hu\/hu\/wp-json\/wp\/v2\/pages\/15965","targetHints":{"allow":["GET"]}}],"collection":[{"href":"https:\/\/univet.hu\/hu\/wp-json\/wp\/v2\/pages"}],"about":[{"href":"https:\/\/univet.hu\/hu\/wp-json\/wp\/v2\/types\/page"}],"author":[{"embeddable":true,"href":"https:\/\/univet.hu\/hu\/wp-json\/wp\/v2\/users\/3837"}],"replies":[{"embeddable":true,"href":"https:\/\/univet.hu\/hu\/wp-json\/wp\/v2\/comments?post=15965"}],"version-history":[{"count":0,"href":"https:\/\/univet.hu\/hu\/wp-json\/wp\/v2\/pages\/15965\/revisions"}],"up":[{"embeddable":true,"href":"https:\/\/univet.hu\/hu\/wp-json\/wp\/v2\/pages\/677"}],"wp:attachment":[{"href":"https:\/\/univet.hu\/hu\/wp-json\/wp\/v2\/media?parent=15965"}],"wp:term":[{"taxonomy":"category","embeddable":true,"href":"https:\/\/univet.hu\/hu\/wp-json\/wp\/v2\/categories?post=15965"},{"taxonomy":"post_tag","embeddable":true,"href":"https:\/\/univet.hu\/hu\/wp-json\/wp\/v2\/tags?post=15965"}],"curies":[{"name":"wp","href":"https:\/\/api.w.org\/{rel}","templated":true}]}}