{"id":15968,"date":"1970-01-01T00:00:00","date_gmt":"1969-12-31T23:00:00","guid":{"rendered":"http:\/\/univet.hu\/oktatas\/kurzusok\/modern-anyagok-az-elettudomanyokban\/"},"modified":"1970-01-01T00:00:00","modified_gmt":"1969-12-31T23:00:00","slug":"modern-anyagok-az-elettudomanyokban","status":"publish","type":"page","link":"https:\/\/univet.hu\/hu\/oktatas\/kurzusok\/modern-anyagok-az-elettudomanyokban\/","title":{"rendered":"Modern anyagok az \u00e9lettudom\u00e1nyokban"},"content":{"rendered":"<p>Az elm&uacute;lt &eacute;vtizedekben az anyagtudom&aacute;nyok robban&aacute;sszer\u0171 fejl\u0151d&eacute;s&eacute;nek k&ouml;sz&ouml;nhet\u0151en sz&aacute;mos &uacute;jszer\u0171, k&uuml;l&ouml;nleges tulajdons&aacute;ggal rendelkez\u0151 anyag ker&uuml;lt rutinszer\u0171en felhaszn&aacute;l&aacute;sra az eg&eacute;szs&eacute;g&uuml;gy, az &eacute;lelmiszeripar vagy a biotechnol&oacute;gia ter&uuml;let&eacute;n. Az &uacute;j anyagokat &eacute;s technol&oacute;gi&aacute;kat felhaszn&aacute;l&oacute; szakemberek sz&aacute;m&aacute;ra mindenk&eacute;ppen hasznos ha ismeri e rendszerek m\u0171k&ouml;d&eacute;si elveit, szerkezeti alapjait &eacute;s korl&aacute;tait. A nanotechnol&oacute;gia fejl\u0151d&eacute;s&eacute;nek k&ouml;sz&ouml;nhet\u0151en az ilyen anyagok sz&aacute;ma &eacute;s elterjedts&eacute;ge v&aacute;rhat&oacute;an csak n&ouml;vekedni fog.<\/p> <p>A tudom&aacute;nyter&uuml;let rendk&iacute;v&uuml;l szerte&aacute;gaz&oacute; &eacute;s komplex ez&eacute;rt a kurzus els\u0151dleges c&eacute;lja csup&aacute;n az, hogy bevezesse a hallgat&oacute;kat a ter&uuml;let alapfogalmaiba, a molekul&aacute;ris szinten v&eacute;gbemen\u0151 folyamatok megismer&eacute;s&eacute;be, tov&aacute;bb&aacute;, hogy &aacute;ttekint&eacute;st adjon a jelenlegi &eacute;s v&aacute;rhat&oacute; alkalmaz&aacute;sokr&oacute;l, felhaszn&aacute;l&aacute;si ter&uuml;letekr\u0151l. A t&aacute;rgy interdiszciplin&aacute;ris jellege lehet\u0151s&eacute;get ad arra is, hogy a hallgat&oacute;k az &eacute;rintett tudom&aacute;nyter&uuml;letek k&ouml;z&ouml;tti kapcsolatokat, &ouml;sszef&uuml;gg&eacute;seket felismerj&eacute;k &eacute;s meg&eacute;rts&eacute;k.<\/p> <p>&nbsp;<\/p>","protected":false},"excerpt":{"rendered":"<p>Az elm&uacute;lt &eacute;vtizedekben az anyagtudom&aacute;nyok robban&aacute;sszer\u0171 fejl\u0151d&eacute;s&eacute;nek k&ouml;sz&ouml;nhet\u0151en sz&aacute;mos &uacute;jszer\u0171, k&uuml;l&ouml;nleges tulajdons&aacute;ggal rendelkez\u0151 anyag ker&uuml;lt rutinszer\u0171en felhaszn&aacute;l&aacute;sra az eg&eacute;szs&eacute;g&uuml;gy, az &eacute;lelmiszeripar vagy a biotechnol&oacute;gia ter&uuml;let&eacute;n. Az &uacute;j anyagokat &eacute;s technol&oacute;gi&aacute;kat felhaszn&aacute;l&oacute; szakemberek sz&aacute;m&aacute;ra mindenk&eacute;ppen hasznos ha ismeri e rendszerek m\u0171k&ouml;d&eacute;si elveit, szerkezeti alapjait &eacute;s korl&aacute;tait. A nanotechnol&oacute;gia fejl\u0151d&eacute;s&eacute;nek k&ouml;sz&ouml;nhet\u0151en az ilyen anyagok sz&aacute;ma &eacute;s elterjedts&eacute;ge<\/p>\n","protected":false},"author":3837,"featured_media":0,"parent":677,"menu_order":113,"comment_status":"closed","ping_status":"closed","template":"","meta":{"_acf_changed":false,"footnotes":""},"categories":[],"tags":[],"class_list":["post-15968","page","type-page","status-publish","hentry"],"acf":[],"_links":{"self":[{"href":"https:\/\/univet.hu\/hu\/wp-json\/wp\/v2\/pages\/15968","targetHints":{"allow":["GET"]}}],"collection":[{"href":"https:\/\/univet.hu\/hu\/wp-json\/wp\/v2\/pages"}],"about":[{"href":"https:\/\/univet.hu\/hu\/wp-json\/wp\/v2\/types\/page"}],"author":[{"embeddable":true,"href":"https:\/\/univet.hu\/hu\/wp-json\/wp\/v2\/users\/3837"}],"replies":[{"embeddable":true,"href":"https:\/\/univet.hu\/hu\/wp-json\/wp\/v2\/comments?post=15968"}],"version-history":[{"count":0,"href":"https:\/\/univet.hu\/hu\/wp-json\/wp\/v2\/pages\/15968\/revisions"}],"up":[{"embeddable":true,"href":"https:\/\/univet.hu\/hu\/wp-json\/wp\/v2\/pages\/677"}],"wp:attachment":[{"href":"https:\/\/univet.hu\/hu\/wp-json\/wp\/v2\/media?parent=15968"}],"wp:term":[{"taxonomy":"category","embeddable":true,"href":"https:\/\/univet.hu\/hu\/wp-json\/wp\/v2\/categories?post=15968"},{"taxonomy":"post_tag","embeddable":true,"href":"https:\/\/univet.hu\/hu\/wp-json\/wp\/v2\/tags?post=15968"}],"curies":[{"name":"wp","href":"https:\/\/api.w.org\/{rel}","templated":true}]}}