{"id":15969,"date":"1970-01-01T00:00:00","date_gmt":"1969-12-31T23:00:00","guid":{"rendered":"http:\/\/univet.hu\/oktatas\/kurzusok\/molekularis-biologia-msc\/"},"modified":"1970-01-01T00:00:00","modified_gmt":"1969-12-31T23:00:00","slug":"molekularis-biologia-msc","status":"publish","type":"page","link":"https:\/\/univet.hu\/hu\/oktatas\/kurzusok\/molekularis-biologia-msc\/","title":{"rendered":"Molekul\u00e1ris biol\u00f3gia-MSc"},"content":{"rendered":"<p>tant&aacute;rgyfelel\u0151s: Szab&oacute; Kriszti&aacute;n<\/p> <p>r&eacute;sztvev\u0151 oktat&oacute;: Dr. Vili N&oacute;ra<\/p> <p>&nbsp;<\/p> <p>A f&eacute;l&eacute;v sor&aacute;n a hallgat&oacute;k megismerkedhetnek a leggyakrabban haszn&aacute;lt molekul&aacute;ris markerekkel, ezek &ouml;r&ouml;kl\u0151d&eacute;s&eacute;vel, felhaszn&aacute;l&aacute;si lehet\u0151s&eacute;geivel, tov&aacute;bb&aacute; a genetikai v&aacute;ltozatoss&aacute;got l&eacute;trehoz&oacute; &eacute;s fenntart&oacute; folyamatokkal, a g&eacute;nexpresszi&oacute; molekul&aacute;ris &eacute;s epigenetikus szab&aacute;lyoz&aacute;s&aacute;val, egyes viselked&eacute;si form&aacute;k genetikai h&aacute;tter&eacute;vel &eacute;s a daganatok kialakul&aacute;s&aacute;nak okaiban &eacute;rintett molekul&aacute;ris folyamatokkal.<\/p> <p>Aj&aacute;nlott irodalom:<br \/> Darnell, J. et al. (1999): Molecular Cell Biology. 4th edition. Freemann and Co., New York, 1184 p.<br \/> Kreuzer, H. , Massey, A. (2007): Molecular Biology and Biotechnology. 3rd edition. Springer, 460 p.<br \/> Szeber&eacute;nyi J&oacute;zsef: Molekul&aacute;ris sejtbiol&oacute;gia. Dial&oacute;g Campus Kiad&oacute;, Budapest-P&eacute;cs.<br \/> Joanna R. Freeland, Stephen D. Petersen, Heather Kirk (2011): Molecular Ecology, 21nd edition, Wiley-Blackwell<\/p> <p>&nbsp;<\/p>","protected":false},"excerpt":{"rendered":"<p>tant&aacute;rgyfelel\u0151s: Szab&oacute; Kriszti&aacute;n r&eacute;sztvev\u0151 oktat&oacute;: Dr. Vili N&oacute;ra &nbsp; A f&eacute;l&eacute;v sor&aacute;n a hallgat&oacute;k megismerkedhetnek a leggyakrabban haszn&aacute;lt molekul&aacute;ris markerekkel, ezek &ouml;r&ouml;kl\u0151d&eacute;s&eacute;vel, felhaszn&aacute;l&aacute;si lehet\u0151s&eacute;geivel, tov&aacute;bb&aacute; a genetikai v&aacute;ltozatoss&aacute;got l&eacute;trehoz&oacute; &eacute;s fenntart&oacute; folyamatokkal, a g&eacute;nexpresszi&oacute; molekul&aacute;ris &eacute;s epigenetikus szab&aacute;lyoz&aacute;s&aacute;val, egyes viselked&eacute;si form&aacute;k genetikai h&aacute;tter&eacute;vel &eacute;s a daganatok kialakul&aacute;s&aacute;nak okaiban &eacute;rintett molekul&aacute;ris folyamatokkal. Aj&aacute;nlott irodalom: Darnell, J.<\/p>\n","protected":false},"author":3837,"featured_media":0,"parent":677,"menu_order":113,"comment_status":"closed","ping_status":"closed","template":"","meta":{"_acf_changed":false,"footnotes":""},"categories":[],"tags":[],"class_list":["post-15969","page","type-page","status-publish","hentry"],"acf":[],"_links":{"self":[{"href":"https:\/\/univet.hu\/hu\/wp-json\/wp\/v2\/pages\/15969","targetHints":{"allow":["GET"]}}],"collection":[{"href":"https:\/\/univet.hu\/hu\/wp-json\/wp\/v2\/pages"}],"about":[{"href":"https:\/\/univet.hu\/hu\/wp-json\/wp\/v2\/types\/page"}],"author":[{"embeddable":true,"href":"https:\/\/univet.hu\/hu\/wp-json\/wp\/v2\/users\/3837"}],"replies":[{"embeddable":true,"href":"https:\/\/univet.hu\/hu\/wp-json\/wp\/v2\/comments?post=15969"}],"version-history":[{"count":0,"href":"https:\/\/univet.hu\/hu\/wp-json\/wp\/v2\/pages\/15969\/revisions"}],"up":[{"embeddable":true,"href":"https:\/\/univet.hu\/hu\/wp-json\/wp\/v2\/pages\/677"}],"wp:attachment":[{"href":"https:\/\/univet.hu\/hu\/wp-json\/wp\/v2\/media?parent=15969"}],"wp:term":[{"taxonomy":"category","embeddable":true,"href":"https:\/\/univet.hu\/hu\/wp-json\/wp\/v2\/categories?post=15969"},{"taxonomy":"post_tag","embeddable":true,"href":"https:\/\/univet.hu\/hu\/wp-json\/wp\/v2\/tags?post=15969"}],"curies":[{"name":"wp","href":"https:\/\/api.w.org\/{rel}","templated":true}]}}