{"id":15970,"date":"1970-01-01T00:00:00","date_gmt":"1969-12-31T23:00:00","guid":{"rendered":"http:\/\/univet.hu\/oktatas\/kurzusok\/molekularis-biologiai-technikak-biologia-bsc\/"},"modified":"1970-01-01T00:00:00","modified_gmt":"1969-12-31T23:00:00","slug":"molekularis-biologiai-technikak-biologia-bsc","status":"publish","type":"page","link":"https:\/\/univet.hu\/hu\/oktatas\/kurzusok\/molekularis-biologiai-technikak-biologia-bsc\/","title":{"rendered":"Molekul\u00e1ris biol\u00f3giai technik\u00e1k &#8211; biol\u00f3gia BSc"},"content":{"rendered":"<p>tant&aacute;rgyfelel\u0151s: Szab&oacute; Kriszti&aacute;n<\/p> <p>r&eacute;sztvev\u0151 oktat&oacute;: Dr. Vili N&oacute;ra<\/p> <p>A kurzus sor&aacute;n a hallgat&oacute;k megismerkednek mindazon m&oacute;dszerekkel &eacute;s technik&aacute;kkal, melyek n&eacute;lk&uuml;l&ouml;zhetetlenek egy modern molekul&aacute;ris laborat&oacute;riumban.<\/p> <p>Aj&aacute;nlott irodalom:<\/p> <p>M.R. Green &amp; J. Sambrook: Molecular Cloning: A Laboratory Manual (3ik vagy <em>4ik kiad&aacute;s<\/em>) 2012<\/p> <p>&nbsp;<\/p>","protected":false},"excerpt":{"rendered":"<p>tant&aacute;rgyfelel\u0151s: Szab&oacute; Kriszti&aacute;n r&eacute;sztvev\u0151 oktat&oacute;: Dr. Vili N&oacute;ra A kurzus sor&aacute;n a hallgat&oacute;k megismerkednek mindazon m&oacute;dszerekkel &eacute;s technik&aacute;kkal, melyek n&eacute;lk&uuml;l&ouml;zhetetlenek egy modern molekul&aacute;ris laborat&oacute;riumban. Aj&aacute;nlott irodalom: M.R. Green &amp; J. Sambrook: Molecular Cloning: A Laboratory Manual (3ik vagy 4ik kiad&aacute;s) 2012 &nbsp;<\/p>\n","protected":false},"author":3837,"featured_media":0,"parent":677,"menu_order":113,"comment_status":"closed","ping_status":"closed","template":"","meta":{"_acf_changed":false,"footnotes":""},"categories":[],"tags":[],"class_list":["post-15970","page","type-page","status-publish","hentry"],"acf":[],"_links":{"self":[{"href":"https:\/\/univet.hu\/hu\/wp-json\/wp\/v2\/pages\/15970","targetHints":{"allow":["GET"]}}],"collection":[{"href":"https:\/\/univet.hu\/hu\/wp-json\/wp\/v2\/pages"}],"about":[{"href":"https:\/\/univet.hu\/hu\/wp-json\/wp\/v2\/types\/page"}],"author":[{"embeddable":true,"href":"https:\/\/univet.hu\/hu\/wp-json\/wp\/v2\/users\/3837"}],"replies":[{"embeddable":true,"href":"https:\/\/univet.hu\/hu\/wp-json\/wp\/v2\/comments?post=15970"}],"version-history":[{"count":0,"href":"https:\/\/univet.hu\/hu\/wp-json\/wp\/v2\/pages\/15970\/revisions"}],"up":[{"embeddable":true,"href":"https:\/\/univet.hu\/hu\/wp-json\/wp\/v2\/pages\/677"}],"wp:attachment":[{"href":"https:\/\/univet.hu\/hu\/wp-json\/wp\/v2\/media?parent=15970"}],"wp:term":[{"taxonomy":"category","embeddable":true,"href":"https:\/\/univet.hu\/hu\/wp-json\/wp\/v2\/categories?post=15970"},{"taxonomy":"post_tag","embeddable":true,"href":"https:\/\/univet.hu\/hu\/wp-json\/wp\/v2\/tags?post=15970"}],"curies":[{"name":"wp","href":"https:\/\/api.w.org\/{rel}","templated":true}]}}