{"id":15976,"date":"1970-01-01T00:00:00","date_gmt":"1969-12-31T23:00:00","guid":{"rendered":"http:\/\/univet.hu\/oktatas\/kurzusok\/nematologia-biologus-msc\/"},"modified":"1970-01-01T00:00:00","modified_gmt":"1969-12-31T23:00:00","slug":"nematologia-biologus-msc","status":"publish","type":"page","link":"https:\/\/univet.hu\/hu\/oktatas\/kurzusok\/nematologia-biologus-msc\/","title":{"rendered":"Nematol\u00f3gia -biol\u00f3gus MSc"},"content":{"rendered":"<p>A t\u00e1rgy c\u00e9lja, hogy \u00e1ltal\u00e1nos, \u00e1tfog\u00f3 k\u00e9pet adjon a hallgat\u00f3knak egy jelent\u0151s \u00e1llatcsoportr\u00f3l, a szabadon \u00e9l\u0151 fon\u00e1lf\u00e9rgekr\u0151l (Nematoda), \u00e9s a vel\u00fck foglalkoz\u00f3 tudom\u00e1nyter\u00fcletr\u0151l, a nematol\u00f3gi\u00e1r\u00f3l. A t\u00e1rgynak k\u00fcl\u00f6n\u00f6s jelent\u0151s\u00e9get ad, hogy Magyarorsz\u00e1gon jelenleg nem lehet szervezett k\u00f6r\u00fclm\u00e9nyek k\u00f6z\u00f6tt nappali tagozaton \u00e1ltal\u00e1nos nematol\u00f3gi\u00e1t tanulni. A t\u00e1rgy keret\u00e9ben kiemelt figyelmet kap az adott \u00e1llatcsoport szerepe a talaj \u00f6kol\u00f3giai folyamataiban \u00e9s a bioindik\u00e1ci\u00f3s vizsg\u00e1latokban. A t\u00e1rgy k\u00f6vetelm\u00e9nyeit sikeresen teljes\u00edt\u0151 hallgat\u00f3k k\u00e9pesek lesznek a szabadon \u00e9l\u0151 fon\u00e1lf\u00e9rgek kezel\u00e9s\u00e9re, f\u0151bb csoportjaik felismer\u00e9s\u00e9re, ezen k\u00edv\u00fcl megismerik a nematol\u00f3gia fontosabb kutat\u00e1si ir\u00e1nyait valamint az azokhoz kapcsol\u00f3d\u00f3 gyakorlati alkalmaz\u00e1si lehet\u0151s\u00e9geket, probl\u00e9m\u00e1kat \u00e9s eredm\u00e9nyeket.<\/p><\/p>","protected":false},"excerpt":{"rendered":"<p>A t\u00e1rgy c\u00e9lja, hogy \u00e1ltal\u00e1nos, \u00e1tfog\u00f3 k\u00e9pet adjon a hallgat\u00f3knak egy jelent\u0151s \u00e1llatcsoportr\u00f3l, a szabadon \u00e9l\u0151 fon\u00e1lf\u00e9rgekr\u0151l (Nematoda), \u00e9s a vel\u00fck foglalkoz\u00f3 tudom\u00e1nyter\u00fcletr\u0151l, a nematol\u00f3gi\u00e1r\u00f3l. A t\u00e1rgynak k\u00fcl\u00f6n\u00f6s jelent\u0151s\u00e9get ad, hogy Magyarorsz\u00e1gon jelenleg nem lehet szervezett k\u00f6r\u00fclm\u00e9nyek k\u00f6z\u00f6tt nappali tagozaton \u00e1ltal\u00e1nos nematol\u00f3gi\u00e1t tanulni. A t\u00e1rgy keret\u00e9ben kiemelt figyelmet kap az adott \u00e1llatcsoport szerepe a talaj<\/p>\n","protected":false},"author":3837,"featured_media":0,"parent":677,"menu_order":113,"comment_status":"closed","ping_status":"closed","template":"","meta":{"_acf_changed":false,"footnotes":""},"categories":[],"tags":[],"class_list":["post-15976","page","type-page","status-publish","hentry"],"acf":[],"_links":{"self":[{"href":"https:\/\/univet.hu\/hu\/wp-json\/wp\/v2\/pages\/15976","targetHints":{"allow":["GET"]}}],"collection":[{"href":"https:\/\/univet.hu\/hu\/wp-json\/wp\/v2\/pages"}],"about":[{"href":"https:\/\/univet.hu\/hu\/wp-json\/wp\/v2\/types\/page"}],"author":[{"embeddable":true,"href":"https:\/\/univet.hu\/hu\/wp-json\/wp\/v2\/users\/3837"}],"replies":[{"embeddable":true,"href":"https:\/\/univet.hu\/hu\/wp-json\/wp\/v2\/comments?post=15976"}],"version-history":[{"count":0,"href":"https:\/\/univet.hu\/hu\/wp-json\/wp\/v2\/pages\/15976\/revisions"}],"up":[{"embeddable":true,"href":"https:\/\/univet.hu\/hu\/wp-json\/wp\/v2\/pages\/677"}],"wp:attachment":[{"href":"https:\/\/univet.hu\/hu\/wp-json\/wp\/v2\/media?parent=15976"}],"wp:term":[{"taxonomy":"category","embeddable":true,"href":"https:\/\/univet.hu\/hu\/wp-json\/wp\/v2\/categories?post=15976"},{"taxonomy":"post_tag","embeddable":true,"href":"https:\/\/univet.hu\/hu\/wp-json\/wp\/v2\/tags?post=15976"}],"curies":[{"name":"wp","href":"https:\/\/api.w.org\/{rel}","templated":true}]}}