{"id":15979,"date":"1970-01-01T00:00:00","date_gmt":"1969-12-31T23:00:00","guid":{"rendered":"http:\/\/univet.hu\/oktatas\/kurzusok\/nemet-nyelvvizsga-elokeszito\/"},"modified":"2021-02-01T09:49:07","modified_gmt":"2021-02-01T08:49:07","slug":"nemet-nyelvvizsga-elokeszito","status":"publish","type":"page","link":"https:\/\/univet.hu\/hu\/oktatas\/kurzusok\/nemet-nyelvvizsga-elokeszito\/","title":{"rendered":"N\u00e9met nyelvvizsga-el\u0151k\u00e9sz\u00edt\u0151"},"content":{"rendered":"<p>A N\u00e9met nyelvvizsga el\u0151k\u00e9sz\u00edt\u0151 c\u00e9lja a hallgat\u00f3k sz\u00f3- \u00e9s \u00edr\u00e1sbeli nyelvi k\u00e9szs\u00e9geinek (kommunik\u00e1ci\u00f3, olvasott- \u00e9s hallott sz\u00f6veg\u00e9rt\u00e9s, nyelvtani strukt\u00far\u00e1k helyes alkalmaz\u00e1sa) n\u00e9met k\u00f6z\u00e9pfok\u00fa (B2 szint\u0171) nyelvvizsga szintre fejleszt\u00e9se, a tanul\u00f3i auton\u00f3mia er\u0151s\u00edt\u00e9se. A kurzus a hallgat\u00f3k nyelvi szintj\u00e9nek felm\u00e9r\u00e9s\u00e9vel kezd\u0151dik.<\/p>","protected":false},"excerpt":{"rendered":"<p>A N\u00e9met nyelvvizsga el\u0151k\u00e9sz\u00edt\u0151 c\u00e9lja a hallgat\u00f3k sz\u00f3- \u00e9s \u00edr\u00e1sbeli nyelvi k\u00e9szs\u00e9geinek (kommunik\u00e1ci\u00f3, olvasott- \u00e9s hallott sz\u00f6veg\u00e9rt\u00e9s, nyelvtani strukt\u00far\u00e1k helyes alkalmaz\u00e1sa) n\u00e9met k\u00f6z\u00e9pfok\u00fa (B2 szint\u0171) nyelvvizsga szintre fejleszt\u00e9se, a tanul\u00f3i auton\u00f3mia er\u0151s\u00edt\u00e9se. A kurzus a hallgat\u00f3k nyelvi szintj\u00e9nek felm\u00e9r\u00e9s\u00e9vel kezd\u0151dik.<\/p>\n","protected":false},"author":3837,"featured_media":0,"parent":677,"menu_order":113,"comment_status":"closed","ping_status":"closed","template":"","meta":{"_acf_changed":false,"footnotes":""},"categories":[],"tags":[],"class_list":["post-15979","page","type-page","status-publish","hentry"],"acf":[],"_links":{"self":[{"href":"https:\/\/univet.hu\/hu\/wp-json\/wp\/v2\/pages\/15979","targetHints":{"allow":["GET"]}}],"collection":[{"href":"https:\/\/univet.hu\/hu\/wp-json\/wp\/v2\/pages"}],"about":[{"href":"https:\/\/univet.hu\/hu\/wp-json\/wp\/v2\/types\/page"}],"author":[{"embeddable":true,"href":"https:\/\/univet.hu\/hu\/wp-json\/wp\/v2\/users\/3837"}],"replies":[{"embeddable":true,"href":"https:\/\/univet.hu\/hu\/wp-json\/wp\/v2\/comments?post=15979"}],"version-history":[{"count":0,"href":"https:\/\/univet.hu\/hu\/wp-json\/wp\/v2\/pages\/15979\/revisions"}],"up":[{"embeddable":true,"href":"https:\/\/univet.hu\/hu\/wp-json\/wp\/v2\/pages\/677"}],"wp:attachment":[{"href":"https:\/\/univet.hu\/hu\/wp-json\/wp\/v2\/media?parent=15979"}],"wp:term":[{"taxonomy":"category","embeddable":true,"href":"https:\/\/univet.hu\/hu\/wp-json\/wp\/v2\/categories?post=15979"},{"taxonomy":"post_tag","embeddable":true,"href":"https:\/\/univet.hu\/hu\/wp-json\/wp\/v2\/tags?post=15979"}],"curies":[{"name":"wp","href":"https:\/\/api.w.org\/{rel}","templated":true}]}}