{"id":15981,"date":"1970-01-01T00:00:00","date_gmt":"1969-12-31T23:00:00","guid":{"rendered":"http:\/\/univet.hu\/oktatas\/kurzusok\/nemet-szaknyelv-allatorvos-hallgatok-szamara-2\/"},"modified":"2021-01-28T12:30:22","modified_gmt":"2021-01-28T11:30:22","slug":"nemet-szaknyelv-allatorvos-hallgatok-szamara-2","status":"publish","type":"page","link":"https:\/\/univet.hu\/hu\/oktatas\/kurzusok\/nemet-szaknyelv-allatorvos-hallgatok-szamara-2\/","title":{"rendered":"N\u00e9met szaknyelv \u00e1llatorvos hallgat\u00f3k sz\u00e1m\u00e1ra 2"},"content":{"rendered":"<p>A t\u00e1rgy oktat\u00e1s\u00e1nak c\u00e9lja, hogy a hallgat\u00f3k a n\u00e9met \u00e1llatorvosi szaknyelvet \u00e9rts\u00e9k meg, alkalmazz\u00e1k \u00e9s fejlessz\u00e9k szaksz\u00f3kincset is. Legyenek k\u00e9pesek ak\u00e1r szakmai el\u0151ad\u00e1sokat is n\u00e9met\u00fcl tartani.<\/p>","protected":false},"excerpt":{"rendered":"<p>A t\u00e1rgy oktat\u00e1s\u00e1nak c\u00e9lja, hogy a hallgat\u00f3k a n\u00e9met \u00e1llatorvosi szaknyelvet \u00e9rts\u00e9k meg, alkalmazz\u00e1k \u00e9s fejlessz\u00e9k szaksz\u00f3kincset is. Legyenek k\u00e9pesek ak\u00e1r szakmai el\u0151ad\u00e1sokat is n\u00e9met\u00fcl tartani.<\/p>\n","protected":false},"author":3837,"featured_media":0,"parent":677,"menu_order":113,"comment_status":"closed","ping_status":"closed","template":"","meta":{"_acf_changed":false,"footnotes":""},"categories":[],"tags":[],"class_list":["post-15981","page","type-page","status-publish","hentry"],"acf":[],"_links":{"self":[{"href":"https:\/\/univet.hu\/hu\/wp-json\/wp\/v2\/pages\/15981","targetHints":{"allow":["GET"]}}],"collection":[{"href":"https:\/\/univet.hu\/hu\/wp-json\/wp\/v2\/pages"}],"about":[{"href":"https:\/\/univet.hu\/hu\/wp-json\/wp\/v2\/types\/page"}],"author":[{"embeddable":true,"href":"https:\/\/univet.hu\/hu\/wp-json\/wp\/v2\/users\/3837"}],"replies":[{"embeddable":true,"href":"https:\/\/univet.hu\/hu\/wp-json\/wp\/v2\/comments?post=15981"}],"version-history":[{"count":0,"href":"https:\/\/univet.hu\/hu\/wp-json\/wp\/v2\/pages\/15981\/revisions"}],"up":[{"embeddable":true,"href":"https:\/\/univet.hu\/hu\/wp-json\/wp\/v2\/pages\/677"}],"wp:attachment":[{"href":"https:\/\/univet.hu\/hu\/wp-json\/wp\/v2\/media?parent=15981"}],"wp:term":[{"taxonomy":"category","embeddable":true,"href":"https:\/\/univet.hu\/hu\/wp-json\/wp\/v2\/categories?post=15981"},{"taxonomy":"post_tag","embeddable":true,"href":"https:\/\/univet.hu\/hu\/wp-json\/wp\/v2\/tags?post=15981"}],"curies":[{"name":"wp","href":"https:\/\/api.w.org\/{rel}","templated":true}]}}