{"id":15983,"date":"1970-01-01T00:00:00","date_gmt":"1969-12-31T23:00:00","guid":{"rendered":"http:\/\/univet.hu\/oktatas\/kurzusok\/neuroendokrin-szabalyozas\/"},"modified":"1970-01-01T00:00:00","modified_gmt":"1969-12-31T23:00:00","slug":"neuroendokrin-szabalyozas","status":"publish","type":"page","link":"https:\/\/univet.hu\/hu\/oktatas\/kurzusok\/neuroendokrin-szabalyozas\/","title":{"rendered":"Neuroendokrin szab\u00e1lyoz\u00e1s"},"content":{"rendered":"<p>Az endocrin szab&aacute;lyoz&aacute;s morfol&oacute;giai alapjai. Neuroszekr&eacute;ci&oacute;. Gerinctelenek endocrin rendszere: neuroszekr&eacute;ci&oacute;s &eacute;s nem-neuroszekr&eacute;ci&oacute;s endocrin szervek. Gerincesek endocrin rendszere. Submammalis gerincesek k&uuml;l&ouml;nleges hormontermel\u0151 szervei (ultimobranchi&aacute;lis szerv, s&oacute;mirigy) A hypothalamo-hypophysealis rendszer. Epiphysis: a circadian ritmus. Thymus, thyreoidea, parathyreoidea, glandula suprarenalis. A gon&aacute;dok, mint hormontermel\u0151 szervek. A pancreas Langerhans-szigetei &eacute;s az entero-endocrin rendszer. A vese, mint endocrin szerv. A sz&iacute;v , mint hormontermel\u0151 szerv.<br \/> Az idegrendszer sz&ouml;veti fel&eacute;p&iacute;t&eacute;se. A neuron &eacute;s ny&uacute;lv&aacute;nyai. Gliasejtek.. A szinapszis . Neuron&aacute;lis h&aacute;l&oacute;zatok. Az idegsz&ouml;vet neurok&eacute;mi&aacute;ja. Neurotranszmitterek, neuromodul&aacute;torok, neurotranszmitter receptorok. Az idegrendszer evol&uacute;ci&oacute;ja a diff&uacute;z idegrendszert\u0151l a d&uacute;cidegrendszeren &aacute;t a cs\u0151idegrendszerig. Az idegrendszer t&iacute;pusok anat&oacute;miai fel&eacute;p&iacute;t&eacute;se. Az eml\u0151s idegrendszer r&eacute;szei: a k&ouml;zponti idegrendszer &eacute;s a perif&eacute;ri&aacute;s idegrendszer. A gerincvel\u0151 szerkezete &eacute;s m\u0171k&ouml;d&eacute;se. Az agyt&ouml;rzs szerkezete &eacute;s m\u0171k&ouml;d&eacute;se. A cerebellum szerkezete &eacute;s m\u0171k&ouml;d&eacute;se, elemi neuron&aacute;lis h&aacute;l&oacute;zata. Az archicortex (hippocampus) szerkezete &eacute;s m\u0171k&ouml;d&eacute;se, elemi neuron&aacute;lis h&aacute;l&oacute;zata. A neocortex szerkezete &eacute;s m\u0171k&ouml;d&eacute;se, a k&eacute;rgi modul.<br \/> Az idegrendszer regener&aacute;ci&oacute;ja, az idegi transzplant&aacute;ci&oacute;. A neuron&aacute;lis plaszticit&aacute;s.<\/p> <p>K&ouml;telez\u0151 &eacute;s aj&aacute;nlott irodalom:<\/p> <p>Csoknya M&aacute;ria, Lengv&aacute;ri Istv&aacute;n: Biol&oacute;giai szab&aacute;lyoz&oacute; rendszerek. Szaktud&aacute;s Kiad&oacute;, 1993.<br \/> Zboray G&eacute;za: Az idegrendszer. &Ouml;sszehasonl&iacute;t&oacute; anat&oacute;miai el\u0151ad&aacute;sok X. ELTE E&ouml;tv&ouml;s Kiad&oacute;, 1996.<br \/> Szente Magdolna, Toldi J&oacute;zsef: A gerinces idegrendszer ontogenezise &eacute;s plaszticit&aacute;sa. Dial&oacute;g Campus Kiad&oacute;, 1999.<br \/> Vil&aacute;gi Ildik&oacute;:Neurok&eacute;mia. . Dial&oacute;g Campus Kiad&oacute;, 2003.<br \/> Halasy Katalin, G&aacute;briel R&oacute;bert, Fekete &Eacute;va: Sz&iacute;nes Neuroanat&oacute;mia. JATE Kiad&oacute;, 1990.<br \/> Butler A.B., Hodos W.: Comparative vertebrate neuroanatomy. Evolution and adaptation. Wiley-Liss, 1996.<br \/> Shepherd G.M.: The synaptic organization of the brain.Oxford University Press, 1990<\/p> <p>&nbsp;<\/p>","protected":false},"excerpt":{"rendered":"<p>Az endocrin szab&aacute;lyoz&aacute;s morfol&oacute;giai alapjai. Neuroszekr&eacute;ci&oacute;. Gerinctelenek endocrin rendszere: neuroszekr&eacute;ci&oacute;s &eacute;s nem-neuroszekr&eacute;ci&oacute;s endocrin szervek. Gerincesek endocrin rendszere. Submammalis gerincesek k&uuml;l&ouml;nleges hormontermel\u0151 szervei (ultimobranchi&aacute;lis szerv, s&oacute;mirigy) A hypothalamo-hypophysealis rendszer. Epiphysis: a circadian ritmus. Thymus, thyreoidea, parathyreoidea, glandula suprarenalis. A gon&aacute;dok, mint hormontermel\u0151 szervek. A pancreas Langerhans-szigetei &eacute;s az entero-endocrin rendszer. A vese, mint endocrin szerv. A<\/p>\n","protected":false},"author":3837,"featured_media":0,"parent":677,"menu_order":113,"comment_status":"closed","ping_status":"closed","template":"","meta":{"_acf_changed":false,"footnotes":""},"categories":[],"tags":[],"class_list":["post-15983","page","type-page","status-publish","hentry"],"acf":[],"_links":{"self":[{"href":"https:\/\/univet.hu\/hu\/wp-json\/wp\/v2\/pages\/15983","targetHints":{"allow":["GET"]}}],"collection":[{"href":"https:\/\/univet.hu\/hu\/wp-json\/wp\/v2\/pages"}],"about":[{"href":"https:\/\/univet.hu\/hu\/wp-json\/wp\/v2\/types\/page"}],"author":[{"embeddable":true,"href":"https:\/\/univet.hu\/hu\/wp-json\/wp\/v2\/users\/3837"}],"replies":[{"embeddable":true,"href":"https:\/\/univet.hu\/hu\/wp-json\/wp\/v2\/comments?post=15983"}],"version-history":[{"count":0,"href":"https:\/\/univet.hu\/hu\/wp-json\/wp\/v2\/pages\/15983\/revisions"}],"up":[{"embeddable":true,"href":"https:\/\/univet.hu\/hu\/wp-json\/wp\/v2\/pages\/677"}],"wp:attachment":[{"href":"https:\/\/univet.hu\/hu\/wp-json\/wp\/v2\/media?parent=15983"}],"wp:term":[{"taxonomy":"category","embeddable":true,"href":"https:\/\/univet.hu\/hu\/wp-json\/wp\/v2\/categories?post=15983"},{"taxonomy":"post_tag","embeddable":true,"href":"https:\/\/univet.hu\/hu\/wp-json\/wp\/v2\/tags?post=15983"}],"curies":[{"name":"wp","href":"https:\/\/api.w.org\/{rel}","templated":true}]}}