{"id":15989,"date":"1970-01-01T00:00:00","date_gmt":"1969-12-31T23:00:00","guid":{"rendered":"http:\/\/univet.hu\/oktatas\/kurzusok\/novenyokologia-1-biologia-bsc\/"},"modified":"1970-01-01T00:00:00","modified_gmt":"1969-12-31T23:00:00","slug":"novenyokologia-1-biologia-bsc","status":"publish","type":"page","link":"https:\/\/univet.hu\/hu\/oktatas\/kurzusok\/novenyokologia-1-biologia-bsc\/","title":{"rendered":"N\u00f6v\u00e9ny\u00f6kol\u00f3gia 1. &#8211; biol\u00f3gia BSc"},"content":{"rendered":"<p>tant\u00e1rgyfelel\u0151s: Dr. Nagy Zolt\u00e1n<\/p> <p>N\u00f6v\u00e9nyi \u00e9letform\u00e1k \u00e9s \u00e9let-t\u00f6rt\u00e9net. N\u00f6v\u00e9nyt\u00e1rsul\u00e1sok strukt\u00far\u00e1ja. T\u00e9r- \u00e9s id\u00f4mint\u00e1zatok. A szukcesszi\u00f3, primer \u00e9s szekunder szukcesszi\u00f3. Popul\u00e1ci\u00f3dinamika. Szigetbiogeogr\u00e1fia. N\u00f6v\u00e9nyi strat\u00e9gi\u00e1k. Az \u00f6kol\u00f3giai niche: strukt\u00fara \u00e9s funkci\u00f3. A n\u00f6v\u00e9ny\u00f6kofiziol\u00f3giai folyamatok \u00e9s a k\u00f6rnyezeti t\u00e9nyez\u0151k kapcsolatai: a sug\u00e1rz\u00e1s, h\u0151m\u00e9rs\u00e9klet, v\u00edz, \u00e9ghajlat, l\u00e9gk\u00f6r \u00e9s talaj, mint k\u00f6rnyezeti t\u00e9nyez\u0151k. N\u00f6v\u00e9nyi produkci\u00f3. \u00d6kofiziol\u00f3giai adapt\u00e1ci\u00f3 \u00e9s tolerancia. Elemek biogeok\u00e9miai ciklusai.\u00a0<\/p> <p>K\u00f6telez\u0151 irodalom: Tuba Z.,. Engloner A., Szerdahelyi T., Nagy J. (2007): Botanika III<\/p>","protected":false},"excerpt":{"rendered":"<p>tant\u00e1rgyfelel\u0151s: Dr. Nagy Zolt\u00e1n N\u00f6v\u00e9nyi \u00e9letform\u00e1k \u00e9s \u00e9let-t\u00f6rt\u00e9net. N\u00f6v\u00e9nyt\u00e1rsul\u00e1sok strukt\u00far\u00e1ja. T\u00e9r- \u00e9s id\u00f4mint\u00e1zatok. A szukcesszi\u00f3, primer \u00e9s szekunder szukcesszi\u00f3. Popul\u00e1ci\u00f3dinamika. Szigetbiogeogr\u00e1fia. N\u00f6v\u00e9nyi strat\u00e9gi\u00e1k. Az \u00f6kol\u00f3giai niche: strukt\u00fara \u00e9s funkci\u00f3. A n\u00f6v\u00e9ny\u00f6kofiziol\u00f3giai folyamatok \u00e9s a k\u00f6rnyezeti t\u00e9nyez\u0151k kapcsolatai: a sug\u00e1rz\u00e1s, h\u0151m\u00e9rs\u00e9klet, v\u00edz, \u00e9ghajlat, l\u00e9gk\u00f6r \u00e9s talaj, mint k\u00f6rnyezeti t\u00e9nyez\u0151k. N\u00f6v\u00e9nyi produkci\u00f3. \u00d6kofiziol\u00f3giai adapt\u00e1ci\u00f3 \u00e9s tolerancia. Elemek<\/p>\n","protected":false},"author":3837,"featured_media":0,"parent":677,"menu_order":115,"comment_status":"closed","ping_status":"closed","template":"","meta":{"_acf_changed":false,"footnotes":""},"categories":[],"tags":[],"class_list":["post-15989","page","type-page","status-publish","hentry"],"acf":[],"_links":{"self":[{"href":"https:\/\/univet.hu\/hu\/wp-json\/wp\/v2\/pages\/15989","targetHints":{"allow":["GET"]}}],"collection":[{"href":"https:\/\/univet.hu\/hu\/wp-json\/wp\/v2\/pages"}],"about":[{"href":"https:\/\/univet.hu\/hu\/wp-json\/wp\/v2\/types\/page"}],"author":[{"embeddable":true,"href":"https:\/\/univet.hu\/hu\/wp-json\/wp\/v2\/users\/3837"}],"replies":[{"embeddable":true,"href":"https:\/\/univet.hu\/hu\/wp-json\/wp\/v2\/comments?post=15989"}],"version-history":[{"count":0,"href":"https:\/\/univet.hu\/hu\/wp-json\/wp\/v2\/pages\/15989\/revisions"}],"up":[{"embeddable":true,"href":"https:\/\/univet.hu\/hu\/wp-json\/wp\/v2\/pages\/677"}],"wp:attachment":[{"href":"https:\/\/univet.hu\/hu\/wp-json\/wp\/v2\/media?parent=15989"}],"wp:term":[{"taxonomy":"category","embeddable":true,"href":"https:\/\/univet.hu\/hu\/wp-json\/wp\/v2\/categories?post=15989"},{"taxonomy":"post_tag","embeddable":true,"href":"https:\/\/univet.hu\/hu\/wp-json\/wp\/v2\/tags?post=15989"}],"curies":[{"name":"wp","href":"https:\/\/api.w.org\/{rel}","templated":true}]}}