{"id":15994,"date":"1970-01-01T00:00:00","date_gmt":"1969-12-31T23:00:00","guid":{"rendered":"http:\/\/univet.hu\/oktatas\/kurzusok\/nyari-orvoslasi-gyakorlat\/"},"modified":"2026-02-06T11:18:47","modified_gmt":"2026-02-06T10:18:47","slug":"nyari-orvoslasi-gyakorlat","status":"publish","type":"page","link":"https:\/\/univet.hu\/hu\/oktatas\/kurzusok\/nyari-orvoslasi-gyakorlat\/","title":{"rendered":"Ny\u00e1ri orvosl\u00e1si gyakorlat"},"content":{"rendered":"<p><strong>Ny\u00e1ri orvosl\u00e1si gyakorlat<\/strong> (Neptunk\u00f3d:\u00a0ATESU005HON)<\/p> <p>Sz\u00fcks\u00e9ges dokumentumok:<\/p> <p><a href=\"https:\/\/univet.hu\/wp-content\/uploads\/2025\/12\/ATE_Egyuttmukodesi-megallapodas-minta_Gyakorlohelyek_2025.-jav-NT-1.docx\">Egy\u00fcttm\u0171k\u00f6d\u00e9si meg\u00e1llapod\u00e1s<\/a><\/p> <p><a href=\"https:\/\/univet.hu\/wp-content\/uploads\/2026\/02\/ATE_Egyuttmukodesi-megallapodas-minta_Gyakorlohelyek_2025-ENG2367_jav.-NT.doc\">Angol nyelv\u0171 egy\u00fcttm\u0171k\u00f6d\u00e9si meg\u00e1llapod\u00e1s<\/a><\/p> <p><a href=\"https:\/\/univet.hu\/wp-content\/uploads\/2025\/02\/Certificate-Igazolas-2025.pdf\">Igazol\u00e1s<\/a><\/p> <p><a href=\"https:\/\/univet.hu\/wp-content\/uploads\/2025\/02\/Nyari-Gyakorlat-Beszamolo-2025.pdf\">Besz\u00e1mol\u00f3<\/a><\/p> <p>&nbsp;<\/p> <p><strong><em>T\u00e1j\u00e9koztat\u00e1s 2026-ra:<\/em><\/strong><\/p> <p>A Ny\u00e1ri orvosl\u00e1si gyakorlat egy k\u00f6telez\u0151en v\u00e1lasztand\u00f3 gyakorlat a IV.\u00e9ves hallgat\u00f3k sz\u00e1m\u00e1ra a ny\u00e1ri id\u0151szakban, melynek id\u0151tartama <strong>4 h\u00e9t<\/strong>. A gyakorlatot a Sz\u00fcl\u00e9szeti Tansz\u00e9k szervezi, de a gyakorlati tapasztalatokb\u00f3l, \u00e9lm\u00e9nyekb\u0151l \u00edrt <em>Besz\u00e1mol\u00f3t<\/em> a Sz\u00fcl\u00e9szeti Tansz\u00e9k \u00e9s a Belgy\u00f3gy\u00e1szati Tansz\u00e9k egy\u00fctt ellen\u0151rzi.<\/p> <p>\u00c9rt\u00e9kel\u00e9s m\u00f3dja: al\u00e1\u00edr\u00e1s, melyet szint\u00e9n a Sz\u00fcl\u00e9szeti Tansz\u00e9k ad.<\/p> <p>2026-ban a gyakorlat id\u0151pontja: <strong>2026. j\u00fanius 29.-szeptember 6. <\/strong>Ezen id\u0151szak alatt kell a 4 h\u00e9t gyakorlatot teljes\u00edteni.\u00a0\u00a0Ett\u0151l elt\u00e9r\u0151 id\u0151szakban csak az \u00f6szt\u00f6nd\u00edjjal k\u00fclf\u00f6ldre utaz\u00f3 hallgat\u00f3k v\u00e9gezhetik.<\/p> <p>A ny\u00e1ri <strong>gyakorlat c\u00e9lja<\/strong> a hallgat\u00f3k gyakorlati ismereteinek b\u0151v\u00edt\u00e9se, az \u00e1llatorvosi szakma mindennapi klinikai munk\u00e1j\u00e1ba val\u00f3 becsatlakoz\u00e1s el\u0151seg\u00edt\u00e9se. Nagyon j\u00f3 lehet\u0151s\u00e9g belgy\u00f3gy\u00e1szati, seb\u00e9szeti, sz\u00fcl\u00e9szeti tapasztalat szerz\u00e9s\u00e9re. A gyakorlat elt\u00f6lt\u00e9s\u00e9re olyan hely v\u00e1laszthat\u00f3, ahol<strong> h\u00e1zi eml\u0151s \u00e1llatok gy\u00f3gy\u00e1szat\u00e1val<\/strong> foglalkoznak (kutya, macska, l\u00f3, sert\u00e9s, juh, kecske, szarvasmarha).<\/p> <p>A ny\u00e1ri gyakorlat 4 het\u00e9b\u0151l a magyar hallgat\u00f3knak k\u00f6telez\u0151 <em>2 hetet az Egyetem valamely klinik\u00e1j\u00e1n<\/em>&#8211; <strong>KIK vagy LTK<\/strong> elt\u00f6lteni. Lehet\u0151s\u00e9g van mind a 4 hetet az Egyetemen t\u00f6lteni. A k\u00f6telez\u0151 2 h\u00e9t al\u00f3l csak az \u00f6szt\u00f6nd\u00edjjal k\u00fclf\u00f6ldre utaz\u00f3 di\u00e1kok kapnak felment\u00e9st (Pann\u00f3nia, bilater\u00e1lis kapcsolatok, Ceepus- hivatalos n\u00e9vsort a Nemzetk\u00f6zi Kapcsolatok Oszt\u00e1ly\u00e1t\u00f3l kapunk \u00e1prilisban).<\/p> <p>A k\u00f6telez\u0151 2 h\u00e9t egyetemi gyakorlatra (KIK\/LTK+ d\u00e1tum) val\u00f3 jelentkez\u00e9s m\u00f3dja: Neptunon kereszt\u00fcl, \u00e1prilisban. T\u00e1j\u00e9koztat\u00e1s k\u00e9s\u0151bb. A k\u00fcls\u0151s gyakorlati helyre nem kell a Neptunon regisztr\u00e1lni. A k\u00fcls\u0151s helysz\u00ednt mindenki saj\u00e1t mag\u00e1nak szervezi.<\/p> <p>A gyakorlatr\u00f3l <strong>Besz\u00e1mol\u00f3t<\/strong> kell \u00edrni, a seg\u00e9dlet alapj\u00e1n. A Besz\u00e1mol\u00f3t <b>szeptemberben<\/b>\u00a0a Neptunba kell majd felt\u00f6lteni (ennek r\u00e9szleteir\u0151l k\u00e9s\u0151bb). A Besz\u00e1mol\u00f3hoz kell csatolni a kit\u00f6lt\u00f6tt, lepecs\u00e9telt <strong>Igazol\u00e1st<\/strong> is, amelyet a gyakorlatvezet\u0151 \u00edr al\u00e1 \u00e9s t\u00f6lt ki- ez csak k\u00fcls\u0151s helysz\u00edn eset\u00e9n sz\u00fcks\u00e9ges, egyetemi klinik\u00e1n t\u00f6lt\u00f6tt gyakorlat eset\u00e9n ez nem sz\u00fcks\u00e9ges. \u00d6szt\u00f6nd\u00edjas hallgat\u00f3knak is kell \u00edrniuk Besz\u00e1mol\u00f3t, illetve Igazol\u00e1st csatolni hozz\u00e1.<\/p> <p>A 4 h\u00e9t gyakorlati id\u0151t maximum 2 + 2 h\u00e9tre lehet bontani!<\/p> <p><strong>Opci\u00f3k a gyakorlat megszervez\u00e9s\u00e9re<\/strong>:<\/p> <ul> <li>2 h\u00e9t KIK &amp; 2 h\u00e9t haszon\u00e1llattart\u00f3 telep<\/li> <li>2 h\u00e9t KIK &amp; 2 h\u00e9t lovas praxis (k\u00fcls\u0151s)\/ L\u00f3gy\u00f3gy\u00e1szati Tansz\u00e9k \u00e9s Klinika<\/li> <li>2 h\u00e9t L\u00f3gy\u00f3gy\u00e1szati Tansz\u00e9k \u00e9s Klinika &amp; 2 h\u00e9t haszon\u00e1llattart\u00f3 telep<\/li> <li>2 h\u00e9t KIK &amp; 2 h\u00e9t kis\u00e1llatrendel\u0151\/klinika (k\u00fcls\u0151s)<\/li> <li>2 h\u00e9t LTK &amp; 2 h\u00e9t kis\u00e1llatrendel\u0151 (k\u00fcls\u0151s)<\/li> <li>2 h\u00e9t L\u00f3gy\u00f3gy\u00e1szati Tansz\u00e9k \u00e9s Klinika &amp; 2 h\u00e9t lovas praxis (k\u00fcls\u0151s)<\/li> <li>2 h\u00e9t KIK\/LTK &amp; 2 h\u00e9t vegyes praxis (k\u00fcls\u0151s)<\/li> <li>4 h\u00e9t KIK\/ L\u00f3gy\u00f3gy\u00e1szati Tansz\u00e9k \u00e9s Klinika<\/li> <li>(4 h\u00e9t \u00f6szt\u00f6nd\u00edj program)<\/li> <li>(2 h\u00e9t KIK\/LTK &amp; 2 h\u00e9t egzotikus \u00e1llatokkal foglalkoz\u00f3 rendel\u0151)*<\/li> <\/ul> <p><span style=\"font-size: 10pt\">*Egzotikus \u00e1llatokkal foglalkoz\u00f3 helysz\u00edn lehet pl. az Egzotikus\u00e1llat Klinika, amennyiben van szabad kapacit\u00e1suk. Ezt minden esetben a hallgat\u00f3knak az ott dolgoz\u00f3 orvosokkal kell egyeztetni szem\u00e9lyesen! Elfogadhat\u00f3 helysz\u00edn ezen k\u00edv\u00fcl \u00e1llatkert, illetve egy\u00e9b, egzotikus \u00e1llatok gy\u00f3gy\u00e1szat\u00e1val foglalkoz\u00f3 szakrendel\u0151.<\/span><\/p> <p>A Haszon\u00e1llat-Gy\u00f3gy\u00e1szati Klinika nem tud hallgat\u00f3kat fogadni.<\/p> <p><strong>A k\u00fcls\u0151s gyakorlati helysz\u00ednekkel Meg\u00e1llapod\u00e1si szerz\u0151d\u00e9st kell k\u00f6tni!<\/strong><\/p> <p>Nem sz\u00fcks\u00e9ges ilyen szerz\u0151d\u00e9s az egyetemi klinik\u00e1kra, illetve a k\u00fclf\u00f6ldi \u00f6szt\u00f6nd\u00edjas helyekre (saj\u00e1t szervez\u00e9s\u0171 k\u00fclf\u00f6ldi gyakorlat eset\u00e9n viszont kell!).<\/p> <table style=\"height: 120px\" width=\"718\"> <tbody> <tr style=\"height: 24px\"> <td style=\"text-align: center;height: 24px;width: 708px\" colspan=\"4\"><strong>Sz\u00fcks\u00e9ges dokumentumok gyakorlati hely szerinti bont\u00e1sban<\/strong><\/td> <\/tr> <tr style=\"height: 24px\"> <td style=\"height: 24px;width: 270.469px\"><\/td> <td style=\"height: 24px;width: 104.5px\">Besz\u00e1mol\u00f3<\/td> <td style=\"height: 24px;width: 79.5156px\">Igazol\u00e1s<\/td> <td style=\"height: 24px;width: 235.516px\">Meg\u00e1llapod\u00e1si szerz\u0151d\u00e9s<\/td> <\/tr> <tr style=\"height: 24px\"> <td style=\"height: 24px;width: 270.469px\">Egyetemi klinika (KIK\/LTK)<\/td> <td style=\"height: 24px;width: 104.5px\">igen<\/td> <td style=\"height: 24px;width: 79.5156px\">nem<\/td> <td style=\"height: 24px;width: 235.516px\">nem<\/td> <\/tr> <tr style=\"height: 24px\"> <td style=\"height: 24px;width: 270.469px\">K\u00fcls\u0151s gyakorlati hely<\/td> <td style=\"height: 24px;width: 104.5px\">igen<\/td> <td style=\"height: 24px;width: 79.5156px\">igen<\/td> <td style=\"height: 24px;width: 235.516px\">igen<\/td> <\/tr> <tr style=\"height: 24px\"> <td style=\"height: 24px;width: 270.469px\">\u00d6szt\u00f6nd\u00edj k\u00fclf\u00f6ld<\/td> <td style=\"height: 24px;width: 104.5px\">igen<\/td> <td style=\"height: 24px;width: 79.5156px\">igen<\/td> <td style=\"height: 24px;width: 235.516px\">nem<\/td> <\/tr> <\/tbody> <\/table> <p>A gyakorlati hellyel al\u00e1\u00edratott, lepecs\u00e9telt szerz\u0151d\u00e9st a hallgat\u00f3(k) adataival \u00e9s al\u00e1\u00edr\u00e1s\u00e1val ell\u00e1tva k\u00e9rj\u00fck a Sz\u00fcl\u00e9szet Titk\u00e1rs\u00e1gra leadni <strong>j\u00fanius 19-ig<\/strong>. (Marek J\u00f3zsef utca 2). Ezt a szerz\u0151d\u00e9st ellenjegyeztetj\u00fck Rektor \u00farral \u00e9s ut\u00e1na v\u00e1lik \u00e9rv\u00e9nyess\u00e9. Az eredeti p\u00e9ld\u00e1nyt a Tansz\u00e9k meg\u0151rzi. Aki szeretne m\u00e1solatot, azt k\u00fcl\u00f6n emailben k\u00e9rj\u00fck majd jelezni a titk\u00e1rn\u0151 fel\u00e9 (To\u00f3kos Emese- <a class=\"decrypt\" rel=\"upplpt\/fnftfAvojwfu\/iv\" href=\"javascript:void(0);\">[Kattintson az emailc\u00edmhez]<\/a>).<\/p> <p>A bels\u0151s gyakorlati helyekre (KIK\/LTK) \u00e1prilisban kell jelentkezni a Neptunon kereszt\u00fcl.<\/p> <p>V\u00e1laszthat\u00f3 2 hetes <strong>turnusok<\/strong> 2026-ban a KIK-en \u00e9s LTK-\u00e1n:<\/p> <p>I. J\u00fanius 29.-\u00a0 j\u00falius 12.<\/p> <p>II. <em>j\u00falius 13.- j\u00falius 26.<\/em><\/p> <p>III. <em>j\u00falius 27.- augusztus 9.<\/em><\/p> <p>IV. <em>augusztus 10.- augusztus 23.<\/em><\/p> <p>V. <em>augusztus 24.- szeptember 6.<\/em><\/p> <p>\u00dcdv\u00f6zlettel:<\/p> <p>dr.Bacsa M\u00f3nika- szervez\u0151 (<a class=\"decrypt\" rel=\"cbdtb\/npojlbAvojwfu\/iv\" href=\"javascript:void(0);\">[Kattintson az emailc\u00edmhez]<\/a>)<\/p> <p>2026.02.06.<\/p> <p>****************************************************************************************<\/p> <p>Kedves Hallgat\u00f3k!<\/p> <p>A ny\u00e1ri orvosl\u00e1si gyakorlatr\u00f3l <strong>Besz\u00e1mol\u00f3t k\u00f6teles \u00edrni mindenki<\/strong>, f\u00fcggetlen\u00fcl att\u00f3l, hogy az adott hallgat\u00f3 hol t\u00f6lti a gyakorlat\u00e1t. A Besz\u00e1mol\u00f3 lead\u00e1sa v\u00e1ltozik, nem emailben k\u00e9rj\u00fck elk\u00fcldeni, hanem a <strong>Neptunba kell felt\u00f6lteni<\/strong> <em>szeptember 4 \u00e9s 15. k\u00f6z\u00f6tt<\/em> a K\u00e9rv\u00e9nykezel\u0151 fel\u00fcleten <em>PDF f\u00e1jlk\u00e9nt<\/em>, ahol a gyakorlati helyek adatait (helysz\u00edn, id\u0151tartam, gyakorlatvezet\u0151, \u00e1llatfaj) is r\u00f6gz\u00edteni kell egy <strong>k\u00e9rv\u00e9ny<\/strong> form\u00e1j\u00e1ban. A k\u00e9rv\u00e9nyt csak akkor lehet leadni, ha csatolva van hozz\u00e1 a Besz\u00e1mol\u00f3 is \u00e9s minden adat ki van t\u00f6ltve az adott oldalon. A leadott k\u00e9rv\u00e9nyeket \u00e9s Besz\u00e1mol\u00f3kat ellen\u0151rizni fogjuk \u00e9s ut\u00e1na lesznek elfogadva. A k\u00e9rv\u00e9nyt a Neptunban az \u00dcgyint\u00e9z\u00e9s, K\u00e9rv\u00e9nyek men\u00fcpontban lehet megtal\u00e1lni \u00e9s ide lehet felt\u00f6lteni a Besz\u00e1mol\u00f3kat is.<\/p> <p>A <strong>Besz\u00e1mol\u00f3<\/strong> tartalmi k\u00f6vetelm\u00e9nyei nem v\u00e1ltoznak tavalyhoz k\u00e9pest, csak a formai m\u00f3dosul. Annak \u00e9rdek\u00e9ben, hogy k\u00f6nnyebb legyen a k\u00e9rv\u00e9nyben szerepl\u0151 adatok \u00f6sszevet\u00e9se a Besz\u00e1mol\u00f3 adataival, a <b>c\u00edmlapra<\/b>\u00a0k\u00e9rj\u00fck a c\u00edm (Ny\u00e1ri gyakorlat Besz\u00e1mol\u00f3) ut\u00e1n a hallgat\u00f3 neve \u00e9s Neptun-k\u00f3dja al\u00e1 oda\u00edrni helysz\u00ednenk\u00e9nt:<\/p> <ul> <li>gyakorlat t\u00edpus: \u00f6szt\u00f6nd\u00edjas\/ nem \u00f6szt\u00f6nd\u00edjas<\/li> <li>gyakorlat helysz\u00edne:<\/li> <li>gyakorlati hely c\u00edme:<\/li> <li>\u00e1llatfaj: kis\u00e1llat\/l\u00f3\/haszon\u00e1llat\/(egzotikus)<\/li> <li>gyakorlatvezet\u0151 neve:<\/li> <li>Kezd\u0151 d\u00e1tum:<\/li> <li>Id\u0151tartam: 2 h\u00e9t (4 h\u00e9t, ha valaki ugyanott volt v\u00e9gig \u00e9s &#8222;nem v\u00e1ltott \u00e1llatfajt&#8221;)<\/li> <\/ul> <p>&nbsp;<\/p> <p>Ezek ut\u00e1n k\u00f6vetkezik a helysz\u00ednek r\u00f6vid bemutat\u00e1sa \u00e9s a legfontosabb \u00e9lm\u00e9nyek, tapasztalatok, elsaj\u00e1t\u00edtott k\u00e9pess\u00e9gek le\u00edr\u00e1sa, amibe 1-2 f\u00e9nyk\u00e9pet is bele lehet szerkeszteni. Maxim\u00e1lis terjedelem: kezd\u0151 oldal+4 oldal sz\u00f6veg.<\/p> <p>A sz\u00f6veges r\u00e9sz ut\u00e1n kell k\u00f6vetkeznie a <strong>kit\u00f6lt\u00f6tt, al\u00e1\u00edrt, beszkennelt Igazol\u00e1snak<\/strong>.<\/p> <p>A Besz\u00e1mol\u00f3 r\u00e9szletes formai \u00e9s tartalmi k\u00f6vetelm\u00e9nyeir\u0151l <a href=\"https:\/\/univet.hu\/files\/courses\/dt\/50707\/files\/Ny%C3%A1ri%20Gyakorlat%20Besz%C3%A1mol%C3%B3%202023%20%C3%BAj.pdf\">itt<\/a> lehet olvasni, illetve a felt\u00f6lt\u00f6tt dokumentumok k\u00f6z\u00f6tt is szerepel.<\/p> <p>dr.Bacsa M\u00f3nika- 2023.07.03.<\/p> <p>&nbsp;<\/p> <p>&nbsp;<\/p>","protected":false},"excerpt":{"rendered":"<p>Ny\u00e1ri orvosl\u00e1si gyakorlat (Neptunk\u00f3d:\u00a0ATESU005HON) Sz\u00fcks\u00e9ges dokumentumok: Egy\u00fcttm\u0171k\u00f6d\u00e9si meg\u00e1llapod\u00e1s Angol nyelv\u0171 egy\u00fcttm\u0171k\u00f6d\u00e9si meg\u00e1llapod\u00e1s Igazol\u00e1s Besz\u00e1mol\u00f3 &nbsp; T\u00e1j\u00e9koztat\u00e1s 2026-ra: A Ny\u00e1ri orvosl\u00e1si gyakorlat egy k\u00f6telez\u0151en v\u00e1lasztand\u00f3 gyakorlat a IV.\u00e9ves hallgat\u00f3k sz\u00e1m\u00e1ra a ny\u00e1ri id\u0151szakban, melynek id\u0151tartama 4 h\u00e9t. A gyakorlatot a Sz\u00fcl\u00e9szeti Tansz\u00e9k szervezi, de a gyakorlati tapasztalatokb\u00f3l, \u00e9lm\u00e9nyekb\u0151l \u00edrt Besz\u00e1mol\u00f3t a Sz\u00fcl\u00e9szeti Tansz\u00e9k \u00e9s a Belgy\u00f3gy\u00e1szati<\/p>\n","protected":false},"author":3837,"featured_media":0,"parent":677,"menu_order":115,"comment_status":"closed","ping_status":"closed","template":"","meta":{"_acf_changed":false,"footnotes":""},"categories":[],"tags":[],"class_list":["post-15994","page","type-page","status-publish","hentry"],"acf":[],"_links":{"self":[{"href":"https:\/\/univet.hu\/hu\/wp-json\/wp\/v2\/pages\/15994","targetHints":{"allow":["GET"]}}],"collection":[{"href":"https:\/\/univet.hu\/hu\/wp-json\/wp\/v2\/pages"}],"about":[{"href":"https:\/\/univet.hu\/hu\/wp-json\/wp\/v2\/types\/page"}],"author":[{"embeddable":true,"href":"https:\/\/univet.hu\/hu\/wp-json\/wp\/v2\/users\/3837"}],"replies":[{"embeddable":true,"href":"https:\/\/univet.hu\/hu\/wp-json\/wp\/v2\/comments?post=15994"}],"version-history":[{"count":5,"href":"https:\/\/univet.hu\/hu\/wp-json\/wp\/v2\/pages\/15994\/revisions"}],"predecessor-version":[{"id":198739,"href":"https:\/\/univet.hu\/hu\/wp-json\/wp\/v2\/pages\/15994\/revisions\/198739"}],"up":[{"embeddable":true,"href":"https:\/\/univet.hu\/hu\/wp-json\/wp\/v2\/pages\/677"}],"wp:attachment":[{"href":"https:\/\/univet.hu\/hu\/wp-json\/wp\/v2\/media?parent=15994"}],"wp:term":[{"taxonomy":"category","embeddable":true,"href":"https:\/\/univet.hu\/hu\/wp-json\/wp\/v2\/categories?post=15994"},{"taxonomy":"post_tag","embeddable":true,"href":"https:\/\/univet.hu\/hu\/wp-json\/wp\/v2\/tags?post=15994"}],"curies":[{"name":"wp","href":"https:\/\/api.w.org\/{rel}","templated":true}]}}