{"id":15996,"date":"1970-01-01T00:00:00","date_gmt":"1969-12-31T23:00:00","guid":{"rendered":"http:\/\/univet.hu\/oktatas\/kurzusok\/okologia-alapjai-biologia-bsc\/"},"modified":"1970-01-01T00:00:00","modified_gmt":"1969-12-31T23:00:00","slug":"okologia-alapjai-biologia-bsc","status":"publish","type":"page","link":"https:\/\/univet.hu\/hu\/oktatas\/kurzusok\/okologia-alapjai-biologia-bsc\/","title":{"rendered":"\u00d6kol\u00f3gia alapjai &#8211; biol\u00f3gia BSc"},"content":{"rendered":"<p>tant&aacute;rgyfelel\u0151s: Dr. Hornung Erzs&eacute;bet<\/p> <p>A tant&aacute;rgy oktat&aacute;s&aacute;nak c&eacute;lja az &ouml;kol&oacute;giai alapismeretek megteremt&eacute;se. A tudom&aacute;nyt&ouml;rt&eacute;neti bevezet&eacute;s, az &ouml;kol&oacute;gia fogalma, az &ouml;kol&oacute;gia &#8211; sz&uuml;nfenobiol&oacute;gia viszony&aacute;nak tiszt&aacute;z&aacute;sa ut&aacute;n t&aacute;rgyal&aacute;sra ker&uuml;l az &aacute;ltal&aacute;nos indik&aacute;ci&oacute;s elv, az &ouml;kol&oacute;gia centr&aacute;lis hipot&eacute;zise. A szupraindividu&aacute;lis organiz&aacute;ci&oacute;s szintek saj&aacute;toss&aacute;gai &eacute;s hierarchi&aacute;ja. A popul&aacute;ci&oacute;ra potenci&aacute;lisan hat&oacute; k&ouml;rnyezeti t&eacute;nyez\u0151k (szingul&aacute;ris, multiplur&aacute;lis k&ouml;rnyezeti elv, niche elm&eacute;let), a popul&aacute;ci&oacute;k szab&aacute;lyoz&aacute;s&aacute;t. A popul&aacute;ci&oacute;k bels\u0151 mechanizmusai: az intraspecifikus kompet&iacute;ci&oacute;, a t&aacute;rsas k&ouml;lcs&ouml;nhat&aacute;sok szerepe a popul&aacute;ci&oacute;k mint&aacute;zat&aacute;nak kialak&iacute;t&aacute;s&aacute;ban. A gyakorlatok: az el\u0151ad&aacute;s tematik&aacute;ja szerinti t&eacute;m&aacute;k r&eacute;szletesebb, szemin&aacute;rium jelleg\u0171 megbesz&eacute;l&eacute;se kiadott cikkek alapj&aacute;n; az adott t&eacute;ma m&eacute;r&eacute;si, sz&aacute;m&iacute;t&aacute;si elj&aacute;r&aacute;sainak elsaj&aacute;t&iacute;t&aacute;sa.<\/p> <p><u>K&ouml;telez\u0151 irodalom<\/u>:<\/p> <p>Gall&eacute; L.: A szupraindividu&aacute;lis biol&oacute;gia alapjai: popul&aacute;ci&oacute;k &eacute;s k&ouml;z&ouml;ss&eacute;gek &ouml;kol&oacute;gi&aacute;ja; JATE Press, Szeged, 2013.<\/p> <p><u>Magyar nyelv\u0171 aj&aacute;nlott irodalom:<\/u><\/p> <p>P&aacute;sztor E. &eacute;s Oborny B. (szerk.) (2007): &Ouml;kol&oacute;gia Nemzeti Tank&ouml;nyvkiad&oacute;<\/p> <p>Majer J. (2003): Bevezet&eacute;s az &ouml;kol&oacute;gi&aacute;ba. Dial&oacute;g Campus Kiad&oacute;, Budapest.<\/p> <p>Szentesi &Aacute; &eacute;s T&ouml;r&ouml;k J (1997): &Aacute;llat&ouml;kol&oacute;gia. ELTE jegyzet, Budapest.<\/p> <p>Hortob&aacute;gyi T, &eacute;s Simon T.(szerk.) (1991): N&ouml;v&eacute;nyf&ouml;ldrajz, t&aacute;rsul&aacute;stan, &eacute;s &ouml;kol&oacute;gia. Tank&ouml;nyvkiad&oacute;, Budapest.<\/p> <p>Juh&aacute;sz-Nagy P. (1984): Besz&eacute;lget&eacute;sek az &ouml;kol&oacute;gi&aacute;r&oacute;l. Mez\u0151gazdas&aacute;gi Kiad&oacute;, Budapest.<\/p> <p>&nbsp;<\/p> <p><u>Angol nyelv\u0171 aj&aacute;nlott irodalom:<\/u><\/p> <p>Begon, M., Harper, J. L., Townsend, C. R. (1996): Ecology, Blackwell, Oxford.<\/p> <p>Stiling, P. D. (1996): Ecology: Theories and Applications. Prentice, New Jersey.<\/p> <p>Townsend, C. R. Begon, M., Harper, J. L., (2003): Essentials of Ecology, Blackwell, Oxford.<\/p> <p>&nbsp;<\/p>","protected":false},"excerpt":{"rendered":"<p>tant&aacute;rgyfelel\u0151s: Dr. Hornung Erzs&eacute;bet A tant&aacute;rgy oktat&aacute;s&aacute;nak c&eacute;lja az &ouml;kol&oacute;giai alapismeretek megteremt&eacute;se. A tudom&aacute;nyt&ouml;rt&eacute;neti bevezet&eacute;s, az &ouml;kol&oacute;gia fogalma, az &ouml;kol&oacute;gia &#8211; sz&uuml;nfenobiol&oacute;gia viszony&aacute;nak tiszt&aacute;z&aacute;sa ut&aacute;n t&aacute;rgyal&aacute;sra ker&uuml;l az &aacute;ltal&aacute;nos indik&aacute;ci&oacute;s elv, az &ouml;kol&oacute;gia centr&aacute;lis hipot&eacute;zise. A szupraindividu&aacute;lis organiz&aacute;ci&oacute;s szintek saj&aacute;toss&aacute;gai &eacute;s hierarchi&aacute;ja. A popul&aacute;ci&oacute;ra potenci&aacute;lisan hat&oacute; k&ouml;rnyezeti t&eacute;nyez\u0151k (szingul&aacute;ris, multiplur&aacute;lis k&ouml;rnyezeti elv, niche elm&eacute;let), a<\/p>\n","protected":false},"author":3837,"featured_media":0,"parent":677,"menu_order":115,"comment_status":"closed","ping_status":"closed","template":"","meta":{"_acf_changed":false,"footnotes":""},"categories":[],"tags":[],"class_list":["post-15996","page","type-page","status-publish","hentry"],"acf":[],"_links":{"self":[{"href":"https:\/\/univet.hu\/hu\/wp-json\/wp\/v2\/pages\/15996","targetHints":{"allow":["GET"]}}],"collection":[{"href":"https:\/\/univet.hu\/hu\/wp-json\/wp\/v2\/pages"}],"about":[{"href":"https:\/\/univet.hu\/hu\/wp-json\/wp\/v2\/types\/page"}],"author":[{"embeddable":true,"href":"https:\/\/univet.hu\/hu\/wp-json\/wp\/v2\/users\/3837"}],"replies":[{"embeddable":true,"href":"https:\/\/univet.hu\/hu\/wp-json\/wp\/v2\/comments?post=15996"}],"version-history":[{"count":0,"href":"https:\/\/univet.hu\/hu\/wp-json\/wp\/v2\/pages\/15996\/revisions"}],"up":[{"embeddable":true,"href":"https:\/\/univet.hu\/hu\/wp-json\/wp\/v2\/pages\/677"}],"wp:attachment":[{"href":"https:\/\/univet.hu\/hu\/wp-json\/wp\/v2\/media?parent=15996"}],"wp:term":[{"taxonomy":"category","embeddable":true,"href":"https:\/\/univet.hu\/hu\/wp-json\/wp\/v2\/categories?post=15996"},{"taxonomy":"post_tag","embeddable":true,"href":"https:\/\/univet.hu\/hu\/wp-json\/wp\/v2\/tags?post=15996"}],"curies":[{"name":"wp","href":"https:\/\/api.w.org\/{rel}","templated":true}]}}