{"id":15999,"date":"1970-01-01T00:00:00","date_gmt":"1969-12-31T23:00:00","guid":{"rendered":"http:\/\/univet.hu\/oktatas\/kurzusok\/okologiai-terepgyakorlat-biologus-msc\/"},"modified":"1970-01-01T00:00:00","modified_gmt":"1969-12-31T23:00:00","slug":"okologiai-terepgyakorlat-biologus-msc","status":"publish","type":"page","link":"https:\/\/univet.hu\/hu\/oktatas\/kurzusok\/okologiai-terepgyakorlat-biologus-msc\/","title":{"rendered":"\u00d6kol\u00f3giai terepgyakorlat &#8211; biol\u00f3gus MSc"},"content":{"rendered":"<p>A terepgyakorlat sor\u00e1n n\u00e9h\u00e1ny jellegzetes hazai \u00e9letk\u00f6z\u00f6ss\u00e9gben a hallgat\u00f3k \u00f6n\u00e1ll\u00f3 felv\u00e9telez\u00e9seket \u00e9s m\u00e9r\u00e9seket v\u00e9geznek p\u00e9ld\u00e1ul a fajok asszoci\u00e1lts\u00e1g\u00e1nak vizsg\u00e1lat\u00e1ra, a t\u00e9rbeli mint\u00e1zat \u00e9s diverzit\u00e1s meg\u00e1llap\u00edt\u00e1s\u00e1ra, a minimum area meghat\u00e1roz\u00e1s\u00e1ra, a felsz\u00edn energiam\u00e9rleg\u00e9nek becsl\u00e9s\u00e9re, a lev\u00e9lfel\u00fclet index \u00e9s az \u00e1llom\u00e1nyszint\u0171 sz\u00e9nforgalom meghat\u00e1roz\u00e1s\u00e1ra. A terepen gy\u0171jt\u00f6tt c\u00f6nol\u00f3giai adatok feldolgoz\u00e1sa sor\u00e1n a hallgat\u00f3k a t\u00f6bbv\u00e1ltoz\u00f3s statisztikai m\u00f3dszerek gyakorlati alkalmaz\u00e1s\u00e1t saj\u00e1t\u00edthatj\u00e1k el, eredm\u00e9nyeiket, k\u00f6vetkeztet\u00e9seiket pedig \u00edr\u00e1sos besz\u00e1mol\u00f3ban \u00f6sszegzik.<\/p><\/p>","protected":false},"excerpt":{"rendered":"<p>A terepgyakorlat sor\u00e1n n\u00e9h\u00e1ny jellegzetes hazai \u00e9letk\u00f6z\u00f6ss\u00e9gben a hallgat\u00f3k \u00f6n\u00e1ll\u00f3 felv\u00e9telez\u00e9seket \u00e9s m\u00e9r\u00e9seket v\u00e9geznek p\u00e9ld\u00e1ul a fajok asszoci\u00e1lts\u00e1g\u00e1nak vizsg\u00e1lat\u00e1ra, a t\u00e9rbeli mint\u00e1zat \u00e9s diverzit\u00e1s meg\u00e1llap\u00edt\u00e1s\u00e1ra, a minimum area meghat\u00e1roz\u00e1s\u00e1ra, a felsz\u00edn energiam\u00e9rleg\u00e9nek becsl\u00e9s\u00e9re, a lev\u00e9lfel\u00fclet index \u00e9s az \u00e1llom\u00e1nyszint\u0171 sz\u00e9nforgalom meghat\u00e1roz\u00e1s\u00e1ra. A terepen gy\u0171jt\u00f6tt c\u00f6nol\u00f3giai adatok feldolgoz\u00e1sa sor\u00e1n a hallgat\u00f3k a t\u00f6bbv\u00e1ltoz\u00f3s statisztikai m\u00f3dszerek gyakorlati<\/p>\n","protected":false},"author":3837,"featured_media":0,"parent":677,"menu_order":115,"comment_status":"closed","ping_status":"closed","template":"","meta":{"_acf_changed":false,"footnotes":""},"categories":[],"tags":[],"class_list":["post-15999","page","type-page","status-publish","hentry"],"acf":[],"_links":{"self":[{"href":"https:\/\/univet.hu\/hu\/wp-json\/wp\/v2\/pages\/15999","targetHints":{"allow":["GET"]}}],"collection":[{"href":"https:\/\/univet.hu\/hu\/wp-json\/wp\/v2\/pages"}],"about":[{"href":"https:\/\/univet.hu\/hu\/wp-json\/wp\/v2\/types\/page"}],"author":[{"embeddable":true,"href":"https:\/\/univet.hu\/hu\/wp-json\/wp\/v2\/users\/3837"}],"replies":[{"embeddable":true,"href":"https:\/\/univet.hu\/hu\/wp-json\/wp\/v2\/comments?post=15999"}],"version-history":[{"count":0,"href":"https:\/\/univet.hu\/hu\/wp-json\/wp\/v2\/pages\/15999\/revisions"}],"up":[{"embeddable":true,"href":"https:\/\/univet.hu\/hu\/wp-json\/wp\/v2\/pages\/677"}],"wp:attachment":[{"href":"https:\/\/univet.hu\/hu\/wp-json\/wp\/v2\/media?parent=15999"}],"wp:term":[{"taxonomy":"category","embeddable":true,"href":"https:\/\/univet.hu\/hu\/wp-json\/wp\/v2\/categories?post=15999"},{"taxonomy":"post_tag","embeddable":true,"href":"https:\/\/univet.hu\/hu\/wp-json\/wp\/v2\/tags?post=15999"}],"curies":[{"name":"wp","href":"https:\/\/api.w.org\/{rel}","templated":true}]}}