{"id":16000,"date":"1970-01-01T00:00:00","date_gmt":"1969-12-31T23:00:00","guid":{"rendered":"http:\/\/univet.hu\/oktatas\/kurzusok\/okologiai-terepmodszerek-biologia-bsc\/"},"modified":"1970-01-01T00:00:00","modified_gmt":"1969-12-31T23:00:00","slug":"okologiai-terepmodszerek-biologia-bsc","status":"publish","type":"page","link":"https:\/\/univet.hu\/hu\/oktatas\/kurzusok\/okologiai-terepmodszerek-biologia-bsc\/","title":{"rendered":"\u00d6kol\u00f3giai terepm\u00f3dszerek &#8211; biol\u00f3gia BSc"},"content":{"rendered":"<p>tant\u00e1rgyfelel\u0151s: Dr. Szab\u00f3 P\u00e9ter<\/p> <p>Az elm\u00e9leti konzult\u00e1ci\u00f3k sor\u00e1n \u00e1ttekintj\u00fck a legfontosabb \u00f6kol\u00f3giai vizsg\u00e1lati m\u00f3dszerek elvi alapjait.<\/p> <p>Az \u00f3ra el\u0151ad\u00e1sainak anyaga \u00e9s kapcsol\u00f3d\u00f3 inform\u00e1ci\u00f3i (vizsgainform\u00e1ci\u00f3k, tematika) az al\u00e1bbi helyen \u00e9rhet\u0151k el:<br \/><a href=\"https:\/\/sites.google.com\/site\/okologiaiterepmodszerek\/home\/2015_2016\" data-replaced=\"true\" target=\"_blank\" title=\"https:\/\/sites.google.com\/site\/popkozokol\/home\/2014_2015\">https:\/\/sites.google.com\/site\/okologiaiterepmodszerek\/home\/2015_2016<\/a><\/p> <p><!--      --><\/p>","protected":false},"excerpt":{"rendered":"<p>tant\u00e1rgyfelel\u0151s: Dr. Szab\u00f3 P\u00e9ter Az elm\u00e9leti konzult\u00e1ci\u00f3k sor\u00e1n \u00e1ttekintj\u00fck a legfontosabb \u00f6kol\u00f3giai vizsg\u00e1lati m\u00f3dszerek elvi alapjait. Az \u00f3ra el\u0151ad\u00e1sainak anyaga \u00e9s kapcsol\u00f3d\u00f3 inform\u00e1ci\u00f3i (vizsgainform\u00e1ci\u00f3k, tematika) az al\u00e1bbi helyen \u00e9rhet\u0151k el:https:\/\/sites.google.com\/site\/okologiaiterepmodszerek\/home\/2015_2016<\/p>\n","protected":false},"author":3837,"featured_media":0,"parent":677,"menu_order":115,"comment_status":"closed","ping_status":"closed","template":"","meta":{"_acf_changed":false,"footnotes":""},"categories":[],"tags":[],"class_list":["post-16000","page","type-page","status-publish","hentry"],"acf":[],"_links":{"self":[{"href":"https:\/\/univet.hu\/hu\/wp-json\/wp\/v2\/pages\/16000","targetHints":{"allow":["GET"]}}],"collection":[{"href":"https:\/\/univet.hu\/hu\/wp-json\/wp\/v2\/pages"}],"about":[{"href":"https:\/\/univet.hu\/hu\/wp-json\/wp\/v2\/types\/page"}],"author":[{"embeddable":true,"href":"https:\/\/univet.hu\/hu\/wp-json\/wp\/v2\/users\/3837"}],"replies":[{"embeddable":true,"href":"https:\/\/univet.hu\/hu\/wp-json\/wp\/v2\/comments?post=16000"}],"version-history":[{"count":0,"href":"https:\/\/univet.hu\/hu\/wp-json\/wp\/v2\/pages\/16000\/revisions"}],"up":[{"embeddable":true,"href":"https:\/\/univet.hu\/hu\/wp-json\/wp\/v2\/pages\/677"}],"wp:attachment":[{"href":"https:\/\/univet.hu\/hu\/wp-json\/wp\/v2\/media?parent=16000"}],"wp:term":[{"taxonomy":"category","embeddable":true,"href":"https:\/\/univet.hu\/hu\/wp-json\/wp\/v2\/categories?post=16000"},{"taxonomy":"post_tag","embeddable":true,"href":"https:\/\/univet.hu\/hu\/wp-json\/wp\/v2\/tags?post=16000"}],"curies":[{"name":"wp","href":"https:\/\/api.w.org\/{rel}","templated":true}]}}