{"id":16001,"date":"1970-01-01T00:00:00","date_gmt":"1969-12-31T23:00:00","guid":{"rendered":"http:\/\/univet.hu\/oktatas\/kurzusok\/okonomia-menedzsment-es-etika\/"},"modified":"2025-07-08T10:19:53","modified_gmt":"2025-07-08T08:19:53","slug":"okonomia-menedzsment-es-etika","status":"publish","type":"page","link":"https:\/\/univet.hu\/hu\/oktatas\/kurzusok\/okonomia-menedzsment-es-etika\/","title":{"rendered":"\u00d6kon\u00f3mia, menedzsment \u00e9s etika"},"content":{"rendered":"<p>Tant\u00e1rgyfelel\u0151s: Prof. Dr. \u00d3zsv\u00e1ri L\u00e1szl\u00f3<\/p> <p>Az \u00e1llatorvosi \u00fczleti tev\u00e9kenys\u00e9ggel \u00e9s a foglalkoztat\u00e1ssal j\u00e1r\u00f3 \u00fczleti, szervez\u00e9si feladatok, menedzsment \u00e9s jogi szab\u00e1lyoz\u00e1s megismer\u00e9se.<\/p>","protected":false},"excerpt":{"rendered":"<p>Tant\u00e1rgyfelel\u0151s: Prof. Dr. \u00d3zsv\u00e1ri L\u00e1szl\u00f3 Az \u00e1llatorvosi \u00fczleti tev\u00e9kenys\u00e9ggel \u00e9s a foglalkoztat\u00e1ssal j\u00e1r\u00f3 \u00fczleti, szervez\u00e9si feladatok, menedzsment \u00e9s jogi szab\u00e1lyoz\u00e1s megismer\u00e9se.<\/p>\n","protected":false},"author":3837,"featured_media":0,"parent":677,"menu_order":115,"comment_status":"closed","ping_status":"closed","template":"","meta":{"_acf_changed":false,"footnotes":""},"categories":[],"tags":[],"class_list":["post-16001","page","type-page","status-publish","hentry"],"acf":[],"_links":{"self":[{"href":"https:\/\/univet.hu\/hu\/wp-json\/wp\/v2\/pages\/16001","targetHints":{"allow":["GET"]}}],"collection":[{"href":"https:\/\/univet.hu\/hu\/wp-json\/wp\/v2\/pages"}],"about":[{"href":"https:\/\/univet.hu\/hu\/wp-json\/wp\/v2\/types\/page"}],"author":[{"embeddable":true,"href":"https:\/\/univet.hu\/hu\/wp-json\/wp\/v2\/users\/3837"}],"replies":[{"embeddable":true,"href":"https:\/\/univet.hu\/hu\/wp-json\/wp\/v2\/comments?post=16001"}],"version-history":[{"count":1,"href":"https:\/\/univet.hu\/hu\/wp-json\/wp\/v2\/pages\/16001\/revisions"}],"predecessor-version":[{"id":187836,"href":"https:\/\/univet.hu\/hu\/wp-json\/wp\/v2\/pages\/16001\/revisions\/187836"}],"up":[{"embeddable":true,"href":"https:\/\/univet.hu\/hu\/wp-json\/wp\/v2\/pages\/677"}],"wp:attachment":[{"href":"https:\/\/univet.hu\/hu\/wp-json\/wp\/v2\/media?parent=16001"}],"wp:term":[{"taxonomy":"category","embeddable":true,"href":"https:\/\/univet.hu\/hu\/wp-json\/wp\/v2\/categories?post=16001"},{"taxonomy":"post_tag","embeddable":true,"href":"https:\/\/univet.hu\/hu\/wp-json\/wp\/v2\/tags?post=16001"}],"curies":[{"name":"wp","href":"https:\/\/api.w.org\/{rel}","templated":true}]}}