{"id":16002,"date":"1970-01-01T00:00:00","date_gmt":"1969-12-31T23:00:00","guid":{"rendered":"http:\/\/univet.hu\/oktatas\/kurzusok\/okotoxikologia-biologia-bsc\/"},"modified":"1970-01-01T00:00:00","modified_gmt":"1969-12-31T23:00:00","slug":"okotoxikologia-biologia-bsc","status":"publish","type":"page","link":"https:\/\/univet.hu\/hu\/oktatas\/kurzusok\/okotoxikologia-biologia-bsc\/","title":{"rendered":"\u00d6kotoxikol\u00f3gia &#8211; biol\u00f3gia BSc"},"content":{"rendered":"<p>tant\u00e1rgyfelel\u0151s: Dr. Nagy P\u00e9ter<\/p> <p>A k\u00f6rnyezetszennyez\u0151 anyagokkal kapcsolatos probl\u00e9m\u00e1k jelent\u0151s\u00e9ge egyre n\u0151 \u00e9s ez a trend a j\u00f6v\u0151ben is -sajn\u00e1latos m\u00f3don- tov\u00e1bb n\u00f6vekszik. \u00c9ppen ez\u00e9rt egyre nagyobb jelent\u0151s\u00e9g\u0171 az elm\u00e9leti, \u00f6kol\u00f3giai alapoz\u00e1s a k\u00f6rnyezetszennyez\u00e9si jelens\u00e9gek, probl\u00e9m\u00e1k meg\u00e9rt\u00e9se szempontj\u00e1b\u00f3l. A szupraindividu\u00e1lis rendszerek strukt\u00far\u00e1lis \u00e9s funkcion\u00e1lis tulajdons\u00e1gainak ismeret\u00e9b\u0151l indulunk ki az \u00f6kotoxikol\u00f3giai jelens\u00e9gek bemutat\u00e1sa sor\u00e1n. Nem a szennyez\u0151 anyagok szerinti csoportos\u00edt\u00e1st k\u00f6vetj\u00fck, mint ezt hagyom\u00e1nyosan teszik, hanem a k\u00fcl\u00f6nb\u00f6z\u0151 \u00e9l\u0151helyek (v\u00edz, talaj, mez\u0151gazdas\u00e1gi ter\u00fcletek) \u00f6kotoxikol\u00f3giai probl\u00e9m\u00e1ira koncentr\u00e1lunk. K\u00fcl\u00f6n hangs\u00falyt helyez\u00fcnk arra, hogy a hallgat\u00f3k a gyakorlati elj\u00e1r\u00e1sokkal alaposan megismerkedjenek.<\/p> <p>K\u00f6telez\u0151 irodalom: <\/p> <p>Walker C.H., Hopkin S.P., Silby R.M., Peakall D.B. (2001): Principles of ecotoxicology. Taylor &amp; Francis. London.<\/p> <p>Aj\u00e1nlott: Darvas B. (2000): Vir\u00e1got Oikosnak. L\u2019Harmattan Kiad\u00f3, Budapest.<\/p><\/p>","protected":false},"excerpt":{"rendered":"<p>tant\u00e1rgyfelel\u0151s: Dr. Nagy P\u00e9ter A k\u00f6rnyezetszennyez\u0151 anyagokkal kapcsolatos probl\u00e9m\u00e1k jelent\u0151s\u00e9ge egyre n\u0151 \u00e9s ez a trend a j\u00f6v\u0151ben is -sajn\u00e1latos m\u00f3don- tov\u00e1bb n\u00f6vekszik. \u00c9ppen ez\u00e9rt egyre nagyobb jelent\u0151s\u00e9g\u0171 az elm\u00e9leti, \u00f6kol\u00f3giai alapoz\u00e1s a k\u00f6rnyezetszennyez\u00e9si jelens\u00e9gek, probl\u00e9m\u00e1k meg\u00e9rt\u00e9se szempontj\u00e1b\u00f3l. A szupraindividu\u00e1lis rendszerek strukt\u00far\u00e1lis \u00e9s funkcion\u00e1lis tulajdons\u00e1gainak ismeret\u00e9b\u0151l indulunk ki az \u00f6kotoxikol\u00f3giai jelens\u00e9gek bemutat\u00e1sa sor\u00e1n. Nem a<\/p>\n","protected":false},"author":3837,"featured_media":0,"parent":677,"menu_order":115,"comment_status":"closed","ping_status":"closed","template":"","meta":{"_acf_changed":false,"footnotes":""},"categories":[],"tags":[],"class_list":["post-16002","page","type-page","status-publish","hentry"],"acf":[],"_links":{"self":[{"href":"https:\/\/univet.hu\/hu\/wp-json\/wp\/v2\/pages\/16002","targetHints":{"allow":["GET"]}}],"collection":[{"href":"https:\/\/univet.hu\/hu\/wp-json\/wp\/v2\/pages"}],"about":[{"href":"https:\/\/univet.hu\/hu\/wp-json\/wp\/v2\/types\/page"}],"author":[{"embeddable":true,"href":"https:\/\/univet.hu\/hu\/wp-json\/wp\/v2\/users\/3837"}],"replies":[{"embeddable":true,"href":"https:\/\/univet.hu\/hu\/wp-json\/wp\/v2\/comments?post=16002"}],"version-history":[{"count":0,"href":"https:\/\/univet.hu\/hu\/wp-json\/wp\/v2\/pages\/16002\/revisions"}],"up":[{"embeddable":true,"href":"https:\/\/univet.hu\/hu\/wp-json\/wp\/v2\/pages\/677"}],"wp:attachment":[{"href":"https:\/\/univet.hu\/hu\/wp-json\/wp\/v2\/media?parent=16002"}],"wp:term":[{"taxonomy":"category","embeddable":true,"href":"https:\/\/univet.hu\/hu\/wp-json\/wp\/v2\/categories?post=16002"},{"taxonomy":"post_tag","embeddable":true,"href":"https:\/\/univet.hu\/hu\/wp-json\/wp\/v2\/tags?post=16002"}],"curies":[{"name":"wp","href":"https:\/\/api.w.org\/{rel}","templated":true}]}}