{"id":16004,"date":"1970-01-01T00:00:00","date_gmt":"1969-12-31T23:00:00","guid":{"rendered":"http:\/\/univet.hu\/oktatas\/kurzusok\/osszehasonlito-allatszervezettan-i\/"},"modified":"1970-01-01T00:00:00","modified_gmt":"1969-12-31T23:00:00","slug":"osszehasonlito-allatszervezettan-i","status":"publish","type":"page","link":"https:\/\/univet.hu\/hu\/oktatas\/kurzusok\/osszehasonlito-allatszervezettan-i\/","title":{"rendered":"\u00d6sszehasonl\u00edt\u00f3 \u00c1llatszervezettan I."},"content":{"rendered":"<p>A tant&aacute;rgy keret&eacute;ben a t&ouml;rzsfejl\u0151d&eacute;s teljes sk&aacute;l&aacute;j&aacute;n v&eacute;gighaladva az &ouml;sszehasonl&iacute;t&oacute; morfol&oacute;gia m&oacute;dszereivel ismertetj&uuml;k az &aacute;llati szervezetet fel&eacute;p&iacute;t\u0151 strukt&uacute;r&aacute;lis elemeket. Az el\u0151ad&aacute;sokon a Bauplan elm&eacute;letre alapozva az &ouml;sszehasonl&iacute;t&oacute; szervtan keret&eacute;ben t&aacute;rgyal&aacute;sra ker&uuml;l az 1. szemeszterben a k&uuml;ltakar&oacute;, mozg&aacute;s-szervrendszer, az em&eacute;szt\u0151rendszer &eacute;s a l&eacute;gz\u0151-rendszer &ouml;sszehasonl&iacute;t&oacute; anat&oacute;mi&aacute;ja &eacute;s sz&ouml;vettana, a 2. szemeszterben a kiv&aacute;laszt&aacute;s, a szaporod&aacute;s &eacute;s kering&eacute;s szervrendszerei, majd ezt k&ouml;vet\u0151en a 3. szemeszter sor&aacute;n az idegrendszer, az &eacute;rz&eacute;kszervek &eacute;s v&eacute;g&uuml;l az endocrin rendszer anat&oacute;mi&aacute;ja &eacute;s sz&ouml;vettana. A p&aacute;rhuzamosan foly&oacute; gyakorlatokon a t&iacute;pustani megk&ouml;zel&iacute;t&eacute;st alapul v&eacute;ve az egyes t&iacute;pus&aacute;llatok boncol&aacute;sa sor&aacute;n az egyes strukt&uacute;r&aacute;k egyeden bel&uuml;li elrendez\u0151d&eacute;s&eacute;t, topogr&aacute;fiai viszonyait ismerik meg a hallgat&oacute;k. Az egyes szervek fel&eacute;p&iacute;t&eacute;sbeli saj&aacute;toss&aacute;gait azok sztereo- &eacute;s f&eacute;nymikroszk&oacute;pos vizsg&aacute;lata eg&eacute;sz&iacute;ti ki.<\/p> <p>6. K&ouml;telez\u0151 &eacute;s aj&aacute;nlott irodalom:<br \/> Sass Mikl&oacute;s, Zboray G&eacute;za: &Ouml;sszehasonl&iacute;t&oacute; anat&oacute;miai el\u0151ad&aacute;sok. Sorozat, E&ouml;tv&ouml;s Kiad&oacute;, Budapest<br \/> Sass Mikl&oacute;s: &Ouml;sszehasonl&iacute;t&oacute; anat&oacute;miai atlasz. Universitas, Budapest<br \/> Odorfer Magdolna: &Ouml;sszehasonl&iacute;t&oacute; &aacute;llatszervezettan I., II. &eacute;s III. Tank&ouml;nyvkiad&oacute;, Budapest<br \/> Holl&oacute;sy G&aacute;bor: Funkcion&aacute;lis &aacute;llatanat&oacute;mia I. &eacute;s II. Tank&ouml;nyvkiad&oacute;, Budapest<br \/> Csoknya M&aacute;ria, Horv&aacute;th Imre, Stammer Aranka: Mozg&aacute;s-szervrendszer. JATE, Szeged<br \/> G&aacute;briel R&oacute;bert: A gerinces &aacute;llatok mozg&aacute;s-szervrendszere. JATE, Szeged<br \/> Csoknya M&aacute;ria: &Eacute;rz&eacute;kszervek. JPTE, P&eacute;cs<br \/> Csoknya M&aacute;ria, H&aacute;mori J&oacute;zsef: Az idegrendszer &ouml;sszehasonl&iacute;t&oacute; anat&oacute;mi&aacute;ja. JPTE, P&eacute;cs<br \/> Csoknya M&aacute;ria, Lengv&aacute;ri Istv&aacute;n: Biol&oacute;giai szab&aacute;lyoz&oacute; rendszerek. Szaktud&aacute;s Kiad&oacute;, Budapest<br \/> Halasy Katalin, Benedeczky Istv&aacute;n: A v&eacute;r- &eacute;s nyirokkering&eacute;s szervrendszere. JATE, Szeged<br \/> Halasy Katalin, G&aacute;briel R&oacute;bert, Fekete &Eacute;va: Sz&iacute;nes neuroanat&oacute;mia. JATE, Szeged<br \/> V&iacute;gh Borb&aacute;la &eacute;s Kondics Lajos: &Ouml;sszehasonl&iacute;t&oacute; sz&ouml;vettan. Tank&ouml;nyvkiad&oacute;, Budapest<br \/> Zboray G&eacute;za (szerk): &Ouml;sszehasonl&iacute;t&oacute; anat&oacute;miai praktikum I. &eacute;s II. Tank&ouml;nyvkiad&oacute;, Budapest<\/p> <p>&nbsp;<\/p>","protected":false},"excerpt":{"rendered":"<p>A tant&aacute;rgy keret&eacute;ben a t&ouml;rzsfejl\u0151d&eacute;s teljes sk&aacute;l&aacute;j&aacute;n v&eacute;gighaladva az &ouml;sszehasonl&iacute;t&oacute; morfol&oacute;gia m&oacute;dszereivel ismertetj&uuml;k az &aacute;llati szervezetet fel&eacute;p&iacute;t\u0151 strukt&uacute;r&aacute;lis elemeket. Az el\u0151ad&aacute;sokon a Bauplan elm&eacute;letre alapozva az &ouml;sszehasonl&iacute;t&oacute; szervtan keret&eacute;ben t&aacute;rgyal&aacute;sra ker&uuml;l az 1. szemeszterben a k&uuml;ltakar&oacute;, mozg&aacute;s-szervrendszer, az em&eacute;szt\u0151rendszer &eacute;s a l&eacute;gz\u0151-rendszer &ouml;sszehasonl&iacute;t&oacute; anat&oacute;mi&aacute;ja &eacute;s sz&ouml;vettana, a 2. szemeszterben a kiv&aacute;laszt&aacute;s, a szaporod&aacute;s &eacute;s kering&eacute;s<\/p>\n","protected":false},"author":3837,"featured_media":0,"parent":677,"menu_order":115,"comment_status":"closed","ping_status":"closed","template":"","meta":{"_acf_changed":false,"footnotes":""},"categories":[],"tags":[],"class_list":["post-16004","page","type-page","status-publish","hentry"],"acf":[],"_links":{"self":[{"href":"https:\/\/univet.hu\/hu\/wp-json\/wp\/v2\/pages\/16004","targetHints":{"allow":["GET"]}}],"collection":[{"href":"https:\/\/univet.hu\/hu\/wp-json\/wp\/v2\/pages"}],"about":[{"href":"https:\/\/univet.hu\/hu\/wp-json\/wp\/v2\/types\/page"}],"author":[{"embeddable":true,"href":"https:\/\/univet.hu\/hu\/wp-json\/wp\/v2\/users\/3837"}],"replies":[{"embeddable":true,"href":"https:\/\/univet.hu\/hu\/wp-json\/wp\/v2\/comments?post=16004"}],"version-history":[{"count":0,"href":"https:\/\/univet.hu\/hu\/wp-json\/wp\/v2\/pages\/16004\/revisions"}],"up":[{"embeddable":true,"href":"https:\/\/univet.hu\/hu\/wp-json\/wp\/v2\/pages\/677"}],"wp:attachment":[{"href":"https:\/\/univet.hu\/hu\/wp-json\/wp\/v2\/media?parent=16004"}],"wp:term":[{"taxonomy":"category","embeddable":true,"href":"https:\/\/univet.hu\/hu\/wp-json\/wp\/v2\/categories?post=16004"},{"taxonomy":"post_tag","embeddable":true,"href":"https:\/\/univet.hu\/hu\/wp-json\/wp\/v2\/tags?post=16004"}],"curies":[{"name":"wp","href":"https:\/\/api.w.org\/{rel}","templated":true}]}}