{"id":16006,"date":"1970-01-01T00:00:00","date_gmt":"1969-12-31T23:00:00","guid":{"rendered":"http:\/\/univet.hu\/oktatas\/kurzusok\/osszehasonlito-biokemia\/"},"modified":"2023-08-29T10:41:22","modified_gmt":"2023-08-29T08:41:22","slug":"osszehasonlito-biokemia","status":"publish","type":"page","link":"https:\/\/univet.hu\/hu\/oktatas\/kurzusok\/osszehasonlito-biokemia\/","title":{"rendered":"\u00d6sszehasonl\u00edt\u00f3 biok\u00e9mia"},"content":{"rendered":"<p>A tant\u00e1rgy bemutatja az eg\u00e9szs\u00e9ges \u00e1llati szervezet \u00e9s a prokari\u00f3ta sejt m\u0171k\u00f6d\u00e9s\u00e9nek molekul\u00e1ris szint\u0171 alapjait, a legfontosabb biok\u00e9miai folyamatokat. A t\u00e1rgyalt t\u00e9m\u00e1k fel\u00f6lelik a homeoszt\u00e1zis, a membr\u00e1nszerkezet \u00e9s a transzportfolyamatok \u00e1ttekint\u00e9s\u00e9t, majd az aminosavak, feh\u00e9rj\u00e9k \u00e9s enzimek biok\u00e9mi\u00e1j\u00e1t. A tant\u00e1rgy bemutatja tov\u00e1bb\u00e1 az intermedier anyagcsere folyamatait (biol\u00f3giai oxid\u00e1ci\u00f3, sz\u00e9nhidr\u00e1tok, lipidek \u00e9s nitrog\u00e9ntartalm\u00fa vegy\u00fcletek anyagcser\u00e9je) \u00e9s a vitaminok biok\u00e9mi\u00e1j\u00e1t.<\/p> <p>&nbsp;<\/p>","protected":false},"excerpt":{"rendered":"<p>A tant\u00e1rgy bemutatja az eg\u00e9szs\u00e9ges \u00e1llati szervezet \u00e9s a prokari\u00f3ta sejt m\u0171k\u00f6d\u00e9s\u00e9nek molekul\u00e1ris szint\u0171 alapjait, a legfontosabb biok\u00e9miai folyamatokat. A t\u00e1rgyalt t\u00e9m\u00e1k fel\u00f6lelik a homeoszt\u00e1zis, a membr\u00e1nszerkezet \u00e9s a transzportfolyamatok \u00e1ttekint\u00e9s\u00e9t, majd az aminosavak, feh\u00e9rj\u00e9k \u00e9s enzimek biok\u00e9mi\u00e1j\u00e1t. A tant\u00e1rgy bemutatja tov\u00e1bb\u00e1 az intermedier anyagcsere folyamatait (biol\u00f3giai oxid\u00e1ci\u00f3, sz\u00e9nhidr\u00e1tok, lipidek \u00e9s nitrog\u00e9ntartalm\u00fa vegy\u00fcletek anyagcser\u00e9je) \u00e9s<\/p>\n","protected":false},"author":3837,"featured_media":0,"parent":677,"menu_order":115,"comment_status":"closed","ping_status":"closed","template":"","meta":{"_acf_changed":false,"footnotes":""},"categories":[],"tags":[],"class_list":["post-16006","page","type-page","status-publish","hentry"],"acf":[],"_links":{"self":[{"href":"https:\/\/univet.hu\/hu\/wp-json\/wp\/v2\/pages\/16006","targetHints":{"allow":["GET"]}}],"collection":[{"href":"https:\/\/univet.hu\/hu\/wp-json\/wp\/v2\/pages"}],"about":[{"href":"https:\/\/univet.hu\/hu\/wp-json\/wp\/v2\/types\/page"}],"author":[{"embeddable":true,"href":"https:\/\/univet.hu\/hu\/wp-json\/wp\/v2\/users\/3837"}],"replies":[{"embeddable":true,"href":"https:\/\/univet.hu\/hu\/wp-json\/wp\/v2\/comments?post=16006"}],"version-history":[{"count":0,"href":"https:\/\/univet.hu\/hu\/wp-json\/wp\/v2\/pages\/16006\/revisions"}],"up":[{"embeddable":true,"href":"https:\/\/univet.hu\/hu\/wp-json\/wp\/v2\/pages\/677"}],"wp:attachment":[{"href":"https:\/\/univet.hu\/hu\/wp-json\/wp\/v2\/media?parent=16006"}],"wp:term":[{"taxonomy":"category","embeddable":true,"href":"https:\/\/univet.hu\/hu\/wp-json\/wp\/v2\/categories?post=16006"},{"taxonomy":"post_tag","embeddable":true,"href":"https:\/\/univet.hu\/hu\/wp-json\/wp\/v2\/tags?post=16006"}],"curies":[{"name":"wp","href":"https:\/\/api.w.org\/{rel}","templated":true}]}}