{"id":16010,"date":"1970-01-01T00:00:00","date_gmt":"1969-12-31T23:00:00","guid":{"rendered":"http:\/\/univet.hu\/oktatas\/kurzusok\/parazitologia-2\/"},"modified":"2025-09-05T12:14:03","modified_gmt":"2025-09-05T10:14:03","slug":"parazitologia-2","status":"publish","type":"page","link":"https:\/\/univet.hu\/hu\/oktatas\/kurzusok\/parazitologia-2\/","title":{"rendered":"Parazitol\u00f3gia 2"},"content":{"rendered":"<p>Az elm\u00e9leti \u00e9s gyakorlati r\u00e9szb\u0151l \u00e1ll\u00f3 tant\u00e1rgy keret\u00e9ben az \u00e1llatorvostan hallgat\u00f3k megismerkednek az \u00e1llatorvosi parazitol\u00f3gia legfontosabb ter\u00fcleteivel, amely lehet\u0151v\u00e9 teszi a gazdas\u00e1gi k\u00e1rok \u00e9s a parazitozoon\u00f3zisok megel\u0151z\u00e9s\u00e9t. Az el\u0151ad\u00e1sok a h\u00e1zi\u00e1llatok hazai vagy nemzetk\u00f6zi jelent\u0151s\u00e9g\u0171 k\u00fcls\u0151 \u00e9s bels\u0151 \u00e9l\u0151sk\u00f6d\u0151it t\u00e1rgyalj\u00e1k. Hangs\u00falyosan szerepelnek a parazit\u00e1k biol\u00f3gi\u00e1j\u00e1val \u00e9s a parazit\u00e1s b\u00e1ntalmak j\u00e1rv\u00e1nytan\u00e1val, k\u00f3rfejl\u0151d\u00e9stan\u00e1val, diagnosztik\u00e1j\u00e1val, gy\u00f3gykezel\u00e9s\u00e9vel \u00e9s megel\u0151z\u00e9s\u00e9vel kapcsolatos alapvet\u0151 ismeretek. A gyakorlatok c\u00e9lja az el\u0151ad\u00e1sokon szerepl\u0151 fontosabb \u00e9l\u0151sk\u00f6d\u0151k bemutat\u00e1sa k\u00fcl\u00f6n\u00f6s tekintettel a meghat\u00e1roz\u00e1sra \u00e9s a diagnosztik\u00e1ra. Az el\u0151ad\u00e1st k\u00f6vet\u0151 gyakorlatokon a hallgat\u00f3k megismerkednek a diagnosztikai m\u00f3dszerekkel \u00e9s az eredm\u00e9nyek \u00e9rtelmez\u00e9s\u00e9vel. Lehet\u0151s\u00e9g ny\u00edlik sz\u00e1mos faj \u00e9l\u0151sk\u00f6d\u0151j\u00e9nek v\u00e9r- \u00e9s b\u00e9ls\u00e1rmint\u00e1kban, valamint prepar\u00e1tumokban t\u00f6rt\u00e9n\u0151 megfigyel\u00e9s\u00e9re. A parazitol\u00f3gia tant\u00e1rgy felv\u00e9tel\u00e9hez sikeres vizsga let\u00e9tele sz\u00fcks\u00e9ges \u00e1llattanb\u00f3l, k\u00e9mi\u00e1b\u00f3l, anat\u00f3mi\u00e1b\u00f3l, sz\u00f6vettanb\u00f3l, \u00e9lettanb\u00f3l \u00e9s biok\u00e9mi\u00e1b\u00f3l. A hallgat\u00f3k parazitol\u00f3giai ismerete a k\u00e9s\u0151bbi k\u00f3rbonctan, belgy\u00f3gy\u00e1szat \u00e9s \u00e9lelmiszer-higi\u00e9nia tant\u00e1rgyakhoz is seg\u00edts\u00e9get ny\u00fajt.<\/p>","protected":false},"excerpt":{"rendered":"<p>Az elm\u00e9leti \u00e9s gyakorlati r\u00e9szb\u0151l \u00e1ll\u00f3 tant\u00e1rgy keret\u00e9ben az \u00e1llatorvostan hallgat\u00f3k megismerkednek az \u00e1llatorvosi parazitol\u00f3gia legfontosabb ter\u00fcleteivel, amely lehet\u0151v\u00e9 teszi a gazdas\u00e1gi k\u00e1rok \u00e9s a parazitozoon\u00f3zisok megel\u0151z\u00e9s\u00e9t. Az el\u0151ad\u00e1sok a h\u00e1zi\u00e1llatok hazai vagy nemzetk\u00f6zi jelent\u0151s\u00e9g\u0171 k\u00fcls\u0151 \u00e9s bels\u0151 \u00e9l\u0151sk\u00f6d\u0151it t\u00e1rgyalj\u00e1k. Hangs\u00falyosan szerepelnek a parazit\u00e1k biol\u00f3gi\u00e1j\u00e1val \u00e9s a parazit\u00e1s b\u00e1ntalmak j\u00e1rv\u00e1nytan\u00e1val, k\u00f3rfejl\u0151d\u00e9stan\u00e1val, diagnosztik\u00e1j\u00e1val, gy\u00f3gykezel\u00e9s\u00e9vel \u00e9s megel\u0151z\u00e9s\u00e9vel<\/p>\n","protected":false},"author":3837,"featured_media":0,"parent":677,"menu_order":115,"comment_status":"closed","ping_status":"closed","template":"","meta":{"_acf_changed":false,"footnotes":""},"categories":[],"tags":[],"class_list":["post-16010","page","type-page","status-publish","hentry"],"acf":[],"_links":{"self":[{"href":"https:\/\/univet.hu\/hu\/wp-json\/wp\/v2\/pages\/16010","targetHints":{"allow":["GET"]}}],"collection":[{"href":"https:\/\/univet.hu\/hu\/wp-json\/wp\/v2\/pages"}],"about":[{"href":"https:\/\/univet.hu\/hu\/wp-json\/wp\/v2\/types\/page"}],"author":[{"embeddable":true,"href":"https:\/\/univet.hu\/hu\/wp-json\/wp\/v2\/users\/3837"}],"replies":[{"embeddable":true,"href":"https:\/\/univet.hu\/hu\/wp-json\/wp\/v2\/comments?post=16010"}],"version-history":[{"count":1,"href":"https:\/\/univet.hu\/hu\/wp-json\/wp\/v2\/pages\/16010\/revisions"}],"predecessor-version":[{"id":190040,"href":"https:\/\/univet.hu\/hu\/wp-json\/wp\/v2\/pages\/16010\/revisions\/190040"}],"up":[{"embeddable":true,"href":"https:\/\/univet.hu\/hu\/wp-json\/wp\/v2\/pages\/677"}],"wp:attachment":[{"href":"https:\/\/univet.hu\/hu\/wp-json\/wp\/v2\/media?parent=16010"}],"wp:term":[{"taxonomy":"category","embeddable":true,"href":"https:\/\/univet.hu\/hu\/wp-json\/wp\/v2\/categories?post=16010"},{"taxonomy":"post_tag","embeddable":true,"href":"https:\/\/univet.hu\/hu\/wp-json\/wp\/v2\/tags?post=16010"}],"curies":[{"name":"wp","href":"https:\/\/api.w.org\/{rel}","templated":true}]}}