{"id":16011,"date":"1970-01-01T00:00:00","date_gmt":"1969-12-31T23:00:00","guid":{"rendered":"http:\/\/univet.hu\/oktatas\/kurzusok\/parazitologia-es-parazita-okologia\/"},"modified":"2025-08-18T07:58:56","modified_gmt":"2025-08-18T05:58:56","slug":"parazitologia-es-parazita-okologia","status":"publish","type":"page","link":"https:\/\/univet.hu\/hu\/oktatas\/kurzusok\/parazitologia-es-parazita-okologia\/","title":{"rendered":"Parazitol\u00f3gia \u00e9s parazita \u00f6kol\u00f3gia"},"content":{"rendered":"<p>Az\u00a0 1. \u00e9vfolyamos Biol\u00f3gus mesterk\u00e9pz\u00e9sben r\u00e9sztvev\u0151 hallgat\u00f3knak tartott tant\u00e1rgy ismerteti a parazitizmus k\u00fcl\u00f6nf\u00e9le v\u00e1lfajait, bemutatja a parazit\u00e1k rendk\u00edv\u00fcli morfol\u00f3giai \u00e9s \u00e9letm\u00f3dbeli diverzit\u00e1s\u00e1t. Az al\u00e1bbi t\u00e9mak\u00f6r\u00f6k t\u00e1rgyal\u00e1s\u00e1ra ker\u00fcl sor: Az \u00e1llati parazit\u00e1k f\u0151bb t\u00edpusai, elhelyezked\u00e9s\u00fck a t\u00f6rzsf\u00e1n. Az \u00e9letciklusok jellemz\u0151i \u00e9s a parazitizmus v\u00e1llfajai (hiperparazitizmus, parazitoidok stb.). Az \u00e9l\u0151sk\u00f6d\u00e9s l\u00e9trej\u00f6tte a mikr\u00f3b\u00e1k \u00e9s az eukari\u00f3t\u00e1k vil\u00e1g\u00e1ban. A parazita n\u00f6v\u00e9nyek \u00e9s a n\u00f6v\u00e9nyek parazit\u00e1i. Az alacsonyabbrend\u0171 \u00e1llatok parazit\u00e1i. A vadon \u00e9l\u0151 gerincesek parazit\u00e1i. Az ember fontosabb parazit\u00e1i. Az ember k\u00f6r\u00fcl \u00e9l\u0151 \u00e1llatok (h\u00e1zi\u00e1llatok \u00e9s t\u00e1rs\u00e1llatok) parazit\u00e1i. Zoon\u00f3zist okoz\u00f3 parazit\u00e1k. Egzotikus \u00e9s vil\u00e1gszerte elterjedt parazit\u00e1k. A parazit\u00e1k sz\u00e9thurcol\u00e1sa, invaz\u00edv parazit\u00f3zisok. Parazita \u00e9s gazda popul\u00e1ci\u00f3k viselked\u00e9se, k\u00f6lcs\u00f6nhat\u00e1sa. A parazit\u00e1k szerepe a fajok evol\u00faci\u00f3j\u00e1ban. A parazitol\u00f3giai kutat\u00e1si m\u00f3dszerek, a parazit\u00f3zisok kimutat\u00e1si m\u00f3dszerei.<\/p>","protected":false},"excerpt":{"rendered":"<p>Az\u00a0 1. \u00e9vfolyamos Biol\u00f3gus mesterk\u00e9pz\u00e9sben r\u00e9sztvev\u0151 hallgat\u00f3knak tartott tant\u00e1rgy ismerteti a parazitizmus k\u00fcl\u00f6nf\u00e9le v\u00e1lfajait, bemutatja a parazit\u00e1k rendk\u00edv\u00fcli morfol\u00f3giai \u00e9s \u00e9letm\u00f3dbeli diverzit\u00e1s\u00e1t. Az al\u00e1bbi t\u00e9mak\u00f6r\u00f6k t\u00e1rgyal\u00e1s\u00e1ra ker\u00fcl sor: Az \u00e1llati parazit\u00e1k f\u0151bb t\u00edpusai, elhelyezked\u00e9s\u00fck a t\u00f6rzsf\u00e1n. Az \u00e9letciklusok jellemz\u0151i \u00e9s a parazitizmus v\u00e1llfajai (hiperparazitizmus, parazitoidok stb.). Az \u00e9l\u0151sk\u00f6d\u00e9s l\u00e9trej\u00f6tte a mikr\u00f3b\u00e1k \u00e9s az eukari\u00f3t\u00e1k vil\u00e1g\u00e1ban.<\/p>\n","protected":false},"author":3837,"featured_media":0,"parent":677,"menu_order":115,"comment_status":"closed","ping_status":"closed","template":"","meta":{"_acf_changed":false,"footnotes":""},"categories":[],"tags":[],"class_list":["post-16011","page","type-page","status-publish","hentry"],"acf":[],"_links":{"self":[{"href":"https:\/\/univet.hu\/hu\/wp-json\/wp\/v2\/pages\/16011","targetHints":{"allow":["GET"]}}],"collection":[{"href":"https:\/\/univet.hu\/hu\/wp-json\/wp\/v2\/pages"}],"about":[{"href":"https:\/\/univet.hu\/hu\/wp-json\/wp\/v2\/types\/page"}],"author":[{"embeddable":true,"href":"https:\/\/univet.hu\/hu\/wp-json\/wp\/v2\/users\/3837"}],"replies":[{"embeddable":true,"href":"https:\/\/univet.hu\/hu\/wp-json\/wp\/v2\/comments?post=16011"}],"version-history":[{"count":1,"href":"https:\/\/univet.hu\/hu\/wp-json\/wp\/v2\/pages\/16011\/revisions"}],"predecessor-version":[{"id":188976,"href":"https:\/\/univet.hu\/hu\/wp-json\/wp\/v2\/pages\/16011\/revisions\/188976"}],"up":[{"embeddable":true,"href":"https:\/\/univet.hu\/hu\/wp-json\/wp\/v2\/pages\/677"}],"wp:attachment":[{"href":"https:\/\/univet.hu\/hu\/wp-json\/wp\/v2\/media?parent=16011"}],"wp:term":[{"taxonomy":"category","embeddable":true,"href":"https:\/\/univet.hu\/hu\/wp-json\/wp\/v2\/categories?post=16011"},{"taxonomy":"post_tag","embeddable":true,"href":"https:\/\/univet.hu\/hu\/wp-json\/wp\/v2\/tags?post=16011"}],"curies":[{"name":"wp","href":"https:\/\/api.w.org\/{rel}","templated":true}]}}