{"id":16012,"date":"1970-01-01T00:00:00","date_gmt":"1969-12-31T23:00:00","guid":{"rendered":"http:\/\/univet.hu\/oktatas\/kurzusok\/parazitozoonozisok\/"},"modified":"2019-10-22T16:02:52","modified_gmt":"2019-10-22T14:02:52","slug":"parazitozoonozisok","status":"publish","type":"page","link":"https:\/\/univet.hu\/hu\/oktatas\/kurzusok\/parazitozoonozisok\/","title":{"rendered":"Parazitozoon\u00f3zisok"},"content":{"rendered":"<p>A k\u00f6telez\u0151en v\u00e1laszthat\u00f3 fakultat\u00edv tant\u00e1rgy r\u00e9szletesen ismerteti az \u00e1llatorvosi parazitol\u00f3gia keret\u00e9ben tanult fajok k\u00f6z\u00fcl azokat, amelyeknek k\u00f6zeg\u00e9szs\u00e9g\u00fcgyi jelent\u0151s\u00e9ge lehet haz\u00e1nkban. A hallgat\u00f3k ismereteket szereznek a tr\u00f3pusi \u00e9s szubtr\u00f3pusi ter\u00fcleteken el\u0151fordul\u00f3 parazitozoon\u00f3zisokr\u00f3l is, amelyekkel hivatalos kik\u00fcldet\u00e9sben, vagy turistak\u00e9nt tal\u00e1lkozhatnak. Az alapismeretek \u00e1ttekint\u00e9se mellett a szakter\u00fclet \u00fajabb elm\u00e9leti \u00e9s gyakorlati vonatkoz\u00e1sait (pl. biol\u00f3giai v\u00e9dekez\u00e9s, biol\u00f3giai k\u00f6rnyezetszennyez\u00e9s) is mag\u00e1ba foglalja.<\/p>","protected":false},"excerpt":{"rendered":"<p>A k\u00f6telez\u0151en v\u00e1laszthat\u00f3 fakultat\u00edv tant\u00e1rgy r\u00e9szletesen ismerteti az \u00e1llatorvosi parazitol\u00f3gia keret\u00e9ben tanult fajok k\u00f6z\u00fcl azokat, amelyeknek k\u00f6zeg\u00e9szs\u00e9g\u00fcgyi jelent\u0151s\u00e9ge lehet haz\u00e1nkban. A hallgat\u00f3k ismereteket szereznek a tr\u00f3pusi \u00e9s szubtr\u00f3pusi ter\u00fcleteken el\u0151fordul\u00f3 parazitozoon\u00f3zisokr\u00f3l is, amelyekkel hivatalos kik\u00fcldet\u00e9sben, vagy turistak\u00e9nt tal\u00e1lkozhatnak. Az alapismeretek \u00e1ttekint\u00e9se mellett a szakter\u00fclet \u00fajabb elm\u00e9leti \u00e9s gyakorlati vonatkoz\u00e1sait (pl. biol\u00f3giai v\u00e9dekez\u00e9s, biol\u00f3giai k\u00f6rnyezetszennyez\u00e9s) is<\/p>\n","protected":false},"author":3837,"featured_media":0,"parent":677,"menu_order":115,"comment_status":"closed","ping_status":"closed","template":"","meta":{"_acf_changed":false,"footnotes":""},"categories":[],"tags":[],"class_list":["post-16012","page","type-page","status-publish","hentry"],"acf":[],"_links":{"self":[{"href":"https:\/\/univet.hu\/hu\/wp-json\/wp\/v2\/pages\/16012","targetHints":{"allow":["GET"]}}],"collection":[{"href":"https:\/\/univet.hu\/hu\/wp-json\/wp\/v2\/pages"}],"about":[{"href":"https:\/\/univet.hu\/hu\/wp-json\/wp\/v2\/types\/page"}],"author":[{"embeddable":true,"href":"https:\/\/univet.hu\/hu\/wp-json\/wp\/v2\/users\/3837"}],"replies":[{"embeddable":true,"href":"https:\/\/univet.hu\/hu\/wp-json\/wp\/v2\/comments?post=16012"}],"version-history":[{"count":0,"href":"https:\/\/univet.hu\/hu\/wp-json\/wp\/v2\/pages\/16012\/revisions"}],"up":[{"embeddable":true,"href":"https:\/\/univet.hu\/hu\/wp-json\/wp\/v2\/pages\/677"}],"wp:attachment":[{"href":"https:\/\/univet.hu\/hu\/wp-json\/wp\/v2\/media?parent=16012"}],"wp:term":[{"taxonomy":"category","embeddable":true,"href":"https:\/\/univet.hu\/hu\/wp-json\/wp\/v2\/categories?post=16012"},{"taxonomy":"post_tag","embeddable":true,"href":"https:\/\/univet.hu\/hu\/wp-json\/wp\/v2\/tags?post=16012"}],"curies":[{"name":"wp","href":"https:\/\/api.w.org\/{rel}","templated":true}]}}