{"id":16013,"date":"1970-01-01T00:00:00","date_gmt":"1969-12-31T23:00:00","guid":{"rendered":"http:\/\/univet.hu\/oktatas\/kurzusok\/populaciogenetika-es-evoluciobiologia-biologia-bsc\/"},"modified":"1970-01-01T00:00:00","modified_gmt":"1969-12-31T23:00:00","slug":"populaciogenetika-es-evoluciobiologia-biologia-bsc","status":"publish","type":"page","link":"https:\/\/univet.hu\/hu\/oktatas\/kurzusok\/populaciogenetika-es-evoluciobiologia-biologia-bsc\/","title":{"rendered":"Popul\u00e1ci\u00f3genetika \u00e9s evol\u00faci\u00f3biol\u00f3gia &#8211; biol\u00f3gia BSc"},"content":{"rendered":"<p>tant&aacute;rgyfelel\u0151s: Dr. K&ouml;v&eacute;r Szilvia, oktat&oacute;k: Dr. K&ouml;v&eacute;r Szilvia, Dr P&aacute;sztory-Kov&aacute;cs Szilvia<https:><\/p> <p>A popul&aacute;ci&oacute;genetika &eacute;s evol&uacute;ci&oacute;biol&oacute;giai koncepci&oacute;k megjelen&eacute;s&eacute;nek &eacute;s fejl\u0151d&eacute;s&eacute;nek tudom&aacute;nyt&ouml;rt&eacute;neti h&aacute;ttere. R&eacute;szletesen t&aacute;rgyaljuk &eacute;s a laborat&oacute;riumban begyakoroltatjuk azokat az alapvet\u0151 popul&aacute;ci&oacute;- &eacute;s evol&uacute;ci&oacute;-genetikai modelleket, amelyeknek meg&eacute;rt&eacute;se sz&uuml;ks&eacute;ges a zool&oacute;gus, etol&oacute;gus, konzerv&aacute;ci&oacute;biol&oacute;gus munk&aacute;j&aacute;hoz. A t&aacute;rgyalt fogalmak &eacute;s &ouml;sszef&uuml;gg&eacute;sek: szelekci&oacute;, mut&aacute;ci&oacute;, migr&aacute;ci&oacute;, genetikai sodr&oacute;d&aacute;s klasszikus modelljei. Neutr&aacute;lis mut&aacute;ci&oacute;s evol&uacute;ci&oacute;, evol&uacute;ci&oacute;s &oacute;ra. Biol&oacute;giai szekvenci&aacute;k &ouml;sszerendez&eacute;se, &ouml;sszehasonl&iacute;t&aacute;sa. Szekvenci&aacute;k haszn&aacute;lata t&ouml;rzsfa-rekonstrukci&oacute;hoz. Fajfogalom, kladogenezis.<https:><\/p> <p>k&ouml;telez\u0151:<https:><\/p> <p>El\u0151ad&aacute;sok anyaga, k&eacute;pletgy\u0171jtem&eacute;ny: <a href=\"https:\/\/univet.hu\" data-replaced=\"true\">www.univet.hu<https:><https:><\/p> <p>Aj&aacute;nlott:<https:><\/p> <p>Pecsenye Katalin: Popul&aacute;ci&oacute;genetika<https:><\/p> <p>Freeman &eacute;s Herron: Evolutionary analysis<https:><\/p> <p>&nbsp;<https:><\/p>","protected":false},"excerpt":{"rendered":"<p>tant&aacute;rgyfelel\u0151s: Dr. K&ouml;v&eacute;r Szilvia, oktat&oacute;k: Dr. K&ouml;v&eacute;r Szilvia, Dr P&aacute;sztory-Kov&aacute;cs Szilvia A popul&aacute;ci&oacute;genetika &eacute;s evol&uacute;ci&oacute;biol&oacute;giai koncepci&oacute;k megjelen&eacute;s&eacute;nek &eacute;s fejl\u0151d&eacute;s&eacute;nek tudom&aacute;nyt&ouml;rt&eacute;neti h&aacute;ttere. R&eacute;szletesen t&aacute;rgyaljuk &eacute;s a laborat&oacute;riumban begyakoroltatjuk azokat az alapvet\u0151 popul&aacute;ci&oacute;- &eacute;s evol&uacute;ci&oacute;-genetikai modelleket, amelyeknek meg&eacute;rt&eacute;se sz&uuml;ks&eacute;ges a zool&oacute;gus, etol&oacute;gus, konzerv&aacute;ci&oacute;biol&oacute;gus munk&aacute;j&aacute;hoz. A t&aacute;rgyalt fogalmak &eacute;s &ouml;sszef&uuml;gg&eacute;sek: szelekci&oacute;, mut&aacute;ci&oacute;, migr&aacute;ci&oacute;, genetikai sodr&oacute;d&aacute;s klasszikus modelljei. Neutr&aacute;lis<\/p>\n","protected":false},"author":3837,"featured_media":0,"parent":677,"menu_order":115,"comment_status":"closed","ping_status":"closed","template":"","meta":{"_acf_changed":false,"footnotes":""},"categories":[],"tags":[],"class_list":["post-16013","page","type-page","status-publish","hentry"],"acf":[],"_links":{"self":[{"href":"https:\/\/univet.hu\/hu\/wp-json\/wp\/v2\/pages\/16013","targetHints":{"allow":["GET"]}}],"collection":[{"href":"https:\/\/univet.hu\/hu\/wp-json\/wp\/v2\/pages"}],"about":[{"href":"https:\/\/univet.hu\/hu\/wp-json\/wp\/v2\/types\/page"}],"author":[{"embeddable":true,"href":"https:\/\/univet.hu\/hu\/wp-json\/wp\/v2\/users\/3837"}],"replies":[{"embeddable":true,"href":"https:\/\/univet.hu\/hu\/wp-json\/wp\/v2\/comments?post=16013"}],"version-history":[{"count":0,"href":"https:\/\/univet.hu\/hu\/wp-json\/wp\/v2\/pages\/16013\/revisions"}],"up":[{"embeddable":true,"href":"https:\/\/univet.hu\/hu\/wp-json\/wp\/v2\/pages\/677"}],"wp:attachment":[{"href":"https:\/\/univet.hu\/hu\/wp-json\/wp\/v2\/media?parent=16013"}],"wp:term":[{"taxonomy":"category","embeddable":true,"href":"https:\/\/univet.hu\/hu\/wp-json\/wp\/v2\/categories?post=16013"},{"taxonomy":"post_tag","embeddable":true,"href":"https:\/\/univet.hu\/hu\/wp-json\/wp\/v2\/tags?post=16013"}],"curies":[{"name":"wp","href":"https:\/\/api.w.org\/{rel}","templated":true}]}}