{"id":16014,"date":"1970-01-01T00:00:00","date_gmt":"1969-12-31T23:00:00","guid":{"rendered":"http:\/\/univet.hu\/oktatas\/kurzusok\/populaciok-es-kozossegek-okologiaja-biologus-msc\/"},"modified":"1970-01-01T00:00:00","modified_gmt":"1969-12-31T23:00:00","slug":"populaciok-es-kozossegek-okologiaja-biologus-msc","status":"publish","type":"page","link":"https:\/\/univet.hu\/hu\/oktatas\/kurzusok\/populaciok-es-kozossegek-okologiaja-biologus-msc\/","title":{"rendered":"Popul\u00e1ci\u00f3k \u00e9s k\u00f6z\u00f6ss\u00e9gek \u00f6kol\u00f3gi\u00e1ja -biol\u00f3gus MSc"},"content":{"rendered":"<p>tant&aacute;rgyfelel\u0151s: Dr. Szab&oacute; P&eacute;ter<\/p> <p>Halad&oacute; &ouml;kol&oacute;giai ismeretek &eacute;s vizsg&aacute;lati m&oacute;dszerek<br \/> elsaj&aacute;t&iacute;t&aacute;sa<br \/> &nbsp;<\/p> <p>Az &oacute;ra el\u0151ad&aacute;sainak anyaga &eacute;s kapcsol&oacute;d&oacute; dokumentumai az al&aacute;bbi helyen &eacute;rhet\u0151k el:<br \/> <a href=\"https:\/\/sites.google.com\/site\/popkozokol\" data-replaced=\"true\" target=\"_blank\" title=\"https:\/\/sites.google.com\/site\/popkozokol\" \"truehome2014_2015\">https:\/\/sites.google.com\/site\/popkozoko<\/a><\/p> <p>&nbsp;<\/p>","protected":false},"excerpt":{"rendered":"<p>tant&aacute;rgyfelel\u0151s: Dr. Szab&oacute; P&eacute;ter Halad&oacute; &ouml;kol&oacute;giai ismeretek &eacute;s vizsg&aacute;lati m&oacute;dszerek elsaj&aacute;t&iacute;t&aacute;sa &nbsp; Az &oacute;ra el\u0151ad&aacute;sainak anyaga &eacute;s kapcsol&oacute;d&oacute; dokumentumai az al&aacute;bbi helyen &eacute;rhet\u0151k el: https:\/\/sites.google.com\/site\/popkozoko &nbsp;<\/p>\n","protected":false},"author":3837,"featured_media":0,"parent":677,"menu_order":115,"comment_status":"closed","ping_status":"closed","template":"","meta":{"_acf_changed":false,"footnotes":""},"categories":[],"tags":[],"class_list":["post-16014","page","type-page","status-publish","hentry"],"acf":[],"_links":{"self":[{"href":"https:\/\/univet.hu\/hu\/wp-json\/wp\/v2\/pages\/16014","targetHints":{"allow":["GET"]}}],"collection":[{"href":"https:\/\/univet.hu\/hu\/wp-json\/wp\/v2\/pages"}],"about":[{"href":"https:\/\/univet.hu\/hu\/wp-json\/wp\/v2\/types\/page"}],"author":[{"embeddable":true,"href":"https:\/\/univet.hu\/hu\/wp-json\/wp\/v2\/users\/3837"}],"replies":[{"embeddable":true,"href":"https:\/\/univet.hu\/hu\/wp-json\/wp\/v2\/comments?post=16014"}],"version-history":[{"count":0,"href":"https:\/\/univet.hu\/hu\/wp-json\/wp\/v2\/pages\/16014\/revisions"}],"up":[{"embeddable":true,"href":"https:\/\/univet.hu\/hu\/wp-json\/wp\/v2\/pages\/677"}],"wp:attachment":[{"href":"https:\/\/univet.hu\/hu\/wp-json\/wp\/v2\/media?parent=16014"}],"wp:term":[{"taxonomy":"category","embeddable":true,"href":"https:\/\/univet.hu\/hu\/wp-json\/wp\/v2\/categories?post=16014"},{"taxonomy":"post_tag","embeddable":true,"href":"https:\/\/univet.hu\/hu\/wp-json\/wp\/v2\/tags?post=16014"}],"curies":[{"name":"wp","href":"https:\/\/api.w.org\/{rel}","templated":true}]}}