{"id":16015,"date":"1970-01-01T00:00:00","date_gmt":"1969-12-31T23:00:00","guid":{"rendered":"http:\/\/univet.hu\/oktatas\/kurzusok\/premes-allatok-tenyesztese-es-takarmanyozasa\/"},"modified":"2023-07-29T00:33:17","modified_gmt":"2023-07-28T22:33:17","slug":"premes-allatok-tenyesztese-es-takarmanyozasa","status":"publish","type":"page","link":"https:\/\/univet.hu\/hu\/oktatas\/kurzusok\/premes-allatok-tenyesztese-es-takarmanyozasa\/","title":{"rendered":"Pr\u00e9mes \u00e1llatok teny\u00e9szt\u00e9se \u00e9s takarm\u00e1nyoz\u00e1sa"},"content":{"rendered":"<p><strong>A tant\u00e1rgy c\u00e9lja:<\/strong><\/p> <p>A h\u00e1ziny\u00fal, valamint a leggyakrabban tartott pr\u00e9mes \u00e1llatok teny\u00e9szt\u00e9s\u00e9nek \u00e9s takarm\u00e1nyoz\u00e1s\u00e1nak megismertet\u00e9se.\u00a0 A f\u0151bb n\u00f6v\u00e9nyev\u0151 \u00e9s h\u00fasev\u0151 pr\u00e9mes \u00e1llatok teny\u00e9szt\u00e9si \u00e9s t\u00e1pl\u00e1l\u00e1si saj\u00e1toss\u00e1gainak bemutat\u00e1sa, valamint a szakter\u00fclet fontosabb kutat\u00e1si eredm\u00e9nyeinek ismertet\u00e9se.<\/p> <p><strong>Sz\u00fcks\u00e9ges el\u0151tanulm\u00e1nyok:<\/strong><\/p> <ul> <li>\u00c1llatorvostan-hallgat\u00f3k: Takarm\u00e1nyoz\u00e1stan I. vizsga<\/li> <li>Biol\u00f3gushallgat\u00f3k: &#8211;<\/li> <\/ul> <p><strong>Felel\u0151s tan\u00e1r:<\/strong> Dr. Hull\u00e1r Istv\u00e1n egyetemi docens<\/p> <p><strong>R\u00e9sztvev\u0151 oktat\u00f3:\u00a0<\/strong>Dr. Bers\u00e9nyi Andr\u00e1s egyetemi adjunktus.<\/p>","protected":false},"excerpt":{"rendered":"<p>A tant\u00e1rgy c\u00e9lja: A h\u00e1ziny\u00fal, valamint a leggyakrabban tartott pr\u00e9mes \u00e1llatok teny\u00e9szt\u00e9s\u00e9nek \u00e9s takarm\u00e1nyoz\u00e1s\u00e1nak megismertet\u00e9se.\u00a0 A f\u0151bb n\u00f6v\u00e9nyev\u0151 \u00e9s h\u00fasev\u0151 pr\u00e9mes \u00e1llatok teny\u00e9szt\u00e9si \u00e9s t\u00e1pl\u00e1l\u00e1si saj\u00e1toss\u00e1gainak bemutat\u00e1sa, valamint a szakter\u00fclet fontosabb kutat\u00e1si eredm\u00e9nyeinek ismertet\u00e9se. Sz\u00fcks\u00e9ges el\u0151tanulm\u00e1nyok: \u00c1llatorvostan-hallgat\u00f3k: Takarm\u00e1nyoz\u00e1stan I. vizsga Biol\u00f3gushallgat\u00f3k: &#8211; Felel\u0151s tan\u00e1r: Dr. Hull\u00e1r Istv\u00e1n egyetemi docens R\u00e9sztvev\u0151 oktat\u00f3:\u00a0Dr. Bers\u00e9nyi Andr\u00e1s egyetemi adjunktus.<\/p>\n","protected":false},"author":3837,"featured_media":0,"parent":677,"menu_order":115,"comment_status":"closed","ping_status":"closed","template":"","meta":{"_acf_changed":false,"footnotes":""},"categories":[],"tags":[],"class_list":["post-16015","page","type-page","status-publish","hentry"],"acf":[],"_links":{"self":[{"href":"https:\/\/univet.hu\/hu\/wp-json\/wp\/v2\/pages\/16015","targetHints":{"allow":["GET"]}}],"collection":[{"href":"https:\/\/univet.hu\/hu\/wp-json\/wp\/v2\/pages"}],"about":[{"href":"https:\/\/univet.hu\/hu\/wp-json\/wp\/v2\/types\/page"}],"author":[{"embeddable":true,"href":"https:\/\/univet.hu\/hu\/wp-json\/wp\/v2\/users\/3837"}],"replies":[{"embeddable":true,"href":"https:\/\/univet.hu\/hu\/wp-json\/wp\/v2\/comments?post=16015"}],"version-history":[{"count":0,"href":"https:\/\/univet.hu\/hu\/wp-json\/wp\/v2\/pages\/16015\/revisions"}],"up":[{"embeddable":true,"href":"https:\/\/univet.hu\/hu\/wp-json\/wp\/v2\/pages\/677"}],"wp:attachment":[{"href":"https:\/\/univet.hu\/hu\/wp-json\/wp\/v2\/media?parent=16015"}],"wp:term":[{"taxonomy":"category","embeddable":true,"href":"https:\/\/univet.hu\/hu\/wp-json\/wp\/v2\/categories?post=16015"},{"taxonomy":"post_tag","embeddable":true,"href":"https:\/\/univet.hu\/hu\/wp-json\/wp\/v2\/tags?post=16015"}],"curies":[{"name":"wp","href":"https:\/\/api.w.org\/{rel}","templated":true}]}}