{"id":16022,"date":"1970-01-01T00:00:00","date_gmt":"1969-12-31T23:00:00","guid":{"rendered":"http:\/\/univet.hu\/oktatas\/kurzusok\/reszletes-taxonomia-biologus-msc\/"},"modified":"1970-01-01T00:00:00","modified_gmt":"1969-12-31T23:00:00","slug":"reszletes-taxonomia-biologus-msc","status":"publish","type":"page","link":"https:\/\/univet.hu\/hu\/oktatas\/kurzusok\/reszletes-taxonomia-biologus-msc\/","title":{"rendered":"R\u00e9szletes taxon\u00f3mia &#8211; biol\u00f3gus MSc"},"content":{"rendered":"<p>Tant\u00e1rgyfelel\u0151s: szakir\u00e1nyfelel\u0151s<br \/>Javasolt f\u00e9l\u00e9v: 2<br \/>F\u00e9l\u00e9vi \u00f3rasz\u00e1m: 30+30<\/p> <p>A t\u00e1rgy el\u0151ad\u00e1sain -\u00e9p\u00edtve az alapoz\u00f3 tant\u00e1rgyakra- egy-egy \u00e1llatcsoport morfol\u00f3giai, elterjed\u00e9si, f\u0151bb fenobiol\u00f3giai jellemz\u0151it tanulm\u00e1nyozzuk. A c\u00e9l a kiv\u00e1lasztott taxon min\u00e9l komplexebb megismer\u00e9se, a hazai fajok bemutat\u00e1sa. A morfol\u00f3giai tulajdons\u00e1gok mellett a taxon szaporod\u00e1sbiol\u00f3gi\u00e1j\u00e1t, az egyes \u00f6kol\u00f3giai \u00e9s viselked\u00e9sbiol\u00f3giai tulajdons\u00e1gait is r\u00e9szletezz\u00fck. A kurzus c\u00e9lja tov\u00e1bb\u00e1, hogy a hallgat\u00f3k alapos gyakorlati ismereteket szerezzenek a fajfelismer\u00e9sben, a vizsg\u00e1lt fajok magyarorsz\u00e1gi elterjed\u00e9s\u00e9ben, term\u00e9szetv\u00e9delmi vonatkoz\u00e1saiban. R\u00e9szletes tematik\u00e1k \u00e1llnak rendelkez\u00e9sre Nematol\u00f3gia, Malakol\u00f3gia, Arachnol\u00f3gia, \u00c1ltal\u00e1nos halbiol\u00f3gia \u00e9s rendszertan, herpetol\u00f3gia, Ornithologia \u00e9s mammologia t\u00e9mak\u00f6r\u00f6kben.<\/p> <p>Aj\u00e1nlott \u00e9s k\u00f6telez\u0151 irodalom:<br \/>Az adott taxonra vonatkoz\u00f3 hat\u00e1roz\u00f3k\u00f6nyvek, cikkek, egy\u00e9b szakirodalmak.<\/p><\/p>","protected":false},"excerpt":{"rendered":"<p>Tant\u00e1rgyfelel\u0151s: szakir\u00e1nyfelel\u0151sJavasolt f\u00e9l\u00e9v: 2F\u00e9l\u00e9vi \u00f3rasz\u00e1m: 30+30 A t\u00e1rgy el\u0151ad\u00e1sain -\u00e9p\u00edtve az alapoz\u00f3 tant\u00e1rgyakra- egy-egy \u00e1llatcsoport morfol\u00f3giai, elterjed\u00e9si, f\u0151bb fenobiol\u00f3giai jellemz\u0151it tanulm\u00e1nyozzuk. A c\u00e9l a kiv\u00e1lasztott taxon min\u00e9l komplexebb megismer\u00e9se, a hazai fajok bemutat\u00e1sa. A morfol\u00f3giai tulajdons\u00e1gok mellett a taxon szaporod\u00e1sbiol\u00f3gi\u00e1j\u00e1t, az egyes \u00f6kol\u00f3giai \u00e9s viselked\u00e9sbiol\u00f3giai tulajdons\u00e1gait is r\u00e9szletezz\u00fck. A kurzus c\u00e9lja tov\u00e1bb\u00e1, hogy a hallgat\u00f3k<\/p>\n","protected":false},"author":3837,"featured_media":0,"parent":677,"menu_order":115,"comment_status":"closed","ping_status":"closed","template":"","meta":{"_acf_changed":false,"footnotes":""},"categories":[],"tags":[],"class_list":["post-16022","page","type-page","status-publish","hentry"],"acf":[],"_links":{"self":[{"href":"https:\/\/univet.hu\/hu\/wp-json\/wp\/v2\/pages\/16022","targetHints":{"allow":["GET"]}}],"collection":[{"href":"https:\/\/univet.hu\/hu\/wp-json\/wp\/v2\/pages"}],"about":[{"href":"https:\/\/univet.hu\/hu\/wp-json\/wp\/v2\/types\/page"}],"author":[{"embeddable":true,"href":"https:\/\/univet.hu\/hu\/wp-json\/wp\/v2\/users\/3837"}],"replies":[{"embeddable":true,"href":"https:\/\/univet.hu\/hu\/wp-json\/wp\/v2\/comments?post=16022"}],"version-history":[{"count":0,"href":"https:\/\/univet.hu\/hu\/wp-json\/wp\/v2\/pages\/16022\/revisions"}],"up":[{"embeddable":true,"href":"https:\/\/univet.hu\/hu\/wp-json\/wp\/v2\/pages\/677"}],"wp:attachment":[{"href":"https:\/\/univet.hu\/hu\/wp-json\/wp\/v2\/media?parent=16022"}],"wp:term":[{"taxonomy":"category","embeddable":true,"href":"https:\/\/univet.hu\/hu\/wp-json\/wp\/v2\/categories?post=16022"},{"taxonomy":"post_tag","embeddable":true,"href":"https:\/\/univet.hu\/hu\/wp-json\/wp\/v2\/tags?post=16022"}],"curies":[{"name":"wp","href":"https:\/\/api.w.org\/{rel}","templated":true}]}}