{"id":16023,"date":"1970-01-01T00:00:00","date_gmt":"1969-12-31T23:00:00","guid":{"rendered":"http:\/\/univet.hu\/oktatas\/kurzusok\/rovarokologia-biologus-msc\/"},"modified":"1970-01-01T00:00:00","modified_gmt":"1969-12-31T23:00:00","slug":"rovarokologia-biologus-msc","status":"publish","type":"page","link":"https:\/\/univet.hu\/hu\/oktatas\/kurzusok\/rovarokologia-biologus-msc\/","title":{"rendered":"Rovar\u00f6kol\u00f3gia &#8211; biol\u00f3gus MSc"},"content":{"rendered":"<p>tant\u00e1rgyfelel\u0151s: Dr. Seres Anik\u00f3<\/p> <p>K\u00f6telez\u0151 irodalom: Nyomtatott \u00e9s elektronikus seg\u00e9danyagok (handout), amiket az t\u00e1rgyfelel\u0151s ad ki.<\/p> <p>Aj\u00e1nlott:<\/p> <p>Bakonyi G. (szerk.)(2003): \u00c1llattan c. k\u00f6nyv, Mez\u0151gazda Kiad\u00f3, Budapest<\/p> <p>P\u00e1sztor Erzs\u00e9bet; Oborny Be\u00e1ta (szerk.) (2007): \u00d6kol\u00f3gia, Nemzeti Tank\u00f6nyvkiad\u00f3, Budapest<\/p> <p>Szentesi \u00c1., T\u00f6r\u00f6k J. (1997): \u00c1llat\u00f6kol\u00f3gia, egyetemi jegyzet Kov\u00e1sznai Kiad\u00f3., Bp.<\/p> <p>Koz\u00e1r F., Samu F., Jermy T. (1992): Az \u00e1llatok popul\u00e1ci\u00f3dinamik\u00e1ja, Akad\u00e9miai Kiad\u00f3, Bp.<\/p> <p>Gall\u00e9 L\u00e1szl\u00f3 (2013) A szupraindividu\u00e1lis biol\u00f3gia alapjai: popul\u00e1ci\u00f3k \u00e9s k\u00f6z\u00f6ss\u00e9gek \u00f6kol\u00f3gi\u00e1ja<\/p><\/p>","protected":false},"excerpt":{"rendered":"<p>tant\u00e1rgyfelel\u0151s: Dr. Seres Anik\u00f3 K\u00f6telez\u0151 irodalom: Nyomtatott \u00e9s elektronikus seg\u00e9danyagok (handout), amiket az t\u00e1rgyfelel\u0151s ad ki. Aj\u00e1nlott: Bakonyi G. (szerk.)(2003): \u00c1llattan c. k\u00f6nyv, Mez\u0151gazda Kiad\u00f3, Budapest P\u00e1sztor Erzs\u00e9bet; Oborny Be\u00e1ta (szerk.) (2007): \u00d6kol\u00f3gia, Nemzeti Tank\u00f6nyvkiad\u00f3, Budapest Szentesi \u00c1., T\u00f6r\u00f6k J. (1997): \u00c1llat\u00f6kol\u00f3gia, egyetemi jegyzet Kov\u00e1sznai Kiad\u00f3., Bp. Koz\u00e1r F., Samu F., Jermy T. (1992): Az<\/p>\n","protected":false},"author":3837,"featured_media":0,"parent":677,"menu_order":115,"comment_status":"closed","ping_status":"closed","template":"","meta":{"_acf_changed":false,"footnotes":""},"categories":[],"tags":[],"class_list":["post-16023","page","type-page","status-publish","hentry"],"acf":[],"_links":{"self":[{"href":"https:\/\/univet.hu\/hu\/wp-json\/wp\/v2\/pages\/16023","targetHints":{"allow":["GET"]}}],"collection":[{"href":"https:\/\/univet.hu\/hu\/wp-json\/wp\/v2\/pages"}],"about":[{"href":"https:\/\/univet.hu\/hu\/wp-json\/wp\/v2\/types\/page"}],"author":[{"embeddable":true,"href":"https:\/\/univet.hu\/hu\/wp-json\/wp\/v2\/users\/3837"}],"replies":[{"embeddable":true,"href":"https:\/\/univet.hu\/hu\/wp-json\/wp\/v2\/comments?post=16023"}],"version-history":[{"count":0,"href":"https:\/\/univet.hu\/hu\/wp-json\/wp\/v2\/pages\/16023\/revisions"}],"up":[{"embeddable":true,"href":"https:\/\/univet.hu\/hu\/wp-json\/wp\/v2\/pages\/677"}],"wp:attachment":[{"href":"https:\/\/univet.hu\/hu\/wp-json\/wp\/v2\/media?parent=16023"}],"wp:term":[{"taxonomy":"category","embeddable":true,"href":"https:\/\/univet.hu\/hu\/wp-json\/wp\/v2\/categories?post=16023"},{"taxonomy":"post_tag","embeddable":true,"href":"https:\/\/univet.hu\/hu\/wp-json\/wp\/v2\/tags?post=16023"}],"curies":[{"name":"wp","href":"https:\/\/api.w.org\/{rel}","templated":true}]}}