{"id":16025,"date":"1970-01-01T00:00:00","date_gmt":"1969-12-31T23:00:00","guid":{"rendered":"http:\/\/univet.hu\/oktatas\/kurzusok\/soklabuak-msc\/"},"modified":"1970-01-01T00:00:00","modified_gmt":"1969-12-31T23:00:00","slug":"soklabuak-msc","status":"publish","type":"page","link":"https:\/\/univet.hu\/hu\/oktatas\/kurzusok\/soklabuak-msc\/","title":{"rendered":"Sokl\u00e1b\u00faak &#8211; MSc"},"content":{"rendered":"<p>Sokl\u00e1b\u00faak (Epigeikus makrogerinctelen \u00edzeltl\u00e1b\u00faak)<\/p> <p>Tant\u00e1rgyfelel\u0151s: Hornung Erzs\u00e9bet, Kors\u00f3s Zolt\u00e1n<br \/>Javasolt f\u00e9l\u00e9v: <br \/>\u00d3rasz\u00e1m: 2+2<br \/>El\u0151tanulm\u00e1nyi k\u00f6vetelm\u00e9ny: <em>\u00c1llattan<\/em>\u00a0(\u00c1llatrendszertan=Zootaxon\u00f3mia) \u00e9s <em>\u00d6kol\u00f3gia<\/em> t\u00e9m\u00e1j\u00fa alapoz\u00f3 tant\u00e1rgy(ak).\u00a0<br \/>Kredit: 2+2<br \/>Megjegyz\u00e9s: szabadon v\u00e1laszthat\u00f3<br \/>\u00c9rt\u00e9kel\u00e9s: besz\u00e1mol\u00f3 (3 fokozat\u00fa), gyakorlati jegy<\/p> <p>A t\u00e1rgyaland\u00f3 taxonok: Isopoda, Diplopoda, Chilopoda. A kurzus c\u00e9lja az alapk\u00e9pz\u00e9sben megszerzett taxon\u00f3miai, faunisztikai, \u00f6kol\u00f3giai ismeretek kib\u0151v\u00edt\u00e9se. A hat\u00e1roz\u00e1si alapismeretek megszerz\u00e9se, a fajismeret b\u0151v\u00edt\u00e9se. A nevezett taxonok biol\u00f3gi\u00e1j\u00e1nak \u00e9s \u00f6kol\u00f3gi\u00e1j\u00e1nak bemutat\u00e1sa. A speci\u00e1lkoll\u00e9gium lehet\u0151s\u00e9get ad arra, hogy a hallgat\u00f3k megismerj\u00e9k a t\u00e1rgyalt csoportokhoz kapcsol\u00f3d\u00f3d\u00f3 aktu\u00e1lis hazai kutat\u00e1si t\u00e9m\u00e1kat, \u00edgy k\u00f6zvetlen lehet\u0151s\u00e9g ny\u00edlhat a diplomamunka t\u00e9mav\u00e1laszt\u00e1s\u00e1ra is.<br \/>A gyakorlati jegy megszerz\u00e9se <em>mini-projektek<\/em> teljes\u00edt\u00e9s\u00e9vel val\u00f3s\u00edthat\u00f3 meg.<\/p> <p>Tematika: 1. Bevezet\u00e9s. Mi\u00e9rt ez a h\u00e1rom csoport? Az \u00e1szk\u00e1k (Isopoda) \u00e1ltal\u00e1nos ismertet\u00e9se; 2. Az \u00e1szk\u00e1k rendszere. A sz\u00e1razf\u00f6ldi \u00e1szk\u00e1k. 3. Az \u00e1szk\u00e1k biol\u00f3gi\u00e1ja. Funkcion\u00e1lis anat\u00f3mia, fiziol\u00f3gia &#8230;. 4. Az \u00e1szk\u00e1k \u00f6kol\u00f3gi\u00e1ja. Hazai fajok, jellemz\u0151ik, el\u0151fordul\u00e1suk. 5. Az \u00e1szk\u00e1k szerepe. 6. Az \u00e1szk\u00e1k term\u00e9szetv\u00e9delmi helyzete Eur\u00f3p\u00e1ban \u00e9s haz\u00e1nkban. 7.Bevezet\u00e9s a val\u00f3di sokl\u00e1b\u00faakhoz (Myriapoda). Az ikerszelv\u00e9nyesek (Diplopoda) rendszere. 8.Jelent\u0151sebb rendek: Glomerida, Chordeumatida, Julida, Polydesmida. 9. Kisebb rendek: Polyxenida, Polyzoniida, Callipodida. Haz\u00e1nkban nem honos rendek. 10.Az ikerszelv\u00e9nyesek \u00f6kol\u00f3gi\u00e1ja \u00e9s term\u00e9szetv\u00e9delme. 11.A sz\u00e1zl\u00e1b\u00faak (Chilopoda) f\u0151bb rendjei: Scutigeromorpha, Scolopendromorpha, Geophilomorpha. 12.A val\u00f3di sz\u00e1zl\u00e1b\u00faak rendje: Lithobiomorpha.<br \/>A speci\u00e1lkoll\u00e9giumhoz 1-2 napos terepgyakorlat (a gyakorlati \u00f3r\u00e1k terh\u00e9re) kapcsol\u00f3dik. <\/p> <p>Aj\u00e1nlott irodalom:<br \/>M.R. Warburg: Evolutionary Biology of Land Isopods &#8211; Springer, 1993<br \/>S.P. Hopkin and H.J. Read &#8211; The Biology of Millipedes &#8211; Oxford Univ. Press, 1992 <br \/>R. B\u00e4hrmann (szerk.): Gerinctelen \u00e1llatok hat\u00e1roz\u00f3ja &#8211; Mez\u0151gazda, 2000<\/p><\/p>","protected":false},"excerpt":{"rendered":"<p>Sokl\u00e1b\u00faak (Epigeikus makrogerinctelen \u00edzeltl\u00e1b\u00faak) Tant\u00e1rgyfelel\u0151s: Hornung Erzs\u00e9bet, Kors\u00f3s Zolt\u00e1nJavasolt f\u00e9l\u00e9v: \u00d3rasz\u00e1m: 2+2El\u0151tanulm\u00e1nyi k\u00f6vetelm\u00e9ny: \u00c1llattan\u00a0(\u00c1llatrendszertan=Zootaxon\u00f3mia) \u00e9s \u00d6kol\u00f3gia t\u00e9m\u00e1j\u00fa alapoz\u00f3 tant\u00e1rgy(ak).\u00a0Kredit: 2+2Megjegyz\u00e9s: szabadon v\u00e1laszthat\u00f3\u00c9rt\u00e9kel\u00e9s: besz\u00e1mol\u00f3 (3 fokozat\u00fa), gyakorlati jegy A t\u00e1rgyaland\u00f3 taxonok: Isopoda, Diplopoda, Chilopoda. A kurzus c\u00e9lja az alapk\u00e9pz\u00e9sben megszerzett taxon\u00f3miai, faunisztikai, \u00f6kol\u00f3giai ismeretek kib\u0151v\u00edt\u00e9se. A hat\u00e1roz\u00e1si alapismeretek megszerz\u00e9se, a fajismeret b\u0151v\u00edt\u00e9se. A nevezett taxonok biol\u00f3gi\u00e1j\u00e1nak<\/p>\n","protected":false},"author":3837,"featured_media":0,"parent":677,"menu_order":115,"comment_status":"closed","ping_status":"closed","template":"","meta":{"_acf_changed":false,"footnotes":""},"categories":[],"tags":[],"class_list":["post-16025","page","type-page","status-publish","hentry"],"acf":[],"_links":{"self":[{"href":"https:\/\/univet.hu\/hu\/wp-json\/wp\/v2\/pages\/16025","targetHints":{"allow":["GET"]}}],"collection":[{"href":"https:\/\/univet.hu\/hu\/wp-json\/wp\/v2\/pages"}],"about":[{"href":"https:\/\/univet.hu\/hu\/wp-json\/wp\/v2\/types\/page"}],"author":[{"embeddable":true,"href":"https:\/\/univet.hu\/hu\/wp-json\/wp\/v2\/users\/3837"}],"replies":[{"embeddable":true,"href":"https:\/\/univet.hu\/hu\/wp-json\/wp\/v2\/comments?post=16025"}],"version-history":[{"count":0,"href":"https:\/\/univet.hu\/hu\/wp-json\/wp\/v2\/pages\/16025\/revisions"}],"up":[{"embeddable":true,"href":"https:\/\/univet.hu\/hu\/wp-json\/wp\/v2\/pages\/677"}],"wp:attachment":[{"href":"https:\/\/univet.hu\/hu\/wp-json\/wp\/v2\/media?parent=16025"}],"wp:term":[{"taxonomy":"category","embeddable":true,"href":"https:\/\/univet.hu\/hu\/wp-json\/wp\/v2\/categories?post=16025"},{"taxonomy":"post_tag","embeddable":true,"href":"https:\/\/univet.hu\/hu\/wp-json\/wp\/v2\/tags?post=16025"}],"curies":[{"name":"wp","href":"https:\/\/api.w.org\/{rel}","templated":true}]}}