{"id":16029,"date":"1970-01-01T00:00:00","date_gmt":"1969-12-31T23:00:00","guid":{"rendered":"http:\/\/univet.hu\/oktatas\/kurzusok\/specialis-vizsgalai-modszerek-1-biologus-msc\/"},"modified":"1970-01-01T00:00:00","modified_gmt":"1969-12-31T23:00:00","slug":"specialis-vizsgalai-modszerek-1-biologus-msc","status":"publish","type":"page","link":"https:\/\/univet.hu\/hu\/oktatas\/kurzusok\/specialis-vizsgalai-modszerek-1-biologus-msc\/","title":{"rendered":"Speci\u00e1lis vizsg\u00e1lai m\u00f3dszerek 1. &#8211; biol\u00f3gus MSc"},"content":{"rendered":"<p>A TDK \u00e9s szakdolgozati kutat\u00f3munka metodikai h\u00e1tter\u00e9t biztos\u00edtja a t\u00e1rgy. A gyakorlat sor\u00e1n a hallgat\u00f3k elsaj\u00e1t\u00edtj\u00e1k szakdolgozati kutat\u00e1si ter\u00fcletek legfontosabb m\u00f3dszereit.<\/p><\/p>","protected":false},"excerpt":{"rendered":"<p>A TDK \u00e9s szakdolgozati kutat\u00f3munka metodikai h\u00e1tter\u00e9t biztos\u00edtja a t\u00e1rgy. A gyakorlat sor\u00e1n a hallgat\u00f3k elsaj\u00e1t\u00edtj\u00e1k szakdolgozati kutat\u00e1si ter\u00fcletek legfontosabb m\u00f3dszereit.<\/p>\n","protected":false},"author":3837,"featured_media":0,"parent":677,"menu_order":115,"comment_status":"closed","ping_status":"closed","template":"","meta":{"_acf_changed":false,"footnotes":""},"categories":[],"tags":[],"class_list":["post-16029","page","type-page","status-publish","hentry"],"acf":[],"_links":{"self":[{"href":"https:\/\/univet.hu\/hu\/wp-json\/wp\/v2\/pages\/16029","targetHints":{"allow":["GET"]}}],"collection":[{"href":"https:\/\/univet.hu\/hu\/wp-json\/wp\/v2\/pages"}],"about":[{"href":"https:\/\/univet.hu\/hu\/wp-json\/wp\/v2\/types\/page"}],"author":[{"embeddable":true,"href":"https:\/\/univet.hu\/hu\/wp-json\/wp\/v2\/users\/3837"}],"replies":[{"embeddable":true,"href":"https:\/\/univet.hu\/hu\/wp-json\/wp\/v2\/comments?post=16029"}],"version-history":[{"count":0,"href":"https:\/\/univet.hu\/hu\/wp-json\/wp\/v2\/pages\/16029\/revisions"}],"up":[{"embeddable":true,"href":"https:\/\/univet.hu\/hu\/wp-json\/wp\/v2\/pages\/677"}],"wp:attachment":[{"href":"https:\/\/univet.hu\/hu\/wp-json\/wp\/v2\/media?parent=16029"}],"wp:term":[{"taxonomy":"category","embeddable":true,"href":"https:\/\/univet.hu\/hu\/wp-json\/wp\/v2\/categories?post=16029"},{"taxonomy":"post_tag","embeddable":true,"href":"https:\/\/univet.hu\/hu\/wp-json\/wp\/v2\/tags?post=16029"}],"curies":[{"name":"wp","href":"https:\/\/api.w.org\/{rel}","templated":true}]}}