{"id":16030,"date":"1970-01-01T00:00:00","date_gmt":"1969-12-31T23:00:00","guid":{"rendered":"http:\/\/univet.hu\/oktatas\/kurzusok\/specialis-vizsgalati-modszerek-biologia-bsc\/"},"modified":"1970-01-01T00:00:00","modified_gmt":"1969-12-31T23:00:00","slug":"specialis-vizsgalati-modszerek-biologia-bsc","status":"publish","type":"page","link":"https:\/\/univet.hu\/hu\/oktatas\/kurzusok\/specialis-vizsgalati-modszerek-biologia-bsc\/","title":{"rendered":"Speci\u00e1lis vizsg\u00e1lati m\u00f3dszerek &#8211; biol\u00f3gia BSc"},"content":{"rendered":"<p>A TDK \u00e9s szakdolgozati kutat\u00f3munka metodikai h\u00e1tter\u00e9t biztos\u00edtja a t\u00e1rgy. A m\u00f3dszertani oktat\u00e1st nem felt\u00e9tlen\u00fcl a hallgat\u00f3 t\u00e9mavezet\u0151je, hanem a Zool\u00f3giai Int\u00e9zettel meg\u00e1llapod\u00e1st k\u00f6t\u00f6tt bels\u0151 vagy k\u00fcls\u0151 oktat\u00f3 biztos\u00edtja. Pl.:<br \/>Sz\u00f6vettan, immunohisztok\u00e9mia: dr. Halasy Katalin<br \/>Idegp\u00e1lya nyomk\u00f6vet\u00e9s: prof. Csillag Andr\u00e1s<br \/>Talajzool\u00f3gia: dr. Hornung Erzs\u00e9bet<br \/>Viselked\u00e9s \u00f6kol\u00f3gia: dr. Kis J\u00e1nos<\/p><\/p>","protected":false},"excerpt":{"rendered":"<p>A TDK \u00e9s szakdolgozati kutat\u00f3munka metodikai h\u00e1tter\u00e9t biztos\u00edtja a t\u00e1rgy. A m\u00f3dszertani oktat\u00e1st nem felt\u00e9tlen\u00fcl a hallgat\u00f3 t\u00e9mavezet\u0151je, hanem a Zool\u00f3giai Int\u00e9zettel meg\u00e1llapod\u00e1st k\u00f6t\u00f6tt bels\u0151 vagy k\u00fcls\u0151 oktat\u00f3 biztos\u00edtja. Pl.:Sz\u00f6vettan, immunohisztok\u00e9mia: dr. Halasy KatalinIdegp\u00e1lya nyomk\u00f6vet\u00e9s: prof. Csillag Andr\u00e1sTalajzool\u00f3gia: dr. Hornung Erzs\u00e9betViselked\u00e9s \u00f6kol\u00f3gia: dr. Kis J\u00e1nos<\/p>\n","protected":false},"author":3837,"featured_media":0,"parent":677,"menu_order":115,"comment_status":"closed","ping_status":"closed","template":"","meta":{"_acf_changed":false,"footnotes":""},"categories":[],"tags":[],"class_list":["post-16030","page","type-page","status-publish","hentry"],"acf":[],"_links":{"self":[{"href":"https:\/\/univet.hu\/hu\/wp-json\/wp\/v2\/pages\/16030","targetHints":{"allow":["GET"]}}],"collection":[{"href":"https:\/\/univet.hu\/hu\/wp-json\/wp\/v2\/pages"}],"about":[{"href":"https:\/\/univet.hu\/hu\/wp-json\/wp\/v2\/types\/page"}],"author":[{"embeddable":true,"href":"https:\/\/univet.hu\/hu\/wp-json\/wp\/v2\/users\/3837"}],"replies":[{"embeddable":true,"href":"https:\/\/univet.hu\/hu\/wp-json\/wp\/v2\/comments?post=16030"}],"version-history":[{"count":0,"href":"https:\/\/univet.hu\/hu\/wp-json\/wp\/v2\/pages\/16030\/revisions"}],"up":[{"embeddable":true,"href":"https:\/\/univet.hu\/hu\/wp-json\/wp\/v2\/pages\/677"}],"wp:attachment":[{"href":"https:\/\/univet.hu\/hu\/wp-json\/wp\/v2\/media?parent=16030"}],"wp:term":[{"taxonomy":"category","embeddable":true,"href":"https:\/\/univet.hu\/hu\/wp-json\/wp\/v2\/categories?post=16030"},{"taxonomy":"post_tag","embeddable":true,"href":"https:\/\/univet.hu\/hu\/wp-json\/wp\/v2\/tags?post=16030"}],"curies":[{"name":"wp","href":"https:\/\/api.w.org\/{rel}","templated":true}]}}