{"id":16032,"date":"1970-01-01T00:00:00","date_gmt":"1969-12-31T23:00:00","guid":{"rendered":"http:\/\/univet.hu\/oktatas\/kurzusok\/sportfarmakologia\/"},"modified":"2020-09-17T21:20:44","modified_gmt":"2020-09-17T19:20:44","slug":"sportfarmakologia","status":"publish","type":"page","link":"https:\/\/univet.hu\/hu\/oktatas\/kurzusok\/sportfarmakologia\/","title":{"rendered":"Sportfarmakol\u00f3gia"},"content":{"rendered":"<p><strong>A kurzus le\u00edr\u00e1sa<\/strong><\/p> <p>&nbsp;<\/p> <ul> <li>A testmozg\u00e1s sor\u00e1n jelentkez\u0151 \u00e9lettani v\u00e1ltoz\u00e1sok, folyad\u00e9k- \u00e9s elektrolitp\u00f3tl\u00e1s hi\u00e1ny\u00e1nak k\u00f6vetkezm\u00e9nyei, dehidrat\u00e1lts\u00e1g elker\u00fcl\u00e9s\u00e9nek lehet\u0151s\u00e9gei, megfelel\u0151 \u00e9trend \u00f6ssze\u00e1ll\u00edt\u00e1sa<\/li> <li>F\u00e1jdalom \u00e9s gyullad\u00e1scs\u00f6kkent\u00e9s sports\u00e9r\u00fcl\u00e9sek eset\u00e9n. Nem-szteroid gyullad\u00e1scs\u00f6kkent\u0151k \u00e9s kortikoszteroidok alkalmaz\u00e1sa \u00edz\u00fcleti f\u00e1jdalmak eset\u00e9n<\/li> <li>A sport szerepe a metabolikus anyagcserezavarok kiv\u00e9d\u00e9s\u00e9ben I. A testmozg\u00e1s kardiovaszkul\u00e1ris protekt\u00edv hat\u00e1sa, a zs\u00edranyagcsere zavarok prevenci\u00f3ja \u00e9s kieg\u00e9sz\u00edt\u0151 ter\u00e1pi\u00e1ja<\/li> <li>A sport szerepe a metabolikus anyagcserezavarok kiv\u00e9d\u00e9s\u00e9ben II. A 2-es t\u00edpus\u00fa cukorbetegs\u00e9g alternat\u00edv kezel\u00e9se<\/li> <li>Esettanulm\u00e1nyok a kardiovaszkul\u00e1ris rendszerre hat\u00f3 szerek, a hormon\u00e1lis k\u00e9sz\u00edtm\u00e9nyek \u00e9s az anyagcsere szab\u00e1lyoz\u00e1s\u00e1t befoly\u00e1sol\u00f3 szerek alkalmaz\u00e1s\u00e1r\u00f3l<\/li> <li>Fizikai \u00e9s szellemi teljes\u00edtm\u00e9nyfokoz\u00f3k, f\u00fcgg\u0151s\u00e9g kialakul\u00e1sa pszichostimul\u00e1nsok haszn\u00e1lata eset\u00e9n, doppingszerek hat\u00e1sai \u00e9s vesz\u00e9lyei. \u00c1llatorvosi vonatkoz\u00e1sok.<\/li> <li>A t\u00e1pl\u00e1lkoz\u00e1s, a gy\u00f3gyszerek, \u00e9trend-kieg\u00e9sz\u00edt\u0151k \u00e9s fitoter\u00e1pi\u00e1s term\u00e9kek hat\u00e1sainak \u00e9s mell\u00e9khat\u00e1sainak bemutat\u00e1sa az \u00e1ltal\u00e1nos eg\u00e9szs\u00e9gi \u00e1llapotra, az amat\u0151r \u00e9s a professzion\u00e1lis sportteljes\u00edtm\u00e9nyekre. \u00c1llatorvosi vonatkoz\u00e1sok.<\/li> <\/ul> <p>&nbsp;<\/p> <p>\u00cdr\u00e1sbeli vizsga.<\/p> <p>P\u00e1sztin\u00e9 Dr. Gere Erzs\u00e9bet PhD<\/p> <p>Budapest, 2020-09-17<\/p>","protected":false},"excerpt":{"rendered":"<p>A kurzus le\u00edr\u00e1sa &nbsp; A testmozg\u00e1s sor\u00e1n jelentkez\u0151 \u00e9lettani v\u00e1ltoz\u00e1sok, folyad\u00e9k- \u00e9s elektrolitp\u00f3tl\u00e1s hi\u00e1ny\u00e1nak k\u00f6vetkezm\u00e9nyei, dehidrat\u00e1lts\u00e1g elker\u00fcl\u00e9s\u00e9nek lehet\u0151s\u00e9gei, megfelel\u0151 \u00e9trend \u00f6ssze\u00e1ll\u00edt\u00e1sa F\u00e1jdalom \u00e9s gyullad\u00e1scs\u00f6kkent\u00e9s sports\u00e9r\u00fcl\u00e9sek eset\u00e9n. Nem-szteroid gyullad\u00e1scs\u00f6kkent\u0151k \u00e9s kortikoszteroidok alkalmaz\u00e1sa \u00edz\u00fcleti f\u00e1jdalmak eset\u00e9n A sport szerepe a metabolikus anyagcserezavarok kiv\u00e9d\u00e9s\u00e9ben I. A testmozg\u00e1s kardiovaszkul\u00e1ris protekt\u00edv hat\u00e1sa, a zs\u00edranyagcsere zavarok prevenci\u00f3ja \u00e9s kieg\u00e9sz\u00edt\u0151 ter\u00e1pi\u00e1ja A<\/p>\n","protected":false},"author":3837,"featured_media":0,"parent":677,"menu_order":115,"comment_status":"closed","ping_status":"closed","template":"","meta":{"_acf_changed":false,"footnotes":""},"categories":[],"tags":[],"class_list":["post-16032","page","type-page","status-publish","hentry"],"acf":[],"_links":{"self":[{"href":"https:\/\/univet.hu\/hu\/wp-json\/wp\/v2\/pages\/16032","targetHints":{"allow":["GET"]}}],"collection":[{"href":"https:\/\/univet.hu\/hu\/wp-json\/wp\/v2\/pages"}],"about":[{"href":"https:\/\/univet.hu\/hu\/wp-json\/wp\/v2\/types\/page"}],"author":[{"embeddable":true,"href":"https:\/\/univet.hu\/hu\/wp-json\/wp\/v2\/users\/3837"}],"replies":[{"embeddable":true,"href":"https:\/\/univet.hu\/hu\/wp-json\/wp\/v2\/comments?post=16032"}],"version-history":[{"count":0,"href":"https:\/\/univet.hu\/hu\/wp-json\/wp\/v2\/pages\/16032\/revisions"}],"up":[{"embeddable":true,"href":"https:\/\/univet.hu\/hu\/wp-json\/wp\/v2\/pages\/677"}],"wp:attachment":[{"href":"https:\/\/univet.hu\/hu\/wp-json\/wp\/v2\/media?parent=16032"}],"wp:term":[{"taxonomy":"category","embeddable":true,"href":"https:\/\/univet.hu\/hu\/wp-json\/wp\/v2\/categories?post=16032"},{"taxonomy":"post_tag","embeddable":true,"href":"https:\/\/univet.hu\/hu\/wp-json\/wp\/v2\/tags?post=16032"}],"curies":[{"name":"wp","href":"https:\/\/api.w.org\/{rel}","templated":true}]}}