{"id":16034,"date":"1970-01-01T00:00:00","date_gmt":"1969-12-31T23:00:00","guid":{"rendered":"http:\/\/univet.hu\/oktatas\/kurzusok\/sugarbiologia-allatorvosoknak\/"},"modified":"2022-04-02T16:54:40","modified_gmt":"2022-04-02T14:54:40","slug":"sugarbiologia-allatorvosoknak","status":"publish","type":"page","link":"https:\/\/univet.hu\/hu\/oktatas\/kurzusok\/sugarbiologia-allatorvosoknak\/","title":{"rendered":"Sug\u00e1rbiol\u00f3gia \u00e1llatorvosoknak"},"content":{"rendered":"<table class=\"table table-striped\"> <tbody> <tr> <th><strong>Prerequisites<\/strong><\/th> <td>Biophysics<\/td> <\/tr> <tr> <th>El\u0151ad\u00f3<\/th> <td>Dr. Bartha Tibor, Dr. Kiss D\u00e1vid S\u00e1ndor, Dr. T\u00f3th Istv\u00e1n, Dr. J\u00f3cs\u00e1k Gergely<\/td> <\/tr> <tr> <th><\/th> <td> <ul> <li>evezet\u00e9s<\/li> <li>Radioakt\u00edv izot\u00f3pok: fizikai alapismeretek<\/li> <li>Radioakt\u00edv izot\u00f3pok hat\u00e1sa az \u00e9l\u0151 sz\u00f6vetekre<\/li> <li>Radioakt\u00edv izot\u00f3pok technol\u00f3giai alkalmaz\u00e1sa<\/li> <li>Radioakt\u00edv izot\u00f3pok leboml\u00e1sa a k\u00f6rnyezetben, atomkatasztr\u00f3f\u00e1k<\/li> <li>\u201eSz\u00e1nt\u00f3f\u00f6ldt\u0151l az asztalig\u201d \u2013 radioakt\u00edv szennyez\u0151d\u00e9sek<\/li> <li>Bevezet\u00e9s a nukle\u00e1ris medicin\u00e1ba<\/li> <\/ul> <\/td> <\/tr> <\/tbody> <\/table> <p>Egy \u00e1llatorvosi egyetemen elengedhetetlen a radioakt\u00edv izot\u00f3pokkal kapcsolatos ismeretek szakmai oktat\u00e1sa, az \u00e9l\u0151 szervezetre gyakorolt hat\u00e1sait is bele\u00e9rtve. Jelen fakultat\u00edv tant\u00e1rgy c\u00e9lja a nemr\u00e9giben megsz\u0171nt hasonl\u00f3 nev\u0171 t\u00e1rgy fel\u00e9leszt\u00e9se \u00e9s \u00faj modern tartalommal val\u00f3 megt\u00f6lt\u00e9se. A fakultat\u00edv tant\u00e1rgy keretein bel\u00fcl a hallgat\u00f3k megismerkedhetnek az sug\u00e1rbiol\u00f3gia alapjaival \u00e9s a fontosabb gyakorlati vonatkoz\u00e1saival is.<\/p> <p>A kurzus alapvet\u0151 c\u00e9lja a k\u00fcl\u00f6nb\u00f6z\u0151 t\u00edpus\u00fa sug\u00e1rz\u00e1sok \u00e9l\u0151 szervezetre kifejtett hat\u00e1s\u00e1nak szakmai alapokon nyugv\u00f3 bemutat\u00e1sa, mely alaptud\u00e1s felhaszn\u00e1lhat\u00f3 a k\u00f6rnyezet egy esetlegesen radioakt\u00edv kontamin\u00e1ci\u00f3ja eset\u00e9n az \u00e1llatorvosi munka k\u00f6zben is (\u00e9lelmiszerbiztons\u00e1g, \u00e1llatorvosi \u00e9s k\u00f6zeg\u00e9szs\u00e9g\u00fcgyi vonatkoz\u00e1sok). A t\u00e1rgy tov\u00e1bb\u00e1 r\u00f6viden bemutatja az orvosi-, \u00e1llatorvosi- valamint agr\u00e1rgazdas\u00e1gi sug\u00e1ralkalmaz\u00e1sim\u00f3d szerek elm\u00e9leti \u00e9s gyakorlati vonatkoz\u00e1sait is.<\/p> <p>&nbsp;<\/p> <div class=\"table-responsive\"> <table class=\"table table-striped\"> <tbody> <tr> <th>Sz\u00e1monk\u00e9r\u00e9s<\/th> <td> <p>A vizsg\u00e1ra egy 2 oldalas beadand\u00f3t kell elk\u00e9sz\u00edteni a f\u00e9l\u00e9v sor\u00e1n megadott szempontok szerint.<\/p> <p>Az essz\u00e9 alapj\u00e1ul az el\u0151ad\u00e1s anyaga szolg\u00e1l, de \u00f6n\u00e1ll\u00f3 internetkutat\u00e1s is sz\u00fcks\u00e9ges. A kijel\u00f6lt t\u00e9mak\u00f6r\u00f6kbe tartoz\u00f3 tetsz\u0151leges t\u00e9m\u00e1t kell r\u00f6viden \u00e9s \u00e9rthet\u0151en kifejteni.<\/p> <p><strong>1. essz\u00e9 (max. 1 oldal)<\/strong><\/p> <ul> <li>a sug\u00e1rz\u00e1s technol\u00f3giai alkalmaz\u00e1sa vagy<\/li> <li>k\u00f6rnyezeti kontamin\u00e1ci\u00f3 \u00e9s annak \u00e9lelmiszerhigi\u00e9niai vonzata<\/li> <li>(a biofizikai h\u00e1tt\u00e9r r\u00f6vid \u00f6sszefoglal\u00e1s\u00e1val)<\/li> <\/ul> <p><strong>2. essz\u00e9 (max. 1 oldal)<\/strong><\/p> <ul> <li>T\u00e9mak\u00f6r: A sug\u00e1rz\u00e1s \u00e9s sug\u00e1rz\u00f3anyagok orvosi\/\u00e1llatorvosi felhaszn\u00e1l\u00e1sa (nukle\u00e1ris medicina)<\/li> <\/ul> <p><strong>Formai k\u00f6vetelm\u00e9nyek:<\/strong><\/p> <ul> <li><strong>A fejl\u00e9cben neptun k\u00f3d (n\u00e9v nem szerepelhet a lapon)!<\/strong><\/li> <li>Maximum 2 oldal<\/li> <li>Egy essz\u00e9 maximum 1 oldal<\/li> <li>Oldal m\u00e9rete: A4<\/li> <li>Bet\u0171m\u00e9ret: 12 pt<\/li> <li>Bet\u0171t\u00edpus: Times New Roman<\/li> <li>Sorkiz\u00e1rt<\/li> <li>Sork\u00f6z: szimpla (1.0)<\/li> <li>Marg\u00f3: 2,5 cm<\/li> <li>pdf form\u00e1tum<\/li> <\/ul> <p>A fakult\u00e1ci\u00f3 vizsgaszab\u00e1lyzata let\u00f6lthet\u0151 pdf form\u00e1tumban:\u00a0<a href=\"http:\/\/www.vetphysiol.hu\/segedrut\/download.php?f=elbqvtppza&amp;from=\/sugarbiol.php\">PDF<\/a>\u00a0file<\/td> <\/tr> <tr> <th>Oszt\u00e1lyoz\u00e1s<\/th> <td> <p>A vizsg\u00e1n a di\u00e1kok egym\u00e1s munk\u00e1j\u00e1t \u00e9rt\u00e9kelik (l\u00e9tsz\u00e1mt\u00f3l f\u00fcgg\u0151en 2 vagy 3 dolgozat elolvas\u00e1sa \u00e9s \u00e9rt\u00e9kel\u00e9se k\u00f6telez\u0151 el\u0151re megadott szempontok szerint 5 fokozat\u00fa sk\u00e1l\u00e1n).<\/p> <p>Az \u00e9rdemjegy 60%-\u00e1t a di\u00e1kt\u00e1rsak \u00e1ltal adott pontok \u00e1tlaga, m\u00edg 40%-\u00e1t az \u00f3ral\u00e1togat\u00e1s teszi ki.<\/td> <\/tr> <\/tbody> <\/table> <\/div> <p>&nbsp;<\/p>","protected":false},"excerpt":{"rendered":"<p>Prerequisites Biophysics El\u0151ad\u00f3 Dr. Bartha Tibor, Dr. Kiss D\u00e1vid S\u00e1ndor, Dr. T\u00f3th Istv\u00e1n, Dr. J\u00f3cs\u00e1k Gergely evezet\u00e9s Radioakt\u00edv izot\u00f3pok: fizikai alapismeretek Radioakt\u00edv izot\u00f3pok hat\u00e1sa az \u00e9l\u0151 sz\u00f6vetekre Radioakt\u00edv izot\u00f3pok technol\u00f3giai alkalmaz\u00e1sa Radioakt\u00edv izot\u00f3pok leboml\u00e1sa a k\u00f6rnyezetben, atomkatasztr\u00f3f\u00e1k \u201eSz\u00e1nt\u00f3f\u00f6ldt\u0151l az asztalig\u201d \u2013 radioakt\u00edv szennyez\u0151d\u00e9sek Bevezet\u00e9s a nukle\u00e1ris medicin\u00e1ba Egy \u00e1llatorvosi egyetemen elengedhetetlen a radioakt\u00edv izot\u00f3pokkal kapcsolatos<\/p>\n","protected":false},"author":3837,"featured_media":0,"parent":677,"menu_order":115,"comment_status":"closed","ping_status":"closed","template":"","meta":{"_acf_changed":false,"footnotes":""},"categories":[],"tags":[],"class_list":["post-16034","page","type-page","status-publish","hentry"],"acf":[],"_links":{"self":[{"href":"https:\/\/univet.hu\/hu\/wp-json\/wp\/v2\/pages\/16034","targetHints":{"allow":["GET"]}}],"collection":[{"href":"https:\/\/univet.hu\/hu\/wp-json\/wp\/v2\/pages"}],"about":[{"href":"https:\/\/univet.hu\/hu\/wp-json\/wp\/v2\/types\/page"}],"author":[{"embeddable":true,"href":"https:\/\/univet.hu\/hu\/wp-json\/wp\/v2\/users\/3837"}],"replies":[{"embeddable":true,"href":"https:\/\/univet.hu\/hu\/wp-json\/wp\/v2\/comments?post=16034"}],"version-history":[{"count":0,"href":"https:\/\/univet.hu\/hu\/wp-json\/wp\/v2\/pages\/16034\/revisions"}],"up":[{"embeddable":true,"href":"https:\/\/univet.hu\/hu\/wp-json\/wp\/v2\/pages\/677"}],"wp:attachment":[{"href":"https:\/\/univet.hu\/hu\/wp-json\/wp\/v2\/media?parent=16034"}],"wp:term":[{"taxonomy":"category","embeddable":true,"href":"https:\/\/univet.hu\/hu\/wp-json\/wp\/v2\/categories?post=16034"},{"taxonomy":"post_tag","embeddable":true,"href":"https:\/\/univet.hu\/hu\/wp-json\/wp\/v2\/tags?post=16034"}],"curies":[{"name":"wp","href":"https:\/\/api.w.org\/{rel}","templated":true}]}}