{"id":16037,"date":"1970-01-01T00:00:00","date_gmt":"1969-12-31T23:00:00","guid":{"rendered":"http:\/\/univet.hu\/oktatas\/kurzusok\/szaklabor-1-biologus-msc\/"},"modified":"1970-01-01T00:00:00","modified_gmt":"1969-12-31T23:00:00","slug":"szaklabor-1-biologus-msc","status":"publish","type":"page","link":"https:\/\/univet.hu\/hu\/oktatas\/kurzusok\/szaklabor-1-biologus-msc\/","title":{"rendered":"Szaklabor 1- biol\u00f3gus MSc"},"content":{"rendered":"<p>A tant\u00e1rgy c\u00e9lja a hallgat\u00f3k gyakorlati felk\u00e9sz\u00edt\u00e9se a kutat\u00e1s tervez\u00e9s\u00e9ben, az eredm\u00e9nyek \u00edr\u00e1sos \u00e9s sz\u00f3beli k\u00f6zl\u00e9s\u00e9hez a szakdolgozati kutat\u00f3munk\u00e1hoz kapcsol\u00f3dva. A t\u00e1rgy h\u00e1rom szemeszteren \u00e1t (MSc 2,3,4), a szakdolgozati kutat\u00f3munk\u00e1ra \u00e9p\u00edtve seg\u00edti a hallgat\u00f3kat elm\u00e9leti ismereteik gyakorlati felhaszn\u00e1l\u00e1s\u00e1t. <br \/>Kutat\u00e1stervez\u00e9s a gyakorlatban. A Kutat\u00e1s tervez\u00e9s kurzus anyag\u00e1ra \u00e9p\u00edtve a hallgat\u00f3kkal megvitatjuk szakdolgozati kutat\u00f3munk\u00e1juk k\u00e9rd\u00e9seit, hipot\u00e9ziseit. A szemeszter m\u00e1sodik fel\u00e9ben a hallgat\u00f3k el\u0151ad\u00e1s form\u00e1j\u00e1ban ismertetik kutat\u00e1si terv\u00fcket. <br \/>Kutat\u00e1si m\u00f3dszerek. A Speci\u00e1lis vizsg\u00e1l\u00f3 m\u00f3dszerek kurzus anyag\u00e1ra \u00e9p\u00edtve a hallgat\u00f3kkal megvitatjuk kutat\u00f3munk\u00e1juk metodik\u00e1j\u00e1t. A szemeszter m\u00e1sodik fel\u00e9ben a hallgat\u00f3k el\u0151ad\u00e1s form\u00e1j\u00e1ban ismertetik kutat\u00f3munk\u00e1juk hipot\u00e9zis\u00e9t, \u00e9s annak ellen\u0151rz\u00e9si m\u00f3dj\u00e1t.<\/p> <p>K\u00f6telez\u0151 \u00e9s aj\u00e1nlott irodalom:<br \/>Az adott hallgat\u00f3i t\u00e9m\u00e1hoz kapcsol\u00f3d\u00f3 szakcikkek \u00e9s a v\u00e1lasztott t\u00e9ma t\u00e1gabb irodalma.<\/p><\/p>","protected":false},"excerpt":{"rendered":"<p>A tant\u00e1rgy c\u00e9lja a hallgat\u00f3k gyakorlati felk\u00e9sz\u00edt\u00e9se a kutat\u00e1s tervez\u00e9s\u00e9ben, az eredm\u00e9nyek \u00edr\u00e1sos \u00e9s sz\u00f3beli k\u00f6zl\u00e9s\u00e9hez a szakdolgozati kutat\u00f3munk\u00e1hoz kapcsol\u00f3dva. A t\u00e1rgy h\u00e1rom szemeszteren \u00e1t (MSc 2,3,4), a szakdolgozati kutat\u00f3munk\u00e1ra \u00e9p\u00edtve seg\u00edti a hallgat\u00f3kat elm\u00e9leti ismereteik gyakorlati felhaszn\u00e1l\u00e1s\u00e1t. Kutat\u00e1stervez\u00e9s a gyakorlatban. A Kutat\u00e1s tervez\u00e9s kurzus anyag\u00e1ra \u00e9p\u00edtve a hallgat\u00f3kkal megvitatjuk szakdolgozati kutat\u00f3munk\u00e1juk k\u00e9rd\u00e9seit, hipot\u00e9ziseit. A<\/p>\n","protected":false},"author":3837,"featured_media":0,"parent":677,"menu_order":115,"comment_status":"closed","ping_status":"closed","template":"","meta":{"_acf_changed":false,"footnotes":""},"categories":[],"tags":[],"class_list":["post-16037","page","type-page","status-publish","hentry"],"acf":[],"_links":{"self":[{"href":"https:\/\/univet.hu\/hu\/wp-json\/wp\/v2\/pages\/16037","targetHints":{"allow":["GET"]}}],"collection":[{"href":"https:\/\/univet.hu\/hu\/wp-json\/wp\/v2\/pages"}],"about":[{"href":"https:\/\/univet.hu\/hu\/wp-json\/wp\/v2\/types\/page"}],"author":[{"embeddable":true,"href":"https:\/\/univet.hu\/hu\/wp-json\/wp\/v2\/users\/3837"}],"replies":[{"embeddable":true,"href":"https:\/\/univet.hu\/hu\/wp-json\/wp\/v2\/comments?post=16037"}],"version-history":[{"count":0,"href":"https:\/\/univet.hu\/hu\/wp-json\/wp\/v2\/pages\/16037\/revisions"}],"up":[{"embeddable":true,"href":"https:\/\/univet.hu\/hu\/wp-json\/wp\/v2\/pages\/677"}],"wp:attachment":[{"href":"https:\/\/univet.hu\/hu\/wp-json\/wp\/v2\/media?parent=16037"}],"wp:term":[{"taxonomy":"category","embeddable":true,"href":"https:\/\/univet.hu\/hu\/wp-json\/wp\/v2\/categories?post=16037"},{"taxonomy":"post_tag","embeddable":true,"href":"https:\/\/univet.hu\/hu\/wp-json\/wp\/v2\/tags?post=16037"}],"curies":[{"name":"wp","href":"https:\/\/api.w.org\/{rel}","templated":true}]}}